{"id":47336,"date":"2023-09-25T10:16:22","date_gmt":"2023-09-25T07:16:22","guid":{"rendered":"https:\/\/hiiumaa.ee\/transport-2\/"},"modified":"2025-10-17T12:39:28","modified_gmt":"2025-10-17T09:39:28","slug":"liikenneyhteydet","status":"publish","type":"page","link":"https:\/\/hiiumaa.ee\/fi\/liikenneyhteydet\/","title":{"rendered":"Liikenneyhteydet"},"content":{"rendered":"\n<h1>\n\t\t\t\t<\/h1>\n\t\n\n\t<h3><b>Kuinka Hiidenmaalle p\u00e4\u00e4see?<\/b><\/h3>\n<p>Yleisin tapa omalla autolla liikkuville on ostaa lauttalippu ja nousta laivaan Rohuk\u00fclan satamasta. Jos paratiisisaarelle on kiire, Tallinnasta p\u00e4\u00e4see Hiidenmaalle puolessa tunnissa lent\u00e4en. Hiidenmaan satamat puolestaan toivottavat vierasveneilij\u00e4t yst\u00e4v\u00e4llisesti tervetulleiksi\u200b\u200b. Kunnon talvina mantereen ja saaren v\u00e4lille avataan Euroopan pisin j\u00e4\u00e4tie.<\/p>\n\t\t\t\t\t<a href=\"#\"  id=\"fl-accordion--label-0\" tabindex=\"0\" aria-controls=\"fl-accordion--panel-0\">Lautalla mantereelta ja Saarenmaalta<\/a>\n\t\t\t\t\t\t\t\t\t\t\t<a href=\"#\" id=\"fl-accordion--icon-0\"  tabindex=\"0\"><i title=\"Expand\">Expand<\/i><\/a>\n\t\t\t\t\t<p>Matkailijoita kuljettavat mantereelta Rohuk\u00fclan satamasta saarelle lautat Tiiu ja Leiger, jotka on nimetty paikallisten legendojen mukaan. Saarenmaalta Triigin satamasta p\u00e4\u00e4see Soela-lautalla Hiidenmaalle S\u00f5ruun. Talvella lautta-aikataulu on harvahko, kes\u00e4ll\u00e4 tihe\u00e4mpi. Suurtapahtumia varten j\u00e4rjestet\u00e4\u00e4n lis\u00e4kuljetuksia.<\/p>\n<a href=\"https:\/\/www.praamid.ee\/wp\/hiiumaa-liini-graafik\/\" target=\"_blank\" rel=\"noopener\">Rohuk\u00fcla-Heltermaa ajoaikataulu<\/a><br \/>\n<a href=\"https:\/\/www.praamid.ee\/cp\/#\/trip\/?direction=RH\" target=\"_blank\" rel=\"noopener\">Rohuk\u00fcla-Heltermaa e-liput<\/a><br \/>\n<a href=\"https:\/\/veeteed.com\/#\/en\/\" target=\"_blank\" rel=\"noopener\">Triigi-S\u00f5ru e-liput<\/a>\n<p><a href=\"https:\/\/hiiumaa.ee\/wp-content\/uploads\/2022\/06\/Praam-1.jpg\"><img loading=\"lazy\" decoding=\"async\" src=\"https:\/\/hiiumaa.ee\/wp-content\/uploads\/2022\/06\/Praam-1-1024x576.jpg\" sizes=\"auto, (max-width: 1024px) 100vw, 1024px\" srcset=\"https:\/\/hiiumaa.ee\/wp-content\/uploads\/2022\/06\/Praam-1-1024x576.jpg 1024w, https:\/\/hiiumaa.ee\/wp-content\/uploads\/2022\/06\/Praam-1-300x169.jpg 300w, https:\/\/hiiumaa.ee\/wp-content\/uploads\/2022\/06\/Praam-1-768x432.jpg 768w, https:\/\/hiiumaa.ee\/wp-content\/uploads\/2022\/06\/Praam-1-1536x863.jpg 1536w, https:\/\/hiiumaa.ee\/wp-content\/uploads\/2022\/06\/Praam-1.jpg 2048w\" alt=\"\" width=\"1024\" height=\"576\" \/><\/a><\/p>\n\t\t\t\t\t<a href=\"#\"  id=\"fl-accordion--label-1\" tabindex=\"0\" aria-controls=\"fl-accordion--panel-1\">Lentokoneella Tallinnasta<\/a>\n\t\t\t\t\t\t\t\t\t\t\t<a href=\"#\" id=\"fl-accordion--icon-1\"  tabindex=\"0\"><i title=\"Expand\">Expand<\/i><\/a>\n\t\t\t\t\t<p>Hiidenmaalle p\u00e4\u00e4see lent\u00e4en Tallinnasta K\u00e4rdlan lentokent\u00e4lle. Lennot l\u00e4htev\u00e4t p\u00e4ivitt\u00e4in, kahdesti p\u00e4iv\u00e4ss\u00e4 arkisin ja kerran viikonloppuisin. 33-paikkainen potkuriturbiinikone Saab 340A lent\u00e4\u00e4 Tallinnasta K\u00e4rdlaan 30 minuutissa.<\/p>\n<p>Lentoyhteys on ainoa tapa p\u00e4\u00e4st\u00e4 Hiidenmaalle, kun merivesi on matalalla tai j\u00e4\u00e4olot vaikeat.<\/p>\n<p>Jos sinulla sattuu olemaan oma lentokone, niin tervetuloa vaan! Lentokent\u00e4n vieress\u00e4 on Roograhun satama ja ravintola, josta saa sek\u00e4 sapuskaa ett\u00e4 hyvi\u00e4 ohjeita jatkotoimia varten.<\/p>\n<a href=\"https:\/\/flynyx.com\/?___store=fi&amp;___from_store=en\" target=\"_blank\" rel=\"noopener\">Lippujen osto ja varaus<\/a><br \/>\n<a href=\"https:\/\/kardla.tallinn-airport.ee\/\" target=\"_blank\" rel=\"noopener\">K\u00e4rdlan lentoasema<\/a><br \/>\n<a href=\"http:\/\/www.tallinn-airport.ee\/\" target=\"_blank\" rel=\"noopener\">Tallinnan lentoasema<\/a>\n\t\t\t\t\t<a href=\"#\"  id=\"fl-accordion--label-2\" tabindex=\"0\" aria-controls=\"fl-accordion--panel-2\">Linja-autolla<\/a>\n\t\t\t\t\t\t\t\t\t\t\t<a href=\"#\" id=\"fl-accordion--icon-2\"  tabindex=\"0\"><i title=\"Expand\">Expand<\/i><\/a>\n\t\t\t\t\t<p><strong>Hiidenmaalla liikkuu ainakin kolmenlaisia \u200b\u200bbusseja:<\/strong><\/p>\n<p>&#8211; ne, joissa voi jutella paikallisten kanssa eli maakunnan omat linjat<\/p>\n<p>&#8211; ne, jotka tulevat lautalta eli kaukoliikenteen linja-autot<\/p>\n<p>&#8211; ne, joissa on vain yksi hiidenmaalainen, joka kertoo muille Hiidenmaasta eli turistibussit<\/p>\n<p><strong>Pitk\u00e4n matkan bussit:<\/strong><\/p>\n<ul>\n<li>GoBus (Tallinn-K\u00e4rdla, Tallinn-K\u00e4rdla-Luidja) &#8211;\u00a0<a href=\"https:\/\/kaugliinid.pilet.ee\/\" target=\"_blank\" rel=\"noopener\">osta liput t\u00e4\u00e4lt\u00e4<\/a><\/li>\n<li>LuxExpress (Tallinn-K\u00e4ina-K\u00e4rdla) &#8211;\u00a0<a href=\"https:\/\/luxexpress.eu\/en\/routes\/tallinn-kardla\/\" target=\"_blank\" rel=\"noopener\">osta liput t\u00e4\u00e4lt\u00e4<\/a><\/li>\n<\/ul>\n<a href=\"http:\/\/peatus.ee\/\" target=\"_blank\" rel=\"noopener\">Aikataulut<\/a>\n<p><a href=\"https:\/\/vald.hiiumaa.ee\/elukeskkond-transport-ehitus\/transport-teed-ja-liiklus\/uhistransport-ja-uhendused\" target=\"_blank\" rel=\"noopener\">Lis\u00e4tietoa bussireiteist\u00e4 (viroksi)<\/a><\/p>\n<p><img loading=\"lazy\" decoding=\"async\" src=\"https:\/\/hiiumaa.ee\/wp-content\/uploads\/2022\/06\/suur-buss-kuljelt-ja-vaike-eest-1.jpg\" sizes=\"auto, (max-width: 1000px) 100vw, 1000px\" srcset=\"https:\/\/hiiumaa.ee\/wp-content\/uploads\/2022\/06\/suur-buss-kuljelt-ja-vaike-eest-1.jpg 1000w, https:\/\/hiiumaa.ee\/wp-content\/uploads\/2022\/06\/suur-buss-kuljelt-ja-vaike-eest-1-300x171.jpg 300w, https:\/\/hiiumaa.ee\/wp-content\/uploads\/2022\/06\/suur-buss-kuljelt-ja-vaike-eest-1-768x437.jpg 768w\" alt=\"\" width=\"1000\" height=\"569\" \/><\/p>\n\t\t\t\t\t<a href=\"#\"  id=\"fl-accordion--label-3\" tabindex=\"0\" aria-controls=\"fl-accordion--panel-3\">Pienveneell\u00e4<\/a>\n\t\t\t\t\t\t\t\t\t\t\t<a href=\"#\" id=\"fl-accordion--icon-3\"  tabindex=\"0\"><i title=\"Expand\">Expand<\/i><\/a>\n<p>Hiidenmaalle kannattaa tulla omalla moottori- tai purjeveneell\u00e4. My\u00f6s surffilauta k\u00e4y, jos ei pelk\u00e4\u00e4 kastumista. Kovassa aallokossa voit kastua veneess\u00e4kin. Omalla paatilla voi liikkua milloin haluaa, ja olla liikkumatta, jos ei halua.<\/p>\n<p>Hiidenmaalla on useita satamia, mutta tutustu ensin huolellisesti merikarttaan ja soita satamap\u00e4\u00e4llik\u00f6lle, riitt\u00e4\u00e4k\u00f6 v\u00e4yl\u00e4n syvyys veneellesi. Joku paikka aina l\u00f6ydet\u00e4\u00e4n eik\u00e4 merelle j\u00e4tet\u00e4 ket\u00e4\u00e4n.<\/p>\n<a href=\"https:\/\/hiiumaasadamad.ee\/\" target=\"_blank\" rel=\"noopener\">K\u00e4rdla, S\u00f5ru, Orjaku, Kalana<\/a><br \/>\n<a href=\"http:\/\/www.roograhu.ee\/\" target=\"_blank\" rel=\"noopener\">Roograhu<\/a>\n\t\t\t\t\t<a href=\"#\"  id=\"fl-accordion--label-4\" tabindex=\"0\" aria-controls=\"fl-accordion--panel-4\">Hiidenmaan taksi<\/a>\n\t\t\t\t\t\t\t\t\t\t\t<a href=\"#\" id=\"fl-accordion--icon-4\"  tabindex=\"0\"><i title=\"Expand\">Expand<\/i><\/a>\n<p>Hiidenmaalla saa taksipalveluita, mutta isojen juhlien aikaan tilaamista ei kannata j\u00e4tt\u00e4\u00e4 viime tippaan.<\/p>\n<p>Taksiyritt\u00e4j\u00e4t:<\/p>\n<p>FIE Jaanus Jesmin: +372 5112225<\/p>\n<p>FIE Meelis Telvik: +372 5176136<\/p>\n\t\t\t\t\t<a href=\"#\"  id=\"fl-accordion--label-5\" tabindex=\"0\" aria-controls=\"fl-accordion--panel-5\">Matkailuautolla<\/a>\n\t\t\t\t\t\t\t\t\t\t\t<a href=\"#\" id=\"fl-accordion--icon-5\"  tabindex=\"0\"><i title=\"Expand\">Expand<\/i><\/a>\n<p>Matkailuautolla tai asuntovaunun kanssa Hiidenmaalle saapuminen on helppoa ja k\u00e4tev\u00e4\u00e4, sill\u00e4 saarella on useita karavaanialueita: K\u00e4rdlan satamassa, S\u00f5run satamassa ja Orjakun satamassa.<\/p>\n\t\t\t\t\t<a href=\"#\"  id=\"fl-accordion--label-6\" tabindex=\"0\" aria-controls=\"fl-accordion--panel-6\">Vuokra: auto, py\u00f6r\u00e4, rattaat<\/a>\n\t\t\t\t\t\t\t\t\t\t\t<a href=\"#\" id=\"fl-accordion--icon-6\"  tabindex=\"0\"><i title=\"Expand\">Expand<\/i><\/a>\n<p>Jos et omista lomalla tarvittavia varusteita tai ne eiv\u00e4t mahdu matkatavaroihin, voit vuokrata tarvitsemasi paikan p\u00e4\u00e4lt\u00e4.<\/p>\n<p>Seikkailulla tai retkell\u00e4 paikallisen oppaan kanssa tarvittavat varusteet sis\u00e4ltyv\u00e4t yleens\u00e4 jo palveluun. Esimerkiksi ratsastusretkien j\u00e4rjest\u00e4j\u00e4 auttaa valitsemaan sopivan hevosen, ja hylkeit\u00e4 t\u00e4hyilem\u00e4\u00e4n viev\u00e4ss\u00e4 veneess\u00e4 on kuljettajakin valmiiksi mukana.<\/p>\n<p>Omatoimisesti l\u00f6yt\u00f6retkeilev\u00e4t voivat vuokrata erilaisia ajoneuvoja ja v\u00e4lineit\u00e4.<\/p>\n<p><a href=\"https:\/\/hiiumaa.ee\/fi\/palvelut\">Vuokrauspalvelut<\/a><\/p>\n\t\t\t\t\t<a href=\"#\"  id=\"fl-accordion--label-7\" tabindex=\"0\" aria-controls=\"fl-accordion--panel-7\">Huoltoasemia ja s\u00e4hk\u00f6autojen latauspisteit\u00e4<\/a>\n\t\t\t\t\t\t\t\t\t\t\t<a href=\"#\" id=\"fl-accordion--icon-7\"  tabindex=\"0\"><i title=\"Expand\">Expand<\/i><\/a>\n\t\t\t\t\t<p><strong>Huoltoasemia<\/strong><\/p>\n<ul>\n<li data-tooltip=\"Olerex K\u00e4rdla\" aria-label=\"Olerex K\u00e4rdla\">Olerex K\u00e4rdla<\/li>\n<li data-tooltip=\"Olerex K\u00e4rdla\" aria-label=\"Olerex K\u00e4rdla\">Olerex K\u00e4ina<\/li>\n<li data-tooltip=\"Olerex K\u00e4rdla\" aria-label=\"Olerex K\u00e4rdla\">Alexela Emmaste tankla<\/li>\n<li data-tooltip=\"Olerex K\u00e4rdla\" aria-label=\"Olerex K\u00e4rdla\">Jetoil K\u00e4ina<\/li>\n<li data-tooltip=\"Olerex K\u00e4rdla\" aria-label=\"Olerex K\u00e4rdla\">Jetoil K\u00e4rdla<\/li>\n<li data-tooltip=\"Olerex K\u00e4rdla\" aria-label=\"Olerex K\u00e4rdla\">Jetoil K\u00f5rgessaare<\/li>\n<li data-tooltip=\"Olerex K\u00e4rdla\" aria-label=\"Olerex K\u00e4rdla\">Neste Oil<\/li>\n<\/ul>\n<p>S\u00e4hk\u00f6autojen latauspisteit\u00e4<\/p>\n<ul>\n<li data-tooltip=\"Enefit VOLT 39060 Charging Station\" aria-label=\"Enefit VOLT 39060 Charging Station\">K\u00e4rdla Enefit VOLT 39060 Charging Station<\/li>\n<li data-tooltip=\"Enefit VOLT 39060 Charging Station\" aria-label=\"Enefit VOLT 39060 Charging Station\">K\u00e4ina Enefit VOLT 39057 Charging Station<\/li>\n<li data-tooltip=\"Enefit VOLT 39060 Charging Station\" aria-label=\"Enefit VOLT 39060 Charging Station\">Emmaste Enefit VOLT 39056 Charging Station<\/li>\n<li data-tooltip=\"Enefit VOLT 39060 Charging Station\" aria-label=\"Enefit VOLT 39060 Charging Station\">Heltermaa Enefit VOLT 39059 Charging Station<\/li>\n<\/ul>\n<p><a href=\"https:\/\/www.google.com\/maps\/d\/u\/0\/viewer?mid=1MdcX88rcbJVPsGWkFGpwmdhww1xDgW3_&amp;femb=1&amp;ll=58.99445350000001%2C22.72250979999999&amp;z=11\" target=\"_blank\" rel=\"noopener\">Tanklate ja elektriautode laadimiskohtade kaart<\/a><\/p>\n\n","protected":false},"excerpt":{"rendered":"<p>Kuinka Hiidenmaalle p\u00e4\u00e4see? Yleisin tapa omalla autolla liikkuville on ostaa lauttalippu ja nousta laivaan Rohuk\u00fclan satamasta. Jos paratiisisaarelle on kiire, Tallinnasta p\u00e4\u00e4see Hiidenmaalle puolessa tunnissa lent\u00e4en. Hiidenmaan satamat puolestaan toivottavat&hellip;<\/p>\n","protected":false},"author":11,"featured_media":27232,"parent":0,"menu_order":0,"comment_status":"closed","ping_status":"closed","template":"","meta":{"_acf_changed":false,"_relevanssi_hide_post":"","_relevanssi_hide_content":"","_relevanssi_pin_for_all":"","_relevanssi_pin_keywords":"","_relevanssi_unpin_keywords":"","_relevanssi_related_keywords":"","_relevanssi_related_include_ids":"","_relevanssi_related_exclude_ids":"","_relevanssi_related_no_append":"","_relevanssi_related_not_related":"","_relevanssi_related_posts":"","_relevanssi_noindex_reason":"","inline_featured_image":false,"footnotes":""},"class_list":["post-47336","page","type-page","status-publish","has-post-thumbnail","hentry"],"acf":[],"_links":{"self":[{"href":"https:\/\/hiiumaa.ee\/fi\/wp-json\/wp\/v2\/pages\/47336","targetHints":{"allow":["GET"]}}],"collection":[{"href":"https:\/\/hiiumaa.ee\/fi\/wp-json\/wp\/v2\/pages"}],"about":[{"href":"https:\/\/hiiumaa.ee\/fi\/wp-json\/wp\/v2\/types\/page"}],"author":[{"embeddable":true,"href":"https:\/\/hiiumaa.ee\/fi\/wp-json\/wp\/v2\/users\/11"}],"replies":[{"embeddable":true,"href":"https:\/\/hiiumaa.ee\/fi\/wp-json\/wp\/v2\/comments?post=47336"}],"version-history":[{"count":16,"href":"https:\/\/hiiumaa.ee\/fi\/wp-json\/wp\/v2\/pages\/47336\/revisions"}],"predecessor-version":[{"id":103063,"href":"https:\/\/hiiumaa.ee\/fi\/wp-json\/wp\/v2\/pages\/47336\/revisions\/103063"}],"wp:featuredmedia":[{"embeddable":true,"href":"https:\/\/hiiumaa.ee\/fi\/wp-json\/wp\/v2\/media\/27232"}],"wp:attachment":[{"href":"https:\/\/hiiumaa.ee\/fi\/wp-json\/wp\/v2\/media?parent=47336"}],"curies":[{"name":"wp","href":"https:\/\/api.w.org\/{rel}","templated":true}]}}