{"id":47286,"date":"2023-09-25T09:27:16","date_gmt":"2023-09-25T06:27:16","guid":{"rendered":"https:\/\/hiiumaa.ee\/praktiline-info\/"},"modified":"2025-07-28T13:07:13","modified_gmt":"2025-07-28T10:07:13","slug":"hyva-tietaa","status":"publish","type":"page","link":"https:\/\/hiiumaa.ee\/fi\/hyva-tietaa\/","title":{"rendered":"Hyv\u00e4 tiet\u00e4\u00e4"},"content":{"rendered":"\n<h1>\n\t\t\t\t<\/h1>\n\t\n\n\t\t\t\t\t<a href=\"#\"  id=\"fl-accordion--label-0\" tabindex=\"0\" aria-controls=\"fl-accordion--panel-0\">Ensiapu<\/a>\n\t\t\t\t\t\t\t\t\t\t\t<a href=\"#\" id=\"fl-accordion--icon-0\"  tabindex=\"0\"><i title=\"Expand\">Expand<\/i><\/a>\n<p>Akuuttiin terveysongelmaan saa apua Hiidenmaan sairaalan p\u00e4ivystyksest\u00e4 (Rahu tn. 2, K\u00e4rdla). Jos tarvitset pikaista hammashoitoa, ota yhteytt\u00e4 Hiidenmaan sairaalan p\u00e4ivystykseen.<\/p>\n<p><strong>Apteekit Hiidenmaalla<\/strong><\/p>\n<ul>\n<li>K\u00e4rdla Apteek Apotheka (<a href=\"https:\/\/maps.app.goo.gl\/JpDRfv914kRfJPjZ8\" target=\"_blank\" rel=\"noopener\">Uus 3, K\u00e4rdla<\/a>; +372 463 2166)<\/li>\n<li>Linnum\u00e4e Apteek Benu (<a href=\"https:\/\/maps.app.goo.gl\/1wJG1CqbaCPk1kP5A\" target=\"_blank\" rel=\"noopener\">K\u00e4rdla Selver, Rehem\u00e4e, Linnum\u00e4e<\/a>; +372 462 2940)<\/li>\n<li>K\u00e4ina Apteek Apotheka (<a href=\"https:\/\/maps.app.goo.gl\/U8ZEc5HtbG4i634t5\" target=\"_blank\" rel=\"noopener\">Spordi 9, K\u00e4ina<\/a>; +372 463 6154)<\/li>\n<\/ul>\n<p><strong>Hiidenmaan sairaala<\/strong>, os. Rahu 2, K\u00e4rdla, +372 462 2795 (24h)<\/p>\n<p><strong>H\u00e4t\u00e4numero<\/strong>\u00a0112<\/p>\n<p><strong>Hiidenmaan el\u00e4inklinikka<\/strong>, +372 5670 6709<\/p>\n<p><strong>El\u00e4inl\u00e4\u00e4k\u00e4ri Ly Kokla<\/strong>, +372 522 8920<\/p>\n<p><strong>Loomaarst Ly Kokla<\/strong>\u00a0+372 522 8920<\/p>\n\t\t\t\t\t<a href=\"#\"  id=\"fl-accordion--label-1\" tabindex=\"0\" aria-controls=\"fl-accordion--panel-1\">J\u00e4tteet<\/a>\n\t\t\t\t\t\t\t\t\t\t\t<a href=\"#\" id=\"fl-accordion--icon-1\"  tabindex=\"0\"><i title=\"Expand\">Expand<\/i><\/a>\n\t\t\t\t\t<p>Hiidenmaalla on hyv\u00e4t mahdollisuudet j\u00e4tteiden lajitteluun sek\u00e4 saaren vakituisille asukkaille ett\u00e4 ulkopaikkakuntalaisille. Jokaisessa isommassa taajamassa on j\u00e4teasema, johon j\u00e4tteit\u00e4 voi vied\u00e4 ilmaiseksi.<\/p>\n<p>Lomamatkailijat voivat laittaa roskiaan j\u00e4teastioihin my\u00f6s majoituspaikoissa, vaellusreittien taukopaikoilla ja turistikohteissa.<\/p>\n<p><a href=\"https:\/\/hiiumaa.ee\/wp-content\/uploads\/2022\/05\/article.png\"><img loading=\"lazy\" decoding=\"async\" src=\"https:\/\/hiiumaa.ee\/wp-content\/uploads\/2022\/05\/article.png\" sizes=\"auto, (max-width: 402px) 100vw, 402px\" srcset=\"https:\/\/hiiumaa.ee\/wp-content\/uploads\/2022\/05\/article.png 541w, https:\/\/hiiumaa.ee\/wp-content\/uploads\/2022\/05\/article-229x300.png 229w\" alt=\"\" width=\"402\" height=\"527\" \/><\/a><\/p>\n<p>&nbsp;<\/p>\n<p><b>Oransseja ennakolta maksettuja 25 litran roskapusseja saa hintaan 1,70 \u20ac Coop-osuuskaupan myym\u00e4l\u00f6ist\u00e4, lautoilta, R-kioskista, K\u00f5pun majakasta ja Tuuletorn-el\u00e4myskeskuksesta.<\/b><\/p>\n<p><a href=\"https:\/\/hiiumaa.ee\/wp-content\/uploads\/2022\/05\/pru%CC%88gikotid.png\"><img loading=\"lazy\" decoding=\"async\" src=\"https:\/\/hiiumaa.ee\/wp-content\/uploads\/2022\/05\/pru%CC%88gikotid.png\" sizes=\"auto, (max-width: 336px) 100vw, 336px\" srcset=\"https:\/\/hiiumaa.ee\/wp-content\/uploads\/2022\/05\/pru\u0308gikotid.png 650w, https:\/\/hiiumaa.ee\/wp-content\/uploads\/2022\/05\/pru\u0308gikotid-300x200.png 300w\" alt=\"\" width=\"336\" height=\"224\" \/><\/a><\/p>\n<p>Sekaj\u00e4te voidaan toimittaa ennakkoon maksetulla pussilla.<\/p>\n<p><a href=\"https:\/\/maps.app.goo.gl\/nkcjW9DmDkTs1aS19\" target=\"_blank\" rel=\"noopener\">Emmaste &#8211; Ollima<\/a><\/p>\n<p><a href=\"https:\/\/maps.app.goo.gl\/iUUPPiUM12DdQ6a48\" target=\"_blank\" rel=\"noopener\">K\u00e4ina &#8211; M\u00e4e plats<\/a><\/p>\n<p><a href=\"https:\/\/maps.app.goo.gl\/h6zLDgZsZJ8pVLfh9\" target=\"_blank\" rel=\"noopener\">K\u00f5rgessaare &#8211; VAK T\u00f6\u00f6stuse tee<\/a><\/p>\n<p><a href=\"https:\/\/maps.app.goo.gl\/ddKRtNKQERymYPkk7\" target=\"_blank\" rel=\"noopener\">K\u00e4rdla &#8211; Leigri v\u00e4ljak<\/a><\/p>\n<p><a href=\"https:\/\/maps.app.goo.gl\/rVnVJNX5qb3ChV1o6\" target=\"_blank\" rel=\"noopener\">P\u00fchalepa &#8211; Suurem\u00f5isa<\/a><\/p>\n<p>Hiidenmaan j\u00e4teasema Ristiv\u00e4ljan kyl\u00e4ss\u00e4, aukioloajat ma-pe 9-17 ja la 10-14.<\/p>\n\t\t\t\t\t<a href=\"#\"  id=\"fl-accordion--label-2\" tabindex=\"0\" aria-controls=\"fl-accordion--panel-2\">Matkaoppaat<\/a>\n\t\t\t\t\t\t\t\t\t\t\t<a href=\"#\" id=\"fl-accordion--icon-2\"  tabindex=\"0\"><i title=\"Expand\">Expand<\/i><\/a>\n<p><strong>Ene Tisler:<\/strong>\u00a05272005, enetisler@gmail.com, EST, ENG<\/p>\n<p><strong>Helgi P\u00f5llo:<\/strong>\u00a05284401, helgipollo@gmail.com, EST, FIN, ENG, RUS<\/p>\n<p><strong>Inna Lepik:<\/strong>\u00a056475772, innalepik@gmail.com, EST<\/p>\n<p><strong>Kristi Ugam:<\/strong>\u00a056654859, kristi.ugam@gmail.com, EST, ENG, NLD<\/p>\n<p><strong>Lea Tamj\u00e4rv:<\/strong>\u00a05176290, tamjarvlea@gmail.com, EST<\/p>\n<p><strong>Lea Vaher Lundin:<\/strong>\u00a05646 2929, lea.vaher.lundin@gmail.com, EST, SWE<\/p>\n<p><strong>Lili K\u00e4\u00e4r:<\/strong>\u00a053401207, lili.k22r@gmail.com, EST, ENG, RUS<\/p>\n<p><strong>Madis Roosimaa:<\/strong>\u00a056220036, madis036@hot.ee, EST<\/p>\n<p><strong>Mari Orgusaar:<\/strong>\u00a056825998, morgusaar@gmail.com, EST, SWE, ENG<\/p>\n<p><strong>Marju Lippur:<\/strong>\u00a056668384, marjulippur@gmail.com, EST<\/p>\n<p><strong>Mati Lepna:<\/strong>\u00a05295562, mattiashiiumaal@gmail.com, EST, FIN<\/p>\n<p><strong>Sirje Heinma:<\/strong> 56605743, sirjeh@hiig.edu.ee, EST, RUS<\/p>\n<p><strong>Tiiu Heldema:<\/strong>\u00a05265632, tiiuheldema@gmail.com, EST, FIN<\/p>\n<p><strong>Tiiu Metsar:<\/strong>\u00a05033675, tiiu.metsar@mail.ee, EST<\/p>\n<p><strong>Urmas Selirand:<\/strong>\u00a05083648, urmas.esimene@mail.ee, EST, FIN, ENG, RUS<\/p>\n<p><strong>Urve Vaher:<\/strong>\u00a051905846, urvemaxi@gmail.com, EST<\/p>\n<p><strong>Viktor R\u00f5bt\u0161enko:<\/strong>\u00a056474141, viktorrobt@hot.ee, EST, RUS<\/p>\n\t\t\t\t\t<a href=\"#\"  id=\"fl-accordion--label-3\" tabindex=\"0\" aria-controls=\"fl-accordion--panel-3\">Pankit ja pankkiautomaatit<\/a>\n\t\t\t\t\t\t\t\t\t\t\t<a href=\"#\" id=\"fl-accordion--icon-3\"  tabindex=\"0\"><i title=\"Expand\">Expand<\/i><\/a>\n<p>Hiidenmaalla on vain yksi pankkikonttori, Swedbank K\u00e4rdlassa. Asiointia varten aika tulee varata etuk\u00e4teen. Pankkiautomaatteja on K\u00e4rdlan keskusaukiolla ja Selveriss\u00e4, muualla Hiidenmaalla K\u00e4inassa, K\u00f5rgessaaressa ja Emmastessa.<\/p>\n\t\t\t\t\t<a href=\"#\"  id=\"fl-accordion--label-4\" tabindex=\"0\" aria-controls=\"fl-accordion--panel-4\">Poliisi<\/a>\n\t\t\t\t\t\t\t\t\t\t\t<a href=\"#\" id=\"fl-accordion--icon-4\"  tabindex=\"0\"><i title=\"Expand\">Expand<\/i><\/a>\n<p>Hiidenmaan poliisiasema<\/p>\n<p>+372 440 1410<\/p>\n<p>Sadama 26, K\u00e4rdla 92411<\/p>\n<p>ma-pe 9-17<\/p>\n\t\t\t\t\t<a href=\"#\"  id=\"fl-accordion--label-5\" tabindex=\"0\" aria-controls=\"fl-accordion--panel-5\">Hiidenmaan karavaanialueet<\/a>\n\t\t\t\t\t\t\t\t\t\t\t<a href=\"#\" id=\"fl-accordion--icon-5\"  tabindex=\"0\"><i title=\"Expand\">Expand<\/i><\/a>\n<p>Kauniilla merenrannalla K\u00e4rdlan sataman alueella on hyvinvarusteltu karavaanialue, joka sopii my\u00f6s vaateliaalle matkailuauton tai asuntovaunun kanssa liikkuvalle. K\u00e4vij\u00e4 voi nauttia hilpe\u00e4st\u00e4 menosta satamassa, k\u00e4yd\u00e4 ravintoloissa tai rentoutua ja grillailla leirint\u00e4alueella. Satamarakennuksessa on peseytymistilat, ja halukkaat voivat varata my\u00f6s oman saunavuoron.<\/p>\n<p>Asuntovaunualue l\u00f6ytyy lis\u00e4ksi Orjakun satamasta ja S\u00f5run satamasta. Niiden lis\u00e4ksi karavaanareille tarjoavat pys\u00e4k\u00f6inti- ja taukopalveluja P\u00f5hja-Tooman loma-asunnot, Randm\u00e4en lomatila ja Ratturin maatila.<\/p>\n\t\t\t\t\t<a href=\"#\"  id=\"fl-accordion--label-6\" tabindex=\"0\" aria-controls=\"fl-accordion--panel-6\">Matkailuneuvonta<\/a>\n\t\t\t\t\t\t\t\t\t\t\t<a href=\"#\" id=\"fl-accordion--icon-6\"  tabindex=\"0\"><i title=\"Expand\">Expand<\/i><\/a>\n<p>Hiidenmaan matkailuneuvontapiste sijaitsee K\u00e4rdlan keskusaukiolla.<\/p>\n26.06-31.08:<br \/>\nti-la 10-16.30\n<p>Matkailutietoa saa my\u00f6s el\u00e4myskeskus Tuuletornista sek\u00e4 Orjakun ja K\u00e4rdlan satamista.<\/p>\n<p>Arkisin voi soittaa matkailuneuvonnan numeroon: +372 5045393 klo 10-16.30<\/p>\n<p>Yht\u00e4 hyvin voit jutella reippaasti paikallisten kanssa kadulla ja pyyt\u00e4\u00e4 apua. He eiv\u00e4t j\u00e4t\u00e4 sinua pulaan.<\/p>\n\t\t\t\t\t<a href=\"#\"  id=\"fl-accordion--label-7\" tabindex=\"0\" aria-controls=\"fl-accordion--panel-7\">T\u00e4rkeit\u00e4 puhelinnumeroita<\/a>\n\t\t\t\t\t\t\t\t\t\t\t<a href=\"#\" id=\"fl-accordion--icon-7\"  tabindex=\"0\"><i title=\"Expand\">Expand<\/i><\/a>\n<p>Ambulanssi, pelastus, poliisi 112<\/p>\n<p>Yleinen h\u00e4t\u00e4keskuksenneuvontanumero +372 600 1247<\/p>\n<p>Lautta mantereelta +372\u00a0 6181310<\/p>\n<p>Lautta Saarenmaalta +372 527 2974 tai +372 53441294<\/p>\n<p>Lentokone Tallinnasta +372 5885 6336 (24\/7)<\/p>\n<p>K\u00e4rdlan lentoasema +372 463 1381<\/p>\n<p>K\u00e4rdlan satama +372 5666 2514<\/p>\n<p>Rajavartiolaitos +372 440 1400<\/p>\n<p>Yleisl\u00e4\u00e4k\u00e4rin neuvontapuhelin +372 634 6630<\/p>\n<p>Tiepalvelu Autobi +3726979179<\/p>\n<p>Hinauspalvelu +372 5665 0886<\/p>\n<p>Haapsalun taksi +3724734200<\/p>\n<p>Kuressaaren taksi +3724530000<\/p>\n\t\t\t\t\t<a href=\"#\"  id=\"fl-accordion--label-8\" tabindex=\"0\" aria-controls=\"fl-accordion--panel-8\">10 suositusta k\u00e4vij\u00f6ille<\/a>\n\t\t\t\t\t\t\t\t\t\t\t<a href=\"#\" id=\"fl-accordion--icon-8\"  tabindex=\"0\"><i title=\"Expand\">Expand<\/i><\/a>\n\t\t\t\t\t<ol>\n<li>Suojele luontoa!<\/li>\n<li>\u00c4l\u00e4 heit\u00e4 roskia maahan vaan niille varattuun paikkaan (hotelleissa, leirint\u00e4alueella ja karavaanialueella roskakoriin). Lajiteltu j\u00e4te voidaan vied\u00e4 my\u00f6s julkisiin .<\/li>\n<li>Telttaile ja retkeile merkityill\u00e4 alueilla (RMK:n retkeily- ja leirint\u00e4alueet)<\/li>\n<li>Tee tuli sille varattuun paikkaan (RMK:n nuotiopaikat tai leirint\u00e4alue)<\/li>\n<li>Ota huomioon muut kulkijat.<\/li>\n<li>Juttele paikallisten kanssa l\u00f6yt\u00e4\u00e4ksesi saaren j\u00e4nnitt\u00e4vimm\u00e4t paikat!<\/li>\n<li>J\u00e4t\u00e4 palautetta k\u00e4ymiisi paikkoihin, jos huomaat, ett\u00e4 jokin on hoidettu hyvin tai voisi olla paremmin.<\/li>\n<li>Ikuista kauniit hetkesi Hiidenmaalla ja jaa kuvat kanssamme #VisitHiiumaa.<\/li>\n<li>Nauti paikallisesta ruuasta ja raaka-aineista!<\/li>\n<li>Nauti Hiidenmaasta!<\/li>\n<\/ol>\n\t\t\t\t\t<a href=\"#\"  id=\"fl-accordion--label-9\" tabindex=\"0\" aria-controls=\"fl-accordion--panel-9\">Kaupat<\/a>\n\t\t\t\t\t\t\t\t\t\t\t<a href=\"#\" id=\"fl-accordion--icon-9\"  tabindex=\"0\"><i title=\"Expand\">Expand<\/i><\/a>\n\t\t\t\t\t<p>Hiidenmaalla ei ole suuria kauppakeskuksia, mutta siell\u00e4 on mukavia pikkukauppoja, Kaubamaja ja ylip\u00e4\u00e4t\u00e4\u00e4n kaikkea mit\u00e4 tarvitset. Koko saaren kattaa Hiidenmaan kuluttajaosuuskunta Coopin myym\u00e4l\u00e4verkosto, jonka hyllyilt\u00e4 l\u00f6ytyy my\u00f6s paikallisia tuotteita. Selverin myym\u00e4l\u00e4 sijaitsee K\u00e4rdlan kaakkoislaidalla, ja Selverin myym\u00e4l\u00e4auto kiert\u00e4\u00e4 saarta kuutena p\u00e4iv\u00e4n\u00e4 viikossa. Voit seurata auton reitti\u00e4 reaaliajassa t\u00e4\u00e4lt\u00e4. Myym\u00e4l\u00e4auton infonumero on +372 56 296 300. K\u00e4rdlasta K\u00f5pun suuntaan ajettaessa on hyv\u00e4 tiet\u00e4\u00e4, ett\u00e4 viimeinen mahdollisuus ruokakaupassa pist\u00e4ytymiseen on K\u00f5rgessaaressa.<\/p>\n<h3><img loading=\"lazy\" decoding=\"async\" src=\"https:\/\/hiiumaa.ee\/wp-content\/uploads\/2022\/07\/Poed-Hiiumaal-1.png\" sizes=\"auto, (max-width: 1080px) 100vw, 1080px\" srcset=\"https:\/\/hiiumaa.ee\/wp-content\/uploads\/2022\/07\/Poed-Hiiumaal-1.png 1080w, https:\/\/hiiumaa.ee\/wp-content\/uploads\/2022\/07\/Poed-Hiiumaal-1-300x222.png 300w, https:\/\/hiiumaa.ee\/wp-content\/uploads\/2022\/07\/Poed-Hiiumaal-1-1024x759.png 1024w, https:\/\/hiiumaa.ee\/wp-content\/uploads\/2022\/07\/Poed-Hiiumaal-1-768x569.png 768w\" alt=\"\" width=\"1080\" height=\"800\" \/><\/h3>\n\n","protected":false},"excerpt":{"rendered":"<p>Ensiapu Expand Akuuttiin terveysongelmaan saa apua Hiidenmaan sairaalan p\u00e4ivystyksest\u00e4 (Rahu tn. 2, K\u00e4rdla). Jos tarvitset pikaista hammashoitoa, ota yhteytt\u00e4 Hiidenmaan sairaalan p\u00e4ivystykseen. Apteekit Hiidenmaalla K\u00e4rdla Apteek Apotheka (Uus 3, K\u00e4rdla;&hellip;<\/p>\n","protected":false},"author":11,"featured_media":22937,"parent":0,"menu_order":0,"comment_status":"closed","ping_status":"closed","template":"","meta":{"_acf_changed":false,"_relevanssi_hide_post":"","_relevanssi_hide_content":"","_relevanssi_pin_for_all":"","_relevanssi_pin_keywords":"","_relevanssi_unpin_keywords":"","_relevanssi_related_keywords":"","_relevanssi_related_include_ids":"","_relevanssi_related_exclude_ids":"","_relevanssi_related_no_append":"","_relevanssi_related_not_related":"","_relevanssi_related_posts":"","_relevanssi_noindex_reason":"","inline_featured_image":false,"footnotes":""},"class_list":["post-47286","page","type-page","status-publish","has-post-thumbnail","hentry"],"acf":[],"_links":{"self":[{"href":"https:\/\/hiiumaa.ee\/fi\/wp-json\/wp\/v2\/pages\/47286","targetHints":{"allow":["GET"]}}],"collection":[{"href":"https:\/\/hiiumaa.ee\/fi\/wp-json\/wp\/v2\/pages"}],"about":[{"href":"https:\/\/hiiumaa.ee\/fi\/wp-json\/wp\/v2\/types\/page"}],"author":[{"embeddable":true,"href":"https:\/\/hiiumaa.ee\/fi\/wp-json\/wp\/v2\/users\/11"}],"replies":[{"embeddable":true,"href":"https:\/\/hiiumaa.ee\/fi\/wp-json\/wp\/v2\/comments?post=47286"}],"version-history":[{"count":8,"href":"https:\/\/hiiumaa.ee\/fi\/wp-json\/wp\/v2\/pages\/47286\/revisions"}],"predecessor-version":[{"id":98042,"href":"https:\/\/hiiumaa.ee\/fi\/wp-json\/wp\/v2\/pages\/47286\/revisions\/98042"}],"wp:featuredmedia":[{"embeddable":true,"href":"https:\/\/hiiumaa.ee\/fi\/wp-json\/wp\/v2\/media\/22937"}],"wp:attachment":[{"href":"https:\/\/hiiumaa.ee\/fi\/wp-json\/wp\/v2\/media?parent=47286"}],"curies":[{"name":"wp","href":"https:\/\/api.w.org\/{rel}","templated":true}]}}