{"id":36188,"date":"2022-06-09T09:14:22","date_gmt":"2022-06-09T06:14:22","guid":{"rendered":"https:\/\/hiiumaa.ee\/kogupereseiklus\/"},"modified":"2023-05-09T14:51:51","modified_gmt":"2023-05-09T11:51:51","slug":"koko-perheen-seikkailuretket","status":"publish","type":"page","link":"https:\/\/hiiumaa.ee\/fi\/koko-perheen-seikkailuretket\/","title":{"rendered":"Koko perheen seikkailuretket"},"content":{"rendered":"\r\n<h1><\/h1>\r\n\r\n<p>Tegevuse t\u00fc\u00fcp<\/p>\r\n<h4>Objekti t\u00fc\u00fcp<\/h4>\r\n<fieldset><legend>Objekti t\u00fc\u00fcp<\/legend> <label>Objekti t\u00fc\u00fcp<select name=\"tuup\">\r\n<option value=\"\">K\u00f5ik<\/option>\r\n<option value=\"aktiivne-puhkus-ja-seiklus\">Aktiivne puhkus ja seiklus\u00a0(32)<\/option>\r\n<option value=\"elamussaunad\">Elamussaunad\u00a0(5)<\/option>\r\n<option value=\"kunsti-ja-kasitoo\">Kunsti ja k\u00e4sit\u00f6\u00f6\u00a0(2)<\/option>\r\n<option value=\"loodus\">Loodus\u00a0(7)<\/option>\r\n<\/select><\/label><\/fieldset>\r\n<p>Otsi tegevusi<\/p>\r\n<h4>Otsing<\/h4>\r\n<fieldset><legend>Otsing<\/legend> <label> Otsing <input autocomplete=\"off\" name=\"otsing\" type=\"search\" value=\"\" placeholder=\"Otsi asukoha, nimetuse &amp; m\u00e4rks\u00f5na j\u00e4rgi\" \/> <\/label><button hidden=\"\" type=\"button\">Clear<\/button><\/fieldset>\r\n<h4>T\u00fchista filtrid<\/h4>\r\n<p><button name=\"tuhista_filtrid\" type=\"button\">T\u00fchista filtrid<\/button><\/p>\r\n","protected":false},"excerpt":{"rendered":"<p>Tegevuse t\u00fc\u00fcp Objekti t\u00fc\u00fcp Objekti t\u00fc\u00fcp Objekti t\u00fc\u00fcpK\u00f5ikAktiivne puhkus ja seiklus\u00a0(32)Elamussaunad\u00a0(5)Kunsti ja k\u00e4sit\u00f6\u00f6\u00a0(2)Loodus\u00a0(7) Otsi tegevusi Otsing Otsing Otsing Clear T\u00fchista filtrid T\u00fchista filtrid<\/p>\n","protected":false},"author":6,"featured_media":27274,"parent":0,"menu_order":0,"comment_status":"closed","ping_status":"closed","template":"","meta":{"_acf_changed":false,"_relevanssi_hide_post":"","_relevanssi_hide_content":"","_relevanssi_pin_for_all":"","_relevanssi_pin_keywords":"","_relevanssi_unpin_keywords":"","_relevanssi_related_keywords":"","_relevanssi_related_include_ids":"","_relevanssi_related_exclude_ids":"","_relevanssi_related_no_append":"","_relevanssi_related_not_related":"","_relevanssi_related_posts":"","_relevanssi_noindex_reason":"","inline_featured_image":false,"footnotes":""},"class_list":["post-36188","page","type-page","status-publish","has-post-thumbnail","hentry"],"acf":[],"_links":{"self":[{"href":"https:\/\/hiiumaa.ee\/fi\/wp-json\/wp\/v2\/pages\/36188","targetHints":{"allow":["GET"]}}],"collection":[{"href":"https:\/\/hiiumaa.ee\/fi\/wp-json\/wp\/v2\/pages"}],"about":[{"href":"https:\/\/hiiumaa.ee\/fi\/wp-json\/wp\/v2\/types\/page"}],"author":[{"embeddable":true,"href":"https:\/\/hiiumaa.ee\/fi\/wp-json\/wp\/v2\/users\/6"}],"replies":[{"embeddable":true,"href":"https:\/\/hiiumaa.ee\/fi\/wp-json\/wp\/v2\/comments?post=36188"}],"version-history":[{"count":1,"href":"https:\/\/hiiumaa.ee\/fi\/wp-json\/wp\/v2\/pages\/36188\/revisions"}],"predecessor-version":[{"id":36189,"href":"https:\/\/hiiumaa.ee\/fi\/wp-json\/wp\/v2\/pages\/36188\/revisions\/36189"}],"wp:featuredmedia":[{"embeddable":true,"href":"https:\/\/hiiumaa.ee\/fi\/wp-json\/wp\/v2\/media\/27274"}],"wp:attachment":[{"href":"https:\/\/hiiumaa.ee\/fi\/wp-json\/wp\/v2\/media?parent=36188"}],"curies":[{"name":"wp","href":"https:\/\/api.w.org\/{rel}","templated":true}]}}