{"id":34720,"date":"2023-04-11T21:42:43","date_gmt":"2023-04-11T18:42:43","guid":{"rendered":"https:\/\/hiiumaa.ee\/?page_id=34720"},"modified":"2024-12-20T12:44:28","modified_gmt":"2024-12-20T10:44:28","slug":"10-asiaa-mita-hiidenmaalla-kannattaa-tehda-nahda-ja-kokea","status":"publish","type":"page","link":"https:\/\/hiiumaa.ee\/fi\/10-asiaa-mita-hiidenmaalla-kannattaa-tehda-nahda-ja-kokea\/","title":{"rendered":"10 asiaa, mit\u00e4 Hiidenmaalla kannattaa tehd\u00e4, n\u00e4hd\u00e4 ja kokea"},"content":{"rendered":"","protected":false},"excerpt":{"rendered":"","protected":false},"author":9,"featured_media":27171,"parent":0,"menu_order":0,"comment_status":"closed","ping_status":"closed","template":"","meta":{"_acf_changed":false,"_relevanssi_hide_post":"","_relevanssi_hide_content":"","_relevanssi_pin_for_all":"","_relevanssi_pin_keywords":"","_relevanssi_unpin_keywords":"","_relevanssi_related_keywords":"","_relevanssi_related_include_ids":"","_relevanssi_related_exclude_ids":"","_relevanssi_related_no_append":"","_relevanssi_related_not_related":"","_relevanssi_related_posts":"","_relevanssi_noindex_reason":"","inline_featured_image":false,"footnotes":""},"class_list":["post-34720","page","type-page","status-publish","has-post-thumbnail","hentry"],"acf":[],"_links":{"self":[{"href":"https:\/\/hiiumaa.ee\/fi\/wp-json\/wp\/v2\/pages\/34720","targetHints":{"allow":["GET"]}}],"collection":[{"href":"https:\/\/hiiumaa.ee\/fi\/wp-json\/wp\/v2\/pages"}],"about":[{"href":"https:\/\/hiiumaa.ee\/fi\/wp-json\/wp\/v2\/types\/page"}],"author":[{"embeddable":true,"href":"https:\/\/hiiumaa.ee\/fi\/wp-json\/wp\/v2\/users\/9"}],"replies":[{"embeddable":true,"href":"https:\/\/hiiumaa.ee\/fi\/wp-json\/wp\/v2\/comments?post=34720"}],"version-history":[{"count":5,"href":"https:\/\/hiiumaa.ee\/fi\/wp-json\/wp\/v2\/pages\/34720\/revisions"}],"predecessor-version":[{"id":84634,"href":"https:\/\/hiiumaa.ee\/fi\/wp-json\/wp\/v2\/pages\/34720\/revisions\/84634"}],"wp:featuredmedia":[{"embeddable":true,"href":"https:\/\/hiiumaa.ee\/fi\/wp-json\/wp\/v2\/media\/27171"}],"wp:attachment":[{"href":"https:\/\/hiiumaa.ee\/fi\/wp-json\/wp\/v2\/media?parent=34720"}],"curies":[{"name":"wp","href":"https:\/\/api.w.org\/{rel}","templated":true}]}}