{"id":32023,"date":"2022-05-16T16:09:58","date_gmt":"2022-05-16T13:09:58","guid":{"rendered":"https:\/\/hiiumaa.ee\/aktiivne-puhkus\/"},"modified":"2023-05-09T13:32:36","modified_gmt":"2023-05-09T10:32:36","slug":"aktiiviloma","status":"publish","type":"page","link":"https:\/\/hiiumaa.ee\/fi\/aktiiviloma\/","title":{"rendered":"Aktiiviloma"},"content":{"rendered":"\r\n<h1><\/h1>\r\n<p> <\/p>\r\n\r\n\r\n\r\n<p>Tyyppi<\/p>\r\n<h4>Objekti t\u00fc\u00fcp<\/h4>\r\n<fieldset><legend>Objekti t\u00fc\u00fcp<\/legend> <label>Objekti t\u00fc\u00fcp<select name=\"tuup\">\r\n<option value=\"\">Kaikki<\/option>\r\n<option value=\"aktiivi-ja-seikkailulomat\">Aktiivi- ja seikkailulomat\u00a0(24)<\/option>\r\n<option value=\"koe-saunat\">Koe saunat\u00a0(5)<\/option>\r\n<option value=\"luonto\">Luonto\u00a0(16)<\/option>\r\n<option value=\"taide-ja-kasityopajat\">Taide- ja k\u00e4sity\u00f6pajat\u00a0(2)<\/option>\r\n<option value=\"vaellusreitti\">Vaellusreitti\u00a0(10)<\/option>\r\n<\/select><\/label><\/fieldset>\r\n<p>Etsi aktiviteetteja<\/p>\r\n<h4>Otsing<\/h4>\r\n<fieldset><legend>Otsing<\/legend> <label> Otsing <input autocomplete=\"off\" name=\"otsing\" type=\"search\" value=\"\" placeholder=\"Hae sijainnin, nimen ja avainsanan mukaan\u2026\" \/> <\/label><button hidden=\"\" type=\"button\">Clear<\/button><\/fieldset>\r\n<h4>Tyhjenn\u00e4 suodattimet<\/h4>\r\n<p><button name=\"tuhista_filtrid\" type=\"button\">Tyhjenn\u00e4 suodattimet<\/button><\/p>\r\n","protected":false},"excerpt":{"rendered":"<p>Tyyppi Objekti t\u00fc\u00fcp Objekti t\u00fc\u00fcp Objekti t\u00fc\u00fcpKaikkiAktiivi- ja seikkailulomat\u00a0(24)Koe saunat\u00a0(5)Luonto\u00a0(16)Taide- ja k\u00e4sity\u00f6pajat\u00a0(2)Vaellusreitti\u00a0(10) Etsi aktiviteetteja Otsing Otsing Otsing Clear Tyhjenn\u00e4 suodattimet Tyhjenn\u00e4 suodattimet<\/p>\n","protected":false},"author":2,"featured_media":27175,"parent":0,"menu_order":0,"comment_status":"closed","ping_status":"closed","template":"","meta":{"_acf_changed":false,"_relevanssi_hide_post":"","_relevanssi_hide_content":"","_relevanssi_pin_for_all":"","_relevanssi_pin_keywords":"","_relevanssi_unpin_keywords":"","_relevanssi_related_keywords":"","_relevanssi_related_include_ids":"","_relevanssi_related_exclude_ids":"","_relevanssi_related_no_append":"","_relevanssi_related_not_related":"","_relevanssi_related_posts":"","_relevanssi_noindex_reason":"","inline_featured_image":false,"footnotes":""},"class_list":["post-32023","page","type-page","status-publish","has-post-thumbnail","hentry"],"acf":[],"_links":{"self":[{"href":"https:\/\/hiiumaa.ee\/fi\/wp-json\/wp\/v2\/pages\/32023","targetHints":{"allow":["GET"]}}],"collection":[{"href":"https:\/\/hiiumaa.ee\/fi\/wp-json\/wp\/v2\/pages"}],"about":[{"href":"https:\/\/hiiumaa.ee\/fi\/wp-json\/wp\/v2\/types\/page"}],"author":[{"embeddable":true,"href":"https:\/\/hiiumaa.ee\/fi\/wp-json\/wp\/v2\/users\/2"}],"replies":[{"embeddable":true,"href":"https:\/\/hiiumaa.ee\/fi\/wp-json\/wp\/v2\/comments?post=32023"}],"version-history":[{"count":4,"href":"https:\/\/hiiumaa.ee\/fi\/wp-json\/wp\/v2\/pages\/32023\/revisions"}],"predecessor-version":[{"id":36127,"href":"https:\/\/hiiumaa.ee\/fi\/wp-json\/wp\/v2\/pages\/32023\/revisions\/36127"}],"wp:featuredmedia":[{"embeddable":true,"href":"https:\/\/hiiumaa.ee\/fi\/wp-json\/wp\/v2\/media\/27175"}],"wp:attachment":[{"href":"https:\/\/hiiumaa.ee\/fi\/wp-json\/wp\/v2\/media?parent=32023"}],"curies":[{"name":"wp","href":"https:\/\/api.w.org\/{rel}","templated":true}]}}