{"id":32001,"date":"2022-05-10T15:12:59","date_gmt":"2022-05-10T12:12:59","guid":{"rendered":"https:\/\/hiiumaa.ee\/rannad\/"},"modified":"2023-05-10T10:20:14","modified_gmt":"2023-05-10T07:20:14","slug":"rannat","status":"publish","type":"page","link":"https:\/\/hiiumaa.ee\/fi\/rannat\/","title":{"rendered":"Hiidenmaan rannat"},"content":{"rendered":"\r\n<h1><\/h1>\r\n<p> <\/p>\r\n\r\n\r\n<p> Kaikki<\/p>\r\n<ul>\r\n<li tabindex=\"0\" data-filter=\"*\" aria-label=\"Kaikki\">Kaikki<\/li>\r\n<\/ul>\r\n<p><a href=\"https:\/\/hiiumaa.ee\/fi\/objekt\/prahnu-rand\/\"> Pr\u00e4hnu rand <\/a> <a href=\"https:\/\/hiiumaa.ee\/fi\/objekt\/luidjan-ranta-ja-leirintaealue\/\"> Luidjan ranta ja leirint\u00e4alue <\/a> <a href=\"https:\/\/hiiumaa.ee\/fi\/objekt\/mangu-rand\/\"> Mangu rand <\/a> <a href=\"https:\/\/hiiumaa.ee\/fi\/objekt\/torvaninan-ranta-ja-telttailu-alue\/\"> T\u00f5rvaninan ranta ja telttailu-alue <\/a> <a href=\"https:\/\/hiiumaa.ee\/fi\/objekt\/liivalaukan-ranta\/\"> Liivalaukan ranta <\/a> <a href=\"https:\/\/hiiumaa.ee\/fi\/objekt\/ristnan-ranta\/\"> Ristnan ranta <\/a> <a href=\"https:\/\/hiiumaa.ee\/fi\/objekt\/kalesten-ranta\/\"> Kalesten ranta <\/a><\/p>\r\n<!-- .pp-content-posts -->","protected":false},"excerpt":{"rendered":"<p>Kaikki Kaikki Pr\u00e4hnu rand Luidjan ranta ja leirint\u00e4alue Mangu rand T\u00f5rvaninan ranta ja telttailu-alue Liivalaukan ranta Ristnan ranta Kalesten ranta<\/p>\n","protected":false},"author":2,"featured_media":26431,"parent":0,"menu_order":0,"comment_status":"closed","ping_status":"closed","template":"","meta":{"_acf_changed":false,"_relevanssi_hide_post":"","_relevanssi_hide_content":"","_relevanssi_pin_for_all":"","_relevanssi_pin_keywords":"","_relevanssi_unpin_keywords":"","_relevanssi_related_keywords":"","_relevanssi_related_include_ids":"","_relevanssi_related_exclude_ids":"","_relevanssi_related_no_append":"","_relevanssi_related_not_related":"","_relevanssi_related_posts":"","_relevanssi_noindex_reason":"","inline_featured_image":false,"footnotes":""},"class_list":["post-32001","page","type-page","status-publish","has-post-thumbnail","hentry"],"acf":[],"_links":{"self":[{"href":"https:\/\/hiiumaa.ee\/fi\/wp-json\/wp\/v2\/pages\/32001","targetHints":{"allow":["GET"]}}],"collection":[{"href":"https:\/\/hiiumaa.ee\/fi\/wp-json\/wp\/v2\/pages"}],"about":[{"href":"https:\/\/hiiumaa.ee\/fi\/wp-json\/wp\/v2\/types\/page"}],"author":[{"embeddable":true,"href":"https:\/\/hiiumaa.ee\/fi\/wp-json\/wp\/v2\/users\/2"}],"replies":[{"embeddable":true,"href":"https:\/\/hiiumaa.ee\/fi\/wp-json\/wp\/v2\/comments?post=32001"}],"version-history":[{"count":3,"href":"https:\/\/hiiumaa.ee\/fi\/wp-json\/wp\/v2\/pages\/32001\/revisions"}],"predecessor-version":[{"id":36311,"href":"https:\/\/hiiumaa.ee\/fi\/wp-json\/wp\/v2\/pages\/32001\/revisions\/36311"}],"wp:featuredmedia":[{"embeddable":true,"href":"https:\/\/hiiumaa.ee\/fi\/wp-json\/wp\/v2\/media\/26431"}],"wp:attachment":[{"href":"https:\/\/hiiumaa.ee\/fi\/wp-json\/wp\/v2\/media?parent=32001"}],"curies":[{"name":"wp","href":"https:\/\/api.w.org\/{rel}","templated":true}]}}