{"id":31991,"date":"2022-05-16T12:58:33","date_gmt":"2022-05-16T09:58:33","guid":{"rendered":"https:\/\/hiiumaa.ee\/teenused\/"},"modified":"2023-05-10T11:12:49","modified_gmt":"2023-05-10T08:12:49","slug":"paikalliset-palvelut","status":"publish","type":"page","link":"https:\/\/hiiumaa.ee\/fi\/paikalliset-palvelut\/","title":{"rendered":"Paikalliset palvelut"},"content":{"rendered":"\r\n<h1><\/h1>\r\n<p> <\/p>\r\n\r\n<p>Suositut palvelut:<\/p>\r\n<p>Valitse palvelun tyyppi<\/p>\r\n<p>Hae palveluita<\/p>\r\n<h4>Otsing<\/h4>\r\n<fieldset><legend>Otsing<\/legend> <label> Otsing <input autocomplete=\"off\" name=\"otsing\" type=\"search\" value=\"\" placeholder=\"Hae sijainnin, nimen ja avainsanan mukaan\u2026\" \/> <\/label><button hidden=\"\" type=\"button\">Clear<\/button><\/fieldset>\r\n<h4>T\u00fchista filtrid<\/h4>\r\n<p><button name=\"tuhista_filtrid\" type=\"button\">T\u00fchista filtrid<\/button><\/p>\r\n<p>Hiiumaa.ee:n toimittajat eiv\u00e4t vastaa palveluluettelossa olevien yritysten tietojen oikeellisuudesta. Yritys tai yhdistys vastaa tietojen oikeellisuudesta. Pyyd\u00e4mme l\u00e4hett\u00e4m\u00e4\u00e4n huomautuksenne muutoksista ja\/tai virheellisist\u00e4 tiedoista osoitteeseen hiiumaa@hiiumaa.ee.<\/p>\r\n","protected":false},"excerpt":{"rendered":"<p>Suositut palvelut: Valitse palvelun tyyppi Hae palveluita Otsing Otsing Otsing Clear T\u00fchista filtrid T\u00fchista filtrid Hiiumaa.ee:n toimittajat eiv\u00e4t vastaa palveluluettelossa olevien yritysten tietojen oikeellisuudesta. Yritys tai yhdistys vastaa tietojen oikeellisuudesta.&hellip;<\/p>\n","protected":false},"author":2,"featured_media":26433,"parent":0,"menu_order":0,"comment_status":"closed","ping_status":"closed","template":"","meta":{"_acf_changed":false,"_relevanssi_hide_post":"","_relevanssi_hide_content":"","_relevanssi_pin_for_all":"","_relevanssi_pin_keywords":"","_relevanssi_unpin_keywords":"","_relevanssi_related_keywords":"","_relevanssi_related_include_ids":"","_relevanssi_related_exclude_ids":"","_relevanssi_related_no_append":"","_relevanssi_related_not_related":"","_relevanssi_related_posts":"","_relevanssi_noindex_reason":"","inline_featured_image":false,"footnotes":""},"class_list":["post-31991","page","type-page","status-publish","has-post-thumbnail","hentry"],"acf":[],"_links":{"self":[{"href":"https:\/\/hiiumaa.ee\/fi\/wp-json\/wp\/v2\/pages\/31991","targetHints":{"allow":["GET"]}}],"collection":[{"href":"https:\/\/hiiumaa.ee\/fi\/wp-json\/wp\/v2\/pages"}],"about":[{"href":"https:\/\/hiiumaa.ee\/fi\/wp-json\/wp\/v2\/types\/page"}],"author":[{"embeddable":true,"href":"https:\/\/hiiumaa.ee\/fi\/wp-json\/wp\/v2\/users\/2"}],"replies":[{"embeddable":true,"href":"https:\/\/hiiumaa.ee\/fi\/wp-json\/wp\/v2\/comments?post=31991"}],"version-history":[{"count":4,"href":"https:\/\/hiiumaa.ee\/fi\/wp-json\/wp\/v2\/pages\/31991\/revisions"}],"predecessor-version":[{"id":36338,"href":"https:\/\/hiiumaa.ee\/fi\/wp-json\/wp\/v2\/pages\/31991\/revisions\/36338"}],"wp:featuredmedia":[{"embeddable":true,"href":"https:\/\/hiiumaa.ee\/fi\/wp-json\/wp\/v2\/media\/26433"}],"wp:attachment":[{"href":"https:\/\/hiiumaa.ee\/fi\/wp-json\/wp\/v2\/media?parent=31991"}],"curies":[{"name":"wp","href":"https:\/\/api.w.org\/{rel}","templated":true}]}}