{"id":31982,"date":"2022-05-10T16:40:53","date_gmt":"2022-05-10T13:40:53","guid":{"rendered":"https:\/\/hiiumaa.ee\/uudised\/"},"modified":"2023-03-01T11:07:24","modified_gmt":"2023-03-01T09:07:24","slug":"uutiset","status":"publish","type":"page","link":"https:\/\/hiiumaa.ee\/fi\/uutiset\/","title":{"rendered":"Uutiset"},"content":{"rendered":"\n<h1>\n\t\t\n\t<\/h1>\n\t\n\n\t\tKaikki\n\t<ul>\n\t\t<li data-filter=\"*\" tabindex=\"0\" aria-label=\"Kaikki\">Kaikki<\/li>\t<\/ul>\n\t<meta itemscope itemprop=\"mainEntityOfPage\" itemtype=\"https:\/\/schema.org\/WebPage\" itemid=\"https:\/\/hiiumaa.ee\/fi\/laane-eesti-saared-on-unesco-tiiva-all-kestliku-looduskasutuse-eeskujuks\/\" content=\"L\u00e4\u00e4ne-Eesti saared on UNESCO tiiva all kestliku looduskasutuse eeskujuks\" \/><meta itemprop=\"datePublished\" content=\"2023-02-10\" \/><meta itemprop=\"dateModified\" content=\"2023-02-10\" \/><meta itemprop=\"name\" content=\"Hiiumaa\"\/><meta itemprop=\"url\" content=\"https:\/\/hiiumaa.ee\/fi\/author\/hiiumaamariliis\/\" \/><meta itemprop=\"name\" content=\"hiiumaamariliis\" \/><meta itemprop=\"url\" content=\"https:\/\/hiiumaa.ee\/wp-content\/uploads\/2023\/02\/DSC02050-scaled.jpg\" \/><meta itemprop=\"width\" content=\"2560\" \/><meta itemprop=\"height\" content=\"1707\" \/><meta itemprop=\"interactionType\" content=\"https:\/\/schema.org\/CommentAction\" \/><meta itemprop=\"userInteractionCount\" content=\"0\" \/>\n        \t<a href='https:\/\/hiiumaa.ee\/fi\/laane-eesti-saared-on-unesco-tiiva-all-kestliku-looduskasutuse-eeskujuks\/' title='L\u00e4\u00e4ne-Eesti saared on UNESCO tiiva all kestliku looduskasutuse eeskujuks'><img decoding=\"async\" width=\"1024\" height=\"683\" src=\"https:\/\/hiiumaa.ee\/wp-content\/uploads\/2023\/02\/DSC02050-1024x683.jpg\" alt=\"\" loading=\"lazy\" itemprop=\"image\" srcset=\"https:\/\/hiiumaa.ee\/wp-content\/uploads\/2023\/02\/DSC02050-1024x683.jpg 1024w, https:\/\/hiiumaa.ee\/wp-content\/uploads\/2023\/02\/DSC02050-300x200.jpg 300w, https:\/\/hiiumaa.ee\/wp-content\/uploads\/2023\/02\/DSC02050-768x512.jpg 768w, https:\/\/hiiumaa.ee\/wp-content\/uploads\/2023\/02\/DSC02050-1536x1024.jpg 1536w, https:\/\/hiiumaa.ee\/wp-content\/uploads\/2023\/02\/DSC02050-2048x1365.jpg 2048w\" sizes=\"auto, (max-width: 1024px) 100vw, 1024px\" \/><\/a>\n        10.02.2023\n        <h5><a href='https:\/\/hiiumaa.ee\/fi\/laane-eesti-saared-on-unesco-tiiva-all-kestliku-looduskasutuse-eeskujuks\/' title='L\u00e4\u00e4ne-Eesti saared on UNESCO tiiva all kestliku looduskasutuse eeskujuks'>L\u00e4\u00e4ne-Eesti saared on UNESCO tiiva all kestliku looduskasutuse eeskujuks<\/a><\/h5>\n    \t<p>Hiiumaa, Muhu, Ruhnu, Saaremaa ja Vormsi \u00fchendavad j\u00f5ud, et UNESCO nimekirjas oleva alana j\u00e4tkata sealse loodusliku mitmekesisuse&#8230;<\/p>\n    <a href=\"https:\/\/hiiumaa.ee\/fi\/laane-eesti-saared-on-unesco-tiiva-all-kestliku-looduskasutuse-eeskujuks\/\">Jatka lukemista<\/a>\n\t<meta itemscope itemprop=\"mainEntityOfPage\" itemtype=\"https:\/\/schema.org\/WebPage\" itemid=\"https:\/\/hiiumaa.ee\/fi\/hiidlased-toid-pealinnna-merelised-seiklused-koos-optimist-onneloosi-ja-kalapuugiga\/\" content=\"Hiidlased t\u00f5id pealinnna merelised seiklused koos optimist, \u00f5nneloosi ja kalap\u00fc\u00fcgiga\" \/><meta itemprop=\"datePublished\" content=\"2023-02-09\" \/><meta itemprop=\"dateModified\" content=\"2023-02-20\" \/><meta itemprop=\"name\" content=\"Hiiumaa\"\/><meta itemprop=\"url\" content=\"https:\/\/hiiumaa.ee\/fi\/author\/hiiumaamariliis\/\" \/><meta itemprop=\"name\" content=\"hiiumaamariliis\" \/><meta itemprop=\"url\" content=\"https:\/\/hiiumaa.ee\/wp-content\/uploads\/2023\/02\/Avasta-mereline-Hiiumaa.jpg\" \/><meta itemprop=\"width\" content=\"1280\" \/><meta itemprop=\"height\" content=\"870\" \/><meta itemprop=\"interactionType\" content=\"https:\/\/schema.org\/CommentAction\" \/><meta itemprop=\"userInteractionCount\" content=\"0\" \/>\n        \t<a href='https:\/\/hiiumaa.ee\/fi\/hiidlased-toid-pealinnna-merelised-seiklused-koos-optimist-onneloosi-ja-kalapuugiga\/' title='Hiidlased t\u00f5id pealinnna merelised seiklused koos optimist, \u00f5nneloosi ja kalap\u00fc\u00fcgiga'><img decoding=\"async\" width=\"1024\" height=\"696\" src=\"https:\/\/hiiumaa.ee\/wp-content\/uploads\/2023\/02\/Avasta-mereline-Hiiumaa-1024x696.jpg\" alt=\"\" loading=\"lazy\" itemprop=\"image\" srcset=\"https:\/\/hiiumaa.ee\/wp-content\/uploads\/2023\/02\/Avasta-mereline-Hiiumaa-1024x696.jpg 1024w, https:\/\/hiiumaa.ee\/wp-content\/uploads\/2023\/02\/Avasta-mereline-Hiiumaa-300x204.jpg 300w, https:\/\/hiiumaa.ee\/wp-content\/uploads\/2023\/02\/Avasta-mereline-Hiiumaa-768x522.jpg 768w, https:\/\/hiiumaa.ee\/wp-content\/uploads\/2023\/02\/Avasta-mereline-Hiiumaa.jpg 1280w\" sizes=\"auto, (max-width: 1024px) 100vw, 1024px\" \/><\/a>\n        09.02.2023\n        <h5><a href='https:\/\/hiiumaa.ee\/fi\/hiidlased-toid-pealinnna-merelised-seiklused-koos-optimist-onneloosi-ja-kalapuugiga\/' title='Hiidlased t\u00f5id pealinnna merelised seiklused koos optimist, \u00f5nneloosi ja kalap\u00fc\u00fcgiga'>Hiidlased t\u00f5id pealinnna merelised seiklused koos optimist, \u00f5nneloosi ja kalap\u00fc\u00fcgiga<\/a><\/h5>\n    \t<p>T\u00e4na alanud rahvusvahelisel turismimessil Tourest 2023 on hiidlased kohal p\u00e4ris purjeka ja kadakatega. Messik\u00fclastajatel on v\u00f5imalik osaleda&#8230;<\/p>\n    <a href=\"https:\/\/hiiumaa.ee\/fi\/hiidlased-toid-pealinnna-merelised-seiklused-koos-optimist-onneloosi-ja-kalapuugiga\/\">Jatka lukemista<\/a>\n\t<meta itemscope itemprop=\"mainEntityOfPage\" itemtype=\"https:\/\/schema.org\/WebPage\" itemid=\"https:\/\/hiiumaa.ee\/fi\/valminud-hiiumaa-saunakalender-naitab-ainult-saunapaevi\/\" content=\"Valminud Hiiumaa saunakalender n\u00e4itab ainult saunap\u00e4evi\" \/><meta itemprop=\"datePublished\" content=\"2023-02-06\" \/><meta itemprop=\"dateModified\" content=\"2023-02-06\" \/><meta itemprop=\"name\" content=\"Hiiumaa\"\/><meta itemprop=\"url\" content=\"https:\/\/hiiumaa.ee\/fi\/author\/hiiumaamariliis\/\" \/><meta itemprop=\"name\" content=\"hiiumaamariliis\" \/><meta itemprop=\"url\" content=\"https:\/\/hiiumaa.ee\/wp-content\/uploads\/2023\/02\/Hiiumaa-saunakalender-2023_3.jpg\" \/><meta itemprop=\"width\" content=\"949\" \/><meta itemprop=\"height\" content=\"1280\" \/><meta itemprop=\"interactionType\" content=\"https:\/\/schema.org\/CommentAction\" \/><meta itemprop=\"userInteractionCount\" content=\"0\" \/>\n        \t<a href='https:\/\/hiiumaa.ee\/fi\/valminud-hiiumaa-saunakalender-naitab-ainult-saunapaevi\/' title='Valminud Hiiumaa saunakalender n\u00e4itab ainult saunap\u00e4evi'><img decoding=\"async\" width=\"759\" height=\"1024\" src=\"https:\/\/hiiumaa.ee\/wp-content\/uploads\/2023\/02\/Hiiumaa-saunakalender-2023_3-759x1024.jpg\" alt=\"\" loading=\"lazy\" itemprop=\"image\" srcset=\"https:\/\/hiiumaa.ee\/wp-content\/uploads\/2023\/02\/Hiiumaa-saunakalender-2023_3-759x1024.jpg 759w, https:\/\/hiiumaa.ee\/wp-content\/uploads\/2023\/02\/Hiiumaa-saunakalender-2023_3-222x300.jpg 222w, https:\/\/hiiumaa.ee\/wp-content\/uploads\/2023\/02\/Hiiumaa-saunakalender-2023_3-768x1036.jpg 768w, https:\/\/hiiumaa.ee\/wp-content\/uploads\/2023\/02\/Hiiumaa-saunakalender-2023_3.jpg 949w\" sizes=\"auto, (max-width: 759px) 100vw, 759px\" \/><\/a>\n        06.02.2023\n        <h5><a href='https:\/\/hiiumaa.ee\/fi\/valminud-hiiumaa-saunakalender-naitab-ainult-saunapaevi\/' title='Valminud Hiiumaa saunakalender n\u00e4itab ainult saunap\u00e4evi'>Valminud Hiiumaa saunakalender n\u00e4itab ainult saunap\u00e4evi<\/a><\/h5>\n    \t<p>Hiiumaa turismiklaster andis v\u00e4lja Hiiumaa saunakalendri 2023, milles on \u00e4ra m\u00e4rgitud ainult saunap\u00e4evad. K\u00f5igi \u00fclej\u00e4\u00e4nud p\u00e4evade kohad&#8230;<\/p>\n    <a href=\"https:\/\/hiiumaa.ee\/fi\/valminud-hiiumaa-saunakalender-naitab-ainult-saunapaevi\/\">Jatka lukemista<\/a>\n\t<meta itemscope itemprop=\"mainEntityOfPage\" itemtype=\"https:\/\/schema.org\/WebPage\" itemid=\"https:\/\/hiiumaa.ee\/fi\/keskpaevani-motisklus-fred-jussiga\/\" content=\"Keskp\u00e4evane m\u00f5tisklus Fred J\u00fcssiga\" \/><meta itemprop=\"datePublished\" content=\"2023-01-29\" \/><meta itemprop=\"dateModified\" content=\"2023-01-30\" \/><meta itemprop=\"name\" content=\"Hiiumaa\"\/><meta itemprop=\"url\" content=\"https:\/\/hiiumaa.ee\/fi\/author\/hiiumaa\/\" \/><meta itemprop=\"name\" content=\"hiiumaa\" \/><meta itemprop=\"url\" content=\"https:\/\/hiiumaa.ee\/wp-content\/uploads\/2023\/01\/20220706_213817-scaled.jpg\" \/><meta itemprop=\"width\" content=\"2560\" \/><meta itemprop=\"height\" content=\"2560\" \/><meta itemprop=\"interactionType\" content=\"https:\/\/schema.org\/CommentAction\" \/><meta itemprop=\"userInteractionCount\" content=\"0\" \/>\n        \t<a href='https:\/\/hiiumaa.ee\/fi\/keskpaevani-motisklus-fred-jussiga\/' title='Keskp\u00e4evane m\u00f5tisklus Fred J\u00fcssiga'><img decoding=\"async\" width=\"1024\" height=\"1024\" src=\"https:\/\/hiiumaa.ee\/wp-content\/uploads\/2023\/01\/20220706_213817-1024x1024.jpg\" alt=\"\" loading=\"lazy\" itemprop=\"image\" srcset=\"https:\/\/hiiumaa.ee\/wp-content\/uploads\/2023\/01\/20220706_213817-1024x1024.jpg 1024w, https:\/\/hiiumaa.ee\/wp-content\/uploads\/2023\/01\/20220706_213817-300x300.jpg 300w, https:\/\/hiiumaa.ee\/wp-content\/uploads\/2023\/01\/20220706_213817-150x150.jpg 150w, https:\/\/hiiumaa.ee\/wp-content\/uploads\/2023\/01\/20220706_213817-768x768.jpg 768w, https:\/\/hiiumaa.ee\/wp-content\/uploads\/2023\/01\/20220706_213817-1536x1536.jpg 1536w, https:\/\/hiiumaa.ee\/wp-content\/uploads\/2023\/01\/20220706_213817-2048x2048.jpg 2048w\" sizes=\"auto, (max-width: 1024px) 100vw, 1024px\" \/><\/a>\n        29.01.2023\n        <h5><a href='https:\/\/hiiumaa.ee\/fi\/keskpaevani-motisklus-fred-jussiga\/' title='Keskp\u00e4evane m\u00f5tisklus Fred J\u00fcssiga'>Keskp\u00e4evane m\u00f5tisklus Fred J\u00fcssiga<\/a><\/h5>\n    \t<p>29. jaanuaril t\u00e4histab s\u00fcnnip\u00e4eva Fred J\u00fcssi. Palju-palju tervist ja j\u00f5udu! Sel puhul pakume v\u00f5imalust vaadata ja kuulata&#8230;<\/p>\n    <a href=\"https:\/\/hiiumaa.ee\/fi\/keskpaevani-motisklus-fred-jussiga\/\">Jatka lukemista<\/a>\n\t<meta itemscope itemprop=\"mainEntityOfPage\" itemtype=\"https:\/\/schema.org\/WebPage\" itemid=\"https:\/\/hiiumaa.ee\/fi\/hiiumaa-liinil-lendab-uus-suurem-lennuk\/\" content=\"Hiiumaa liinil lendab uus suurem lennuk\" \/><meta itemprop=\"datePublished\" content=\"2023-01-28\" \/><meta itemprop=\"dateModified\" content=\"2023-01-28\" \/><meta itemprop=\"name\" content=\"Hiiumaa\"\/><meta itemprop=\"url\" content=\"https:\/\/hiiumaa.ee\/fi\/author\/hiiumaa\/\" \/><meta itemprop=\"name\" content=\"hiiumaa\" \/><meta itemprop=\"url\" content=\"https:\/\/hiiumaa.ee\/wp-content\/uploads\/2023\/01\/Esimene-lend-uue-lennukiga_Foto-Kristel-Uksvarav.jpg\" \/><meta itemprop=\"width\" content=\"1280\" \/><meta itemprop=\"height\" content=\"960\" \/><meta itemprop=\"interactionType\" content=\"https:\/\/schema.org\/CommentAction\" \/><meta itemprop=\"userInteractionCount\" content=\"0\" \/>\n        \t<a href='https:\/\/hiiumaa.ee\/fi\/hiiumaa-liinil-lendab-uus-suurem-lennuk\/' title='Hiiumaa liinil lendab uus suurem lennuk'><img decoding=\"async\" width=\"1024\" height=\"768\" src=\"https:\/\/hiiumaa.ee\/wp-content\/uploads\/2023\/01\/Esimene-lend-uue-lennukiga_Foto-Kristel-Uksvarav-1024x768.jpg\" alt=\"\" loading=\"lazy\" itemprop=\"image\" srcset=\"https:\/\/hiiumaa.ee\/wp-content\/uploads\/2023\/01\/Esimene-lend-uue-lennukiga_Foto-Kristel-Uksvarav-1024x768.jpg 1024w, https:\/\/hiiumaa.ee\/wp-content\/uploads\/2023\/01\/Esimene-lend-uue-lennukiga_Foto-Kristel-Uksvarav-300x225.jpg 300w, https:\/\/hiiumaa.ee\/wp-content\/uploads\/2023\/01\/Esimene-lend-uue-lennukiga_Foto-Kristel-Uksvarav-768x576.jpg 768w, https:\/\/hiiumaa.ee\/wp-content\/uploads\/2023\/01\/Esimene-lend-uue-lennukiga_Foto-Kristel-Uksvarav.jpg 1280w\" sizes=\"auto, (max-width: 1024px) 100vw, 1024px\" \/><\/a>\n        28.01.2023\n        <h5><a href='https:\/\/hiiumaa.ee\/fi\/hiiumaa-liinil-lendab-uus-suurem-lennuk\/' title='Hiiumaa liinil lendab uus suurem lennuk'>Hiiumaa liinil lendab uus suurem lennuk<\/a><\/h5>\n    \t<p>T\u00e4na, 28. jaanuaril alustas Tallinna ja K\u00e4rdla vahel lendamist uus vedaja Diamond Sky, kes kasutab Poola firmalt&#8230;<\/p>\n    <a href=\"https:\/\/hiiumaa.ee\/fi\/hiiumaa-liinil-lendab-uus-suurem-lennuk\/\">Jatka lukemista<\/a>\n\t<meta itemscope itemprop=\"mainEntityOfPage\" itemtype=\"https:\/\/schema.org\/WebPage\" itemid=\"https:\/\/hiiumaa.ee\/fi\/reisiajakirja-go-hiiumaa-uus-number-haarati-soomes-ja-saksamaal-kiiresti-lettidelt\/\" content=\"Reisiajakirja GO Hiiumaa uus number on valmis\" \/><meta itemprop=\"datePublished\" content=\"2023-01-26\" \/><meta itemprop=\"dateModified\" content=\"2023-01-28\" \/><meta itemprop=\"name\" content=\"Hiiumaa\"\/><meta itemprop=\"url\" content=\"https:\/\/hiiumaa.ee\/fi\/author\/hiiumaa\/\" \/><meta itemprop=\"name\" content=\"hiiumaa\" \/><meta itemprop=\"url\" content=\"https:\/\/hiiumaa.ee\/wp-content\/uploads\/2023\/01\/Go-Hiiumaa-2023.jpg\" \/><meta itemprop=\"width\" content=\"1280\" \/><meta itemprop=\"height\" content=\"934\" \/><meta itemprop=\"interactionType\" content=\"https:\/\/schema.org\/CommentAction\" \/><meta itemprop=\"userInteractionCount\" content=\"0\" \/>\n        \t<a href='https:\/\/hiiumaa.ee\/fi\/reisiajakirja-go-hiiumaa-uus-number-haarati-soomes-ja-saksamaal-kiiresti-lettidelt\/' title='Reisiajakirja GO Hiiumaa uus number on valmis'><img decoding=\"async\" width=\"1024\" height=\"747\" src=\"https:\/\/hiiumaa.ee\/wp-content\/uploads\/2023\/01\/Go-Hiiumaa-2023-1024x747.jpg\" alt=\"\" loading=\"lazy\" itemprop=\"image\" srcset=\"https:\/\/hiiumaa.ee\/wp-content\/uploads\/2023\/01\/Go-Hiiumaa-2023-1024x747.jpg 1024w, https:\/\/hiiumaa.ee\/wp-content\/uploads\/2023\/01\/Go-Hiiumaa-2023-300x219.jpg 300w, https:\/\/hiiumaa.ee\/wp-content\/uploads\/2023\/01\/Go-Hiiumaa-2023-768x560.jpg 768w, https:\/\/hiiumaa.ee\/wp-content\/uploads\/2023\/01\/Go-Hiiumaa-2023.jpg 1280w\" sizes=\"auto, (max-width: 1024px) 100vw, 1024px\" \/><\/a>\n        26.01.2023\n        <h5><a href='https:\/\/hiiumaa.ee\/fi\/reisiajakirja-go-hiiumaa-uus-number-haarati-soomes-ja-saksamaal-kiiresti-lettidelt\/' title='Reisiajakirja GO Hiiumaa uus number on valmis'>Reisiajakirja GO Hiiumaa uus number on valmis<\/a><\/h5>\n    \t<p>Helsingis toimunud turismimessiks Matka 2023 valmis uus Hiiumaa turismiajakiri Go Hiiumaa 2023, mida jagatakse ka D\u00fcsseldorfis toimuval&#8230;<\/p>\n    <a href=\"https:\/\/hiiumaa.ee\/fi\/reisiajakirja-go-hiiumaa-uus-number-haarati-soomes-ja-saksamaal-kiiresti-lettidelt\/\">Jatka lukemista<\/a>\n\t<meta itemscope itemprop=\"mainEntityOfPage\" itemtype=\"https:\/\/schema.org\/WebPage\" itemid=\"https:\/\/hiiumaa.ee\/fi\/erkki-sven-tuur-looduse-imelisust-on-siin-voimalik-vaga-jouliselt-tajuda\/\" content=\"Erkki-Sven T\u00fc\u00fcr: \u201eLooduse imelisust on siin v\u00f5imalik v\u00e4ga j\u00f5uliselt tajuda.\"\" \/><meta itemprop=\"datePublished\" content=\"2023-01-26\" \/><meta itemprop=\"dateModified\" content=\"2023-01-26\" \/><meta itemprop=\"name\" content=\"Hiiumaa\"\/><meta itemprop=\"url\" content=\"https:\/\/hiiumaa.ee\/fi\/author\/hiiumaamariliis\/\" \/><meta itemprop=\"name\" content=\"hiiumaamariliis\" \/><meta itemprop=\"url\" content=\"https:\/\/hiiumaa.ee\/wp-content\/uploads\/2023\/01\/Artiklid.jpg\" \/><meta itemprop=\"width\" content=\"1080\" \/><meta itemprop=\"height\" content=\"1080\" \/><meta itemprop=\"interactionType\" content=\"https:\/\/schema.org\/CommentAction\" \/><meta itemprop=\"userInteractionCount\" content=\"0\" \/>\n        \t<a href='https:\/\/hiiumaa.ee\/fi\/erkki-sven-tuur-looduse-imelisust-on-siin-voimalik-vaga-jouliselt-tajuda\/' title='Erkki-Sven T\u00fc\u00fcr: \u201eLooduse imelisust on siin v\u00f5imalik v\u00e4ga j\u00f5uliselt tajuda.\"'><img decoding=\"async\" width=\"1024\" height=\"1024\" src=\"https:\/\/hiiumaa.ee\/wp-content\/uploads\/2023\/01\/Artiklid-1024x1024.jpg\" alt=\"\" loading=\"lazy\" itemprop=\"image\" srcset=\"https:\/\/hiiumaa.ee\/wp-content\/uploads\/2023\/01\/Artiklid-1024x1024.jpg 1024w, https:\/\/hiiumaa.ee\/wp-content\/uploads\/2023\/01\/Artiklid-300x300.jpg 300w, https:\/\/hiiumaa.ee\/wp-content\/uploads\/2023\/01\/Artiklid-150x150.jpg 150w, https:\/\/hiiumaa.ee\/wp-content\/uploads\/2023\/01\/Artiklid-768x768.jpg 768w, https:\/\/hiiumaa.ee\/wp-content\/uploads\/2023\/01\/Artiklid.jpg 1080w\" sizes=\"auto, (max-width: 1024px) 100vw, 1024px\" \/><\/a>\n        26.01.2023\n        <h5><a href='https:\/\/hiiumaa.ee\/fi\/erkki-sven-tuur-looduse-imelisust-on-siin-voimalik-vaga-jouliselt-tajuda\/' title='Erkki-Sven T\u00fc\u00fcr: \u201eLooduse imelisust on siin v\u00f5imalik v\u00e4ga j\u00f5uliselt tajuda.\"'>Erkki-Sven T\u00fc\u00fcr: \u201eLooduse imelisust on siin v\u00f5imalik v\u00e4ga j\u00f5uliselt tajuda.&#8221;<\/a><\/h5>\n    \t<p>Erkki-Sven T\u00fc\u00fcri stuudio K\u00f5pu poolsaarel T\u00f5rvahju talus asub ta elumajast 200 sammu eemal. Talviti t\u00e4histaevaga v\u00f5tavad need&#8230;<\/p>\n    <a href=\"https:\/\/hiiumaa.ee\/fi\/erkki-sven-tuur-looduse-imelisust-on-siin-voimalik-vaga-jouliselt-tajuda\/\">Jatka lukemista<\/a>\n\t<meta itemscope itemprop=\"mainEntityOfPage\" itemtype=\"https:\/\/schema.org\/WebPage\" itemid=\"https:\/\/hiiumaa.ee\/fi\/aasta-orhideeks-kuulutati-valge-tolmpea\/\" content=\"Aasta orhideeks kuulutati valge tolmpea\" \/><meta itemprop=\"datePublished\" content=\"2023-01-05\" \/><meta itemprop=\"dateModified\" content=\"2023-01-05\" \/><meta itemprop=\"name\" content=\"Hiiumaa\"\/><meta itemprop=\"url\" content=\"https:\/\/hiiumaa.ee\/fi\/author\/hiiumaamariliis\/\" \/><meta itemprop=\"name\" content=\"hiiumaamariliis\" \/><meta itemprop=\"url\" content=\"https:\/\/hiiumaa.ee\/wp-content\/uploads\/2023\/01\/800px-Cephalanthera_longifolia_flowers100604.jpg\" \/><meta itemprop=\"width\" content=\"800\" \/><meta itemprop=\"height\" content=\"1067\" \/><meta itemprop=\"interactionType\" content=\"https:\/\/schema.org\/CommentAction\" \/><meta itemprop=\"userInteractionCount\" content=\"0\" \/>\n        \t<a href='https:\/\/hiiumaa.ee\/fi\/aasta-orhideeks-kuulutati-valge-tolmpea\/' title='Aasta orhideeks kuulutati valge tolmpea'><img decoding=\"async\" width=\"768\" height=\"1024\" src=\"https:\/\/hiiumaa.ee\/wp-content\/uploads\/2023\/01\/800px-Cephalanthera_longifolia_flowers100604-768x1024.jpg\" alt=\"\" loading=\"lazy\" itemprop=\"image\" srcset=\"https:\/\/hiiumaa.ee\/wp-content\/uploads\/2023\/01\/800px-Cephalanthera_longifolia_flowers100604-768x1024.jpg 768w, https:\/\/hiiumaa.ee\/wp-content\/uploads\/2023\/01\/800px-Cephalanthera_longifolia_flowers100604-225x300.jpg 225w, https:\/\/hiiumaa.ee\/wp-content\/uploads\/2023\/01\/800px-Cephalanthera_longifolia_flowers100604.jpg 800w\" sizes=\"auto, (max-width: 768px) 100vw, 768px\" \/><\/a>\n        05.01.2023\n        <h5><a href='https:\/\/hiiumaa.ee\/fi\/aasta-orhideeks-kuulutati-valge-tolmpea\/' title='Aasta orhideeks kuulutati valge tolmpea'>Aasta orhideeks kuulutati valge tolmpea<\/a><\/h5>\n    \t<p>Eesti orhideekaitse Klubi (EOKK) valis selle aasta orhideeks valge tolmpea (Cephalanthera longifolia). Valge tolmpea peamisteks kasvukohtadeks Eestis&#8230;<\/p>\n    <a href=\"https:\/\/hiiumaa.ee\/fi\/aasta-orhideeks-kuulutati-valge-tolmpea\/\">Jatka lukemista<\/a>\n\t<meta itemscope itemprop=\"mainEntityOfPage\" itemtype=\"https:\/\/schema.org\/WebPage\" itemid=\"https:\/\/hiiumaa.ee\/fi\/tonu-onnepalu-sai-hiiumaa-saadiku-sargi\/\" content=\"T\u00f5nu \u00d5nnepalu sai Hiiumaa saadiku s\u00e4rgi\" \/><meta itemprop=\"datePublished\" content=\"2022-12-20\" \/><meta itemprop=\"dateModified\" content=\"2023-01-04\" \/><meta itemprop=\"name\" content=\"Hiiumaa\"\/><meta itemprop=\"url\" content=\"https:\/\/hiiumaa.ee\/fi\/author\/hiiumaa\/\" \/><meta itemprop=\"name\" content=\"hiiumaa\" \/><meta itemprop=\"url\" content=\"https:\/\/hiiumaa.ee\/wp-content\/uploads\/2022\/12\/Hiiumaa-saadiku-sark_Onnepalu_Foto-K-Uksbvarav-scaled.jpg\" \/><meta itemprop=\"width\" content=\"2560\" \/><meta itemprop=\"height\" content=\"1920\" \/><meta itemprop=\"interactionType\" content=\"https:\/\/schema.org\/CommentAction\" \/><meta itemprop=\"userInteractionCount\" content=\"0\" \/>\n        \t<a href='https:\/\/hiiumaa.ee\/fi\/tonu-onnepalu-sai-hiiumaa-saadiku-sargi\/' title='T\u00f5nu \u00d5nnepalu sai Hiiumaa saadiku s\u00e4rgi'><img decoding=\"async\" width=\"1024\" height=\"768\" src=\"https:\/\/hiiumaa.ee\/wp-content\/uploads\/2022\/12\/Hiiumaa-saadiku-sark_Onnepalu_Foto-K-Uksbvarav-1024x768.jpg\" alt=\"\" loading=\"lazy\" itemprop=\"image\" srcset=\"https:\/\/hiiumaa.ee\/wp-content\/uploads\/2022\/12\/Hiiumaa-saadiku-sark_Onnepalu_Foto-K-Uksbvarav-1024x768.jpg 1024w, https:\/\/hiiumaa.ee\/wp-content\/uploads\/2022\/12\/Hiiumaa-saadiku-sark_Onnepalu_Foto-K-Uksbvarav-300x225.jpg 300w, https:\/\/hiiumaa.ee\/wp-content\/uploads\/2022\/12\/Hiiumaa-saadiku-sark_Onnepalu_Foto-K-Uksbvarav-768x576.jpg 768w, https:\/\/hiiumaa.ee\/wp-content\/uploads\/2022\/12\/Hiiumaa-saadiku-sark_Onnepalu_Foto-K-Uksbvarav-1536x1152.jpg 1536w, https:\/\/hiiumaa.ee\/wp-content\/uploads\/2022\/12\/Hiiumaa-saadiku-sark_Onnepalu_Foto-K-Uksbvarav-2048x1536.jpg 2048w\" sizes=\"auto, (max-width: 1024px) 100vw, 1024px\" \/><\/a>\n        20.12.2022\n        <h5><a href='https:\/\/hiiumaa.ee\/fi\/tonu-onnepalu-sai-hiiumaa-saadiku-sargi\/' title='T\u00f5nu \u00d5nnepalu sai Hiiumaa saadiku s\u00e4rgi'>T\u00f5nu \u00d5nnepalu sai Hiiumaa saadiku s\u00e4rgi<\/a><\/h5>\n    \t<p>SA Hiiumaa Arenduskeskus andis Hiiumaa kirjanikule T\u00f5nu \u00d5nnepalule \u00fcle Hiiumaa saadiku tiitli ja sellega kaasneva saadiku s\u00e4rgi&#8230;.<\/p>\n    <a href=\"https:\/\/hiiumaa.ee\/fi\/tonu-onnepalu-sai-hiiumaa-saadiku-sargi\/\">Jatka lukemista<\/a>\n\t\t\t\t<ul class='page-numbers'>\n\t<li>1<\/li>\n\t<li><a href=\"https:\/\/hiiumaa.ee\/fi\/page\/2\/?page_id=31982&#038;fl_builder\">2<\/a><\/li>\n\t<li><a href=\"https:\/\/hiiumaa.ee\/fi\/page\/3\/?page_id=31982&#038;fl_builder\">3<\/a><\/li>\n\t<li>&hellip;<\/li>\n\t<li><a href=\"https:\/\/hiiumaa.ee\/fi\/page\/7\/?page_id=31982&#038;fl_builder\">7<\/a><\/li>\n\t<li><a href=\"https:\/\/hiiumaa.ee\/fi\/page\/2\/?page_id=31982&#038;fl_builder\">Seuraava &raquo;<\/a><\/li>\n<\/ul>\n\t\t<!-- .pp-content-posts -->\n\n","protected":false},"excerpt":{"rendered":"<p>Kaikki Kaikki 10.02.2023 L\u00e4\u00e4ne-Eesti saared on UNESCO tiiva all kestliku looduskasutuse eeskujuks Hiiumaa, Muhu, Ruhnu, Saaremaa ja Vormsi \u00fchendavad j\u00f5ud, et UNESCO nimekirjas oleva alana j\u00e4tkata sealse loodusliku mitmekesisuse&#8230; Jatka&hellip;<\/p>\n","protected":false},"author":2,"featured_media":27142,"parent":0,"menu_order":0,"comment_status":"closed","ping_status":"closed","template":"","meta":{"_acf_changed":false,"_relevanssi_hide_post":"","_relevanssi_hide_content":"","_relevanssi_pin_for_all":"","_relevanssi_pin_keywords":"","_relevanssi_unpin_keywords":"","_relevanssi_related_keywords":"","_relevanssi_related_include_ids":"","_relevanssi_related_exclude_ids":"","_relevanssi_related_no_append":"","_relevanssi_related_not_related":"","_relevanssi_related_posts":"","_relevanssi_noindex_reason":"","inline_featured_image":false,"footnotes":""},"class_list":["post-31982","page","type-page","status-publish","has-post-thumbnail","hentry"],"acf":[],"_links":{"self":[{"href":"https:\/\/hiiumaa.ee\/fi\/wp-json\/wp\/v2\/pages\/31982","targetHints":{"allow":["GET"]}}],"collection":[{"href":"https:\/\/hiiumaa.ee\/fi\/wp-json\/wp\/v2\/pages"}],"about":[{"href":"https:\/\/hiiumaa.ee\/fi\/wp-json\/wp\/v2\/types\/page"}],"author":[{"embeddable":true,"href":"https:\/\/hiiumaa.ee\/fi\/wp-json\/wp\/v2\/users\/2"}],"replies":[{"embeddable":true,"href":"https:\/\/hiiumaa.ee\/fi\/wp-json\/wp\/v2\/comments?post=31982"}],"version-history":[{"count":2,"href":"https:\/\/hiiumaa.ee\/fi\/wp-json\/wp\/v2\/pages\/31982\/revisions"}],"predecessor-version":[{"id":31984,"href":"https:\/\/hiiumaa.ee\/fi\/wp-json\/wp\/v2\/pages\/31982\/revisions\/31984"}],"wp:featuredmedia":[{"embeddable":true,"href":"https:\/\/hiiumaa.ee\/fi\/wp-json\/wp\/v2\/media\/27142"}],"wp:attachment":[{"href":"https:\/\/hiiumaa.ee\/fi\/wp-json\/wp\/v2\/media?parent=31982"}],"curies":[{"name":"wp","href":"https:\/\/api.w.org\/{rel}","templated":true}]}}