{"id":31978,"date":"2022-05-09T12:26:49","date_gmt":"2022-05-09T09:26:49","guid":{"rendered":"https:\/\/hiiumaa.ee\/majutus\/"},"modified":"2023-05-10T09:38:07","modified_gmt":"2023-05-10T06:38:07","slug":"majoittuminen","status":"publish","type":"page","link":"https:\/\/hiiumaa.ee\/fi\/majoittuminen\/","title":{"rendered":"Majoittuminen"},"content":{"rendered":"\r\n<h1><\/h1>\r\n<p> <\/p>\r\n\r\n\r\n\r\n<p>Majoituspaikan tyyppi<\/p>\r\n<h4>Objekti t\u00fc\u00fcp<\/h4>\r\n<fieldset><legend>Objekti t\u00fc\u00fcp<\/legend> <label>Objekti t\u00fc\u00fcp<select name=\"tuup\">\r\n<option value=\"\">Kaikki<\/option>\r\n<option value=\"lomatalot\">Lomatalot\u00a0(43)<\/option>\r\n<option value=\"motellit\">Motellit\u00a0(3)<\/option>\r\n<option value=\"vierashuoneisto\">Vierashuoneisto\u00a0(7)<\/option>\r\n<option value=\"vierasmaja\">Vierasmaja\u00a0(10)<\/option>\r\n<option value=\"hotellit\">Hotellit\u00a0(6)<\/option>\r\n<option value=\"kotimajoitus\">Kotimajoitus\u00a0(8)<\/option>\r\n<option value=\"lomakyla\">Lomakyl\u00e4\u00a0(7)<\/option>\r\n<\/select><\/label><\/fieldset>\r\n<p>Vuodepaikkojen lukum\u00e4\u00e4r\u00e4<\/p>\r\n<p>Hae majoituspaikkoja<\/p>\r\n<h4>Otsing<\/h4>\r\n<fieldset><legend>Otsing<\/legend> <label> Otsing <input autocomplete=\"off\" name=\"otsing\" type=\"search\" value=\"\" placeholder=\"Hae sijainnin, nimen ja avainsanan mukaan\u2026\" \/> <\/label><button hidden=\"\" type=\"button\">Clear<\/button><\/fieldset>\r\n<h4>Tyhjenn\u00e4 suodattimet<\/h4>\r\n<p><button name=\"tuhista_filtrid\" type=\"button\">Tyhjenn\u00e4 suodattimet<\/button><\/p>\r\n","protected":false},"excerpt":{"rendered":"<p>Majoituspaikan tyyppi Objekti t\u00fc\u00fcp Objekti t\u00fc\u00fcp Objekti t\u00fc\u00fcpKaikkiLomatalot\u00a0(43)Motellit\u00a0(3)Vierashuoneisto\u00a0(7)Vierasmaja\u00a0(10)Hotellit\u00a0(6)Kotimajoitus\u00a0(8)Lomakyl\u00e4\u00a0(7) Vuodepaikkojen lukum\u00e4\u00e4r\u00e4 Hae majoituspaikkoja Otsing Otsing Otsing Clear Tyhjenn\u00e4 suodattimet Tyhjenn\u00e4 suodattimet<\/p>\n","protected":false},"author":2,"featured_media":107293,"parent":0,"menu_order":0,"comment_status":"closed","ping_status":"closed","template":"","meta":{"_acf_changed":false,"_relevanssi_hide_post":"","_relevanssi_hide_content":"","_relevanssi_pin_for_all":"","_relevanssi_pin_keywords":"","_relevanssi_unpin_keywords":"","_relevanssi_related_keywords":"","_relevanssi_related_include_ids":"","_relevanssi_related_exclude_ids":"","_relevanssi_related_no_append":"","_relevanssi_related_not_related":"","_relevanssi_related_posts":"","_relevanssi_noindex_reason":"","inline_featured_image":false,"footnotes":""},"class_list":["post-31978","page","type-page","status-publish","has-post-thumbnail","hentry"],"acf":[],"_links":{"self":[{"href":"https:\/\/hiiumaa.ee\/fi\/wp-json\/wp\/v2\/pages\/31978","targetHints":{"allow":["GET"]}}],"collection":[{"href":"https:\/\/hiiumaa.ee\/fi\/wp-json\/wp\/v2\/pages"}],"about":[{"href":"https:\/\/hiiumaa.ee\/fi\/wp-json\/wp\/v2\/types\/page"}],"author":[{"embeddable":true,"href":"https:\/\/hiiumaa.ee\/fi\/wp-json\/wp\/v2\/users\/2"}],"replies":[{"embeddable":true,"href":"https:\/\/hiiumaa.ee\/fi\/wp-json\/wp\/v2\/comments?post=31978"}],"version-history":[{"count":5,"href":"https:\/\/hiiumaa.ee\/fi\/wp-json\/wp\/v2\/pages\/31978\/revisions"}],"predecessor-version":[{"id":36300,"href":"https:\/\/hiiumaa.ee\/fi\/wp-json\/wp\/v2\/pages\/31978\/revisions\/36300"}],"wp:featuredmedia":[{"embeddable":true,"href":"https:\/\/hiiumaa.ee\/fi\/wp-json\/wp\/v2\/media\/107293"}],"wp:attachment":[{"href":"https:\/\/hiiumaa.ee\/fi\/wp-json\/wp\/v2\/media?parent=31978"}],"curies":[{"name":"wp","href":"https:\/\/api.w.org\/{rel}","templated":true}]}}