{"id":31974,"date":"2022-05-09T20:26:09","date_gmt":"2022-05-09T17:26:09","guid":{"rendered":"https:\/\/hiiumaa.ee\/soogikohad\/"},"modified":"2023-05-10T10:24:56","modified_gmt":"2023-05-10T07:24:56","slug":"ruokapaikat","status":"publish","type":"page","link":"https:\/\/hiiumaa.ee\/fi\/ruokapaikat\/","title":{"rendered":"Ruokapaikat"},"content":{"rendered":"\r\n<h1><\/h1>\r\n<p> <\/p>\r\n\r\n\r\n\r\n<p>Ruokapaikan tyyppi<\/p>\r\n<h4>Objekti t\u00fc\u00fcp<\/h4>\r\n<fieldset><legend>Objekti t\u00fc\u00fcp<\/legend> <label>Objekti t\u00fc\u00fcp<select name=\"tuup\">\r\n<option value=\"\">Kaikki<\/option>\r\n<option value=\"pikaruoka\">Pikaruoka\u00a0(2)<\/option>\r\n<option value=\"ravintolat\">Ravintolat\u00a0(12)<\/option>\r\n<option value=\"baarit-ja-pubit\">Baarit ja pubit\u00a0(5)<\/option>\r\n<option value=\"elamysruokailu-ja-tyopajat\">El\u00e4mysruokailu ja ty\u00f6pajat\u00a0(1)<\/option>\r\n<option value=\"kahvilat\">Kahvilat\u00a0(12)<\/option>\r\n<\/select><\/label><\/fieldset>\r\n<p>Hae ruokapaikkoja<\/p>\r\n<h4>Otsing<\/h4>\r\n<fieldset><legend>Otsing<\/legend> <label> Otsing <input autocomplete=\"off\" name=\"otsing\" type=\"search\" value=\"\" placeholder=\"Hae sijainnin, nimen ja avainsanan mukaan\u2026\" \/> <\/label><button hidden=\"\" type=\"button\">Clear<\/button><\/fieldset>\r\n<h4>T\u00fchista filtrid<\/h4>\r\n<p><button name=\"tuhista_filtrid\" type=\"button\">T\u00fchista filtrid<\/button><\/p>\r\n","protected":false},"excerpt":{"rendered":"<p>Ruokapaikan tyyppi Objekti t\u00fc\u00fcp Objekti t\u00fc\u00fcp Objekti t\u00fc\u00fcpKaikkiPikaruoka\u00a0(2)Ravintolat\u00a0(12)Baarit ja pubit\u00a0(5)El\u00e4mysruokailu ja ty\u00f6pajat\u00a0(1)Kahvilat\u00a0(12) Hae ruokapaikkoja Otsing Otsing Otsing Clear T\u00fchista filtrid T\u00fchista filtrid<\/p>\n","protected":false},"author":2,"featured_media":27082,"parent":0,"menu_order":0,"comment_status":"closed","ping_status":"closed","template":"","meta":{"_acf_changed":false,"_relevanssi_hide_post":"","_relevanssi_hide_content":"","_relevanssi_pin_for_all":"","_relevanssi_pin_keywords":"","_relevanssi_unpin_keywords":"","_relevanssi_related_keywords":"","_relevanssi_related_include_ids":"","_relevanssi_related_exclude_ids":"","_relevanssi_related_no_append":"","_relevanssi_related_not_related":"","_relevanssi_related_posts":"","_relevanssi_noindex_reason":"","inline_featured_image":false,"footnotes":""},"class_list":["post-31974","page","type-page","status-publish","has-post-thumbnail","hentry"],"acf":[],"_links":{"self":[{"href":"https:\/\/hiiumaa.ee\/fi\/wp-json\/wp\/v2\/pages\/31974","targetHints":{"allow":["GET"]}}],"collection":[{"href":"https:\/\/hiiumaa.ee\/fi\/wp-json\/wp\/v2\/pages"}],"about":[{"href":"https:\/\/hiiumaa.ee\/fi\/wp-json\/wp\/v2\/types\/page"}],"author":[{"embeddable":true,"href":"https:\/\/hiiumaa.ee\/fi\/wp-json\/wp\/v2\/users\/2"}],"replies":[{"embeddable":true,"href":"https:\/\/hiiumaa.ee\/fi\/wp-json\/wp\/v2\/comments?post=31974"}],"version-history":[{"count":4,"href":"https:\/\/hiiumaa.ee\/fi\/wp-json\/wp\/v2\/pages\/31974\/revisions"}],"predecessor-version":[{"id":36316,"href":"https:\/\/hiiumaa.ee\/fi\/wp-json\/wp\/v2\/pages\/31974\/revisions\/36316"}],"wp:featuredmedia":[{"embeddable":true,"href":"https:\/\/hiiumaa.ee\/fi\/wp-json\/wp\/v2\/media\/27082"}],"wp:attachment":[{"href":"https:\/\/hiiumaa.ee\/fi\/wp-json\/wp\/v2\/media?parent=31974"}],"curies":[{"name":"wp","href":"https:\/\/api.w.org\/{rel}","templated":true}]}}