{"id":31967,"date":"2022-05-09T20:31:30","date_gmt":"2022-05-09T17:31:30","guid":{"rendered":"https:\/\/hiiumaa.ee\/vaatamisvaarsused\/"},"modified":"2023-05-09T14:28:25","modified_gmt":"2023-05-09T11:28:25","slug":"mielenkiintoisia-paikkoja","status":"publish","type":"page","link":"https:\/\/hiiumaa.ee\/fi\/mielenkiintoisia-paikkoja\/","title":{"rendered":"Mielenkiintoisia paikkoja"},"content":{"rendered":"\r\n<h1><\/h1>\r\n<p> <\/p>\r\n\r\n\r\n\r\n<p>Tyyppi<\/p>\r\n<p>Hae<\/p>\r\n<h4>Otsing<\/h4>\r\n<fieldset><legend>Otsing<\/legend> <label> Otsing <input autocomplete=\"off\" name=\"otsing\" type=\"search\" value=\"\" placeholder=\"Otsi asukoha, nimetuse &amp; m\u00e4rks\u00f5na j\u00e4rgi\" \/> <\/label><button hidden=\"\" type=\"button\">Clear<\/button><\/fieldset>\r\n<h4>T\u00fchista filtrid<\/h4>\r\n<p><button name=\"tuhista_filtrid\" type=\"button\">T\u00fchista filtrid<\/button><\/p>\r\n","protected":false},"excerpt":{"rendered":"<p>Tyyppi Hae Otsing Otsing Otsing Clear T\u00fchista filtrid T\u00fchista filtrid<\/p>\n","protected":false},"author":2,"featured_media":22941,"parent":0,"menu_order":0,"comment_status":"closed","ping_status":"closed","template":"","meta":{"_acf_changed":false,"_relevanssi_hide_post":"","_relevanssi_hide_content":"","_relevanssi_pin_for_all":"","_relevanssi_pin_keywords":"","_relevanssi_unpin_keywords":"","_relevanssi_related_keywords":"","_relevanssi_related_include_ids":"","_relevanssi_related_exclude_ids":"","_relevanssi_related_no_append":"","_relevanssi_related_not_related":"","_relevanssi_related_posts":"","_relevanssi_noindex_reason":"","inline_featured_image":false,"footnotes":""},"class_list":["post-31967","page","type-page","status-publish","has-post-thumbnail","hentry"],"acf":[],"_links":{"self":[{"href":"https:\/\/hiiumaa.ee\/fi\/wp-json\/wp\/v2\/pages\/31967","targetHints":{"allow":["GET"]}}],"collection":[{"href":"https:\/\/hiiumaa.ee\/fi\/wp-json\/wp\/v2\/pages"}],"about":[{"href":"https:\/\/hiiumaa.ee\/fi\/wp-json\/wp\/v2\/types\/page"}],"author":[{"embeddable":true,"href":"https:\/\/hiiumaa.ee\/fi\/wp-json\/wp\/v2\/users\/2"}],"replies":[{"embeddable":true,"href":"https:\/\/hiiumaa.ee\/fi\/wp-json\/wp\/v2\/comments?post=31967"}],"version-history":[{"count":7,"href":"https:\/\/hiiumaa.ee\/fi\/wp-json\/wp\/v2\/pages\/31967\/revisions"}],"predecessor-version":[{"id":36172,"href":"https:\/\/hiiumaa.ee\/fi\/wp-json\/wp\/v2\/pages\/31967\/revisions\/36172"}],"wp:featuredmedia":[{"embeddable":true,"href":"https:\/\/hiiumaa.ee\/fi\/wp-json\/wp\/v2\/media\/22941"}],"wp:attachment":[{"href":"https:\/\/hiiumaa.ee\/fi\/wp-json\/wp\/v2\/media?parent=31967"}],"curies":[{"name":"wp","href":"https:\/\/api.w.org\/{rel}","templated":true}]}}