{"id":31961,"date":"2020-03-18T20:21:19","date_gmt":"2020-03-18T20:21:19","guid":{"rendered":"https:\/\/hiiumaa.ee\/esileht\/"},"modified":"2026-01-27T09:36:51","modified_gmt":"2026-01-27T07:36:51","slug":"esileht","status":"publish","type":"page","link":"https:\/\/hiiumaa.ee\/fi\/","title":{"rendered":"Etusivu"},"content":{"rendered":"\r\n<h1><\/h1>\r\n\r\n<p>Katso video <a id=\"play-video\" href=\"#\"> <img decoding=\"async\" src=\"https:\/\/hiiumaa.ee\/wp-content\/uploads\/2022\/05\/WhitePlay.svg\" \/> <\/a>  <\/p>\r\n<h4>Modal Box<\/h4>\r\n<h5>modal-<\/h5>\r\n<p>Click here to edit the &#8221;modal-box&#8221; settings. This text is only for editing and will not appear after you publish the changes. Preview modal- <iframe loading=\"lazy\" title=\"YouTube video player\" src=\"[wpbb post:acf type='url' name='hero_video_url']\" width=\"100%\" height=\"515\" frameborder=\"0\" allowfullscreen=\"allowfullscreen\"><\/iframe> <a href=\"\"><img decoding=\"async\" src=\"\" \/><\/a> <a href=\"\"><img decoding=\"async\" src=\"\" \/><\/a> <a href=\"\"><img decoding=\"async\" src=\"\" \/><\/a> <a href=\"\"><img decoding=\"async\" src=\"\" \/><\/a> <a href=\"\"><img decoding=\"async\" src=\"\" \/><\/a><\/p>\r\n<p>Matkasuosituksia ja tarjouksia<\/p>\r\n<p><img decoding=\"async\" src=\"https:\/\/hiiumaa.ee\/wp-content\/uploads\/2022\/05\/ArrowPrev.svg\" alt=\"slider prev slide\" \/> <img decoding=\"async\" src=\"https:\/\/hiiumaa.ee\/wp-content\/uploads\/2022\/05\/ArrowNext.svg\" alt=\"slider next slide\" \/><\/p>\r\n<ul><\/ul>\r\n\r\n<p><img loading=\"lazy\" decoding=\"async\" src=\"https:\/\/hiiumaa.ee\/wp-content\/uploads\/2022\/05\/SundmusedIkoon.svg\" alt=\"\" width=\"150\" height=\"150\" \/>  <img loading=\"lazy\" decoding=\"async\" src=\"https:\/\/hiiumaa.ee\/wp-content\/uploads\/2022\/05\/SundmusedIkoon.svg\" alt=\"\" width=\"150\" height=\"150\" \/>  <img loading=\"lazy\" decoding=\"async\" src=\"https:\/\/hiiumaa.ee\/wp-content\/uploads\/2022\/05\/SundmusedIkoon.svg\" alt=\"\" width=\"150\" height=\"150\" \/>  <img loading=\"lazy\" decoding=\"async\" src=\"https:\/\/hiiumaa.ee\/wp-content\/uploads\/2022\/05\/SundmusedIkoon.svg\" alt=\"\" width=\"150\" height=\"150\" \/>  <img loading=\"lazy\" decoding=\"async\" src=\"https:\/\/hiiumaa.ee\/wp-content\/uploads\/2022\/05\/SundmusedIkoon.svg\" alt=\"\" width=\"150\" height=\"150\" \/>  <img loading=\"lazy\" decoding=\"async\" src=\"https:\/\/hiiumaa.ee\/wp-content\/uploads\/2022\/05\/SundmusedIkoon.svg\" alt=\"\" width=\"150\" height=\"150\" \/>    <img loading=\"lazy\" decoding=\"async\" src=\"https:\/\/hiiumaa.ee\/wp-content\/uploads\/2022\/05\/SundmusedIkoon.svg\" alt=\"\" width=\"150\" height=\"150\" \/>    <img loading=\"lazy\" decoding=\"async\" src=\"https:\/\/hiiumaa.ee\/wp-content\/uploads\/2022\/05\/SundmusedIkoon.svg\" alt=\"\" width=\"150\" height=\"150\" \/>    <img loading=\"lazy\" decoding=\"async\" src=\"https:\/\/hiiumaa.ee\/wp-content\/uploads\/2022\/05\/SundmusedIkoon.svg\" alt=\"\" width=\"150\" height=\"150\" \/>    <img loading=\"lazy\" decoding=\"async\" src=\"https:\/\/hiiumaa.ee\/wp-content\/uploads\/2022\/05\/SundmusedIkoon.svg\" alt=\"\" width=\"150\" height=\"150\" \/>   <\/p>\r\n\r\n\r\n<p><a target=\"_self\" rel=\"noopener\">  <\/a>  <\/p>\r\n\r\n<p><a target=\"_self\" rel=\"noopener\">  <\/a>  <\/p>\r\n\r\n<p><a href=\"https:\/\/hiiumaa.ee\/fi\/tapahtumat\/\" target=\"_self\" rel=\"noopener\"> Katso kaikki <\/a><\/p>\r\n\r\n\r\n<p><a target=\"_self\" rel=\"noopener\">  <\/a><\/p>\r\n<ul><\/ul>\r\n\r\n<p><img decoding=\"async\" src=\"https:\/\/hiiumaa.ee\/wp-content\/uploads\/2022\/05\/ArrowPrev.svg\" alt=\"slider prev slide\" \/> <img decoding=\"async\" src=\"https:\/\/hiiumaa.ee\/wp-content\/uploads\/2022\/05\/ArrowNext.svg\" alt=\"slider next slide\" \/><\/p>\r\n<ul><\/ul>\r\n<h2><\/h2>\r\n\r\n<p><a target=\"_self\" rel=\"noopener\">  <\/a> <img loading=\"lazy\" decoding=\"async\" title=\"Hiiumaa E-pood\" src=\"https:\/\/hiiumaa.ee\/wp-content\/uploads\/2022\/05\/Hiiumaa-E-pood-1.png\" alt=\"Hiiumaa E-pood\" width=\"888\" height=\"571\" \/><\/p>\r\n<p>@visithiiumaa<\/p>\r\n<p>Jaa Hiidenmaan hetki\u00e4 #hingelthiid #visithiiumaa #hiiumaa<\/p>\r\n\n<div id=\"sb_instagram\"  class=\"sbi sbi_mob_col_2 sbi_tab_col_2 sbi_col_4 sbi_width_resp\" style=\"padding-bottom: 10px;\"\t data-feedid=\"*3\"  data-res=\"auto\" data-cols=\"4\" data-colsmobile=\"2\" data-colstablet=\"2\" data-num=\"4\" data-nummobile=\"4\" data-item-padding=\"5\"\t data-shortcode-atts=\"{&quot;feed&quot;:&quot;3&quot;}\"  data-postid=\"31961\" data-locatornonce=\"6b92a6c8bf\" data-imageaspectratio=\"1:1\" data-sbi-flags=\"favorLocal,imageLoadDisable,gdpr\">\n\t\n\t<div id=\"sbi_images\"  style=\"gap: 10px;\">\n\t\t<div class=\"sbi_item sbi_type_video sbi_new sbi_no_js sbi_no_resraise sbi_js_load_disabled\"\n\tid=\"sbi_18167984293408110\" data-date=\"1775222753\">\n\t<div class=\"sbi_photo_wrap\">\n\t\t<a class=\"sbi_photo\" href=\"https:\/\/www.instagram.com\/reel\/DWq8xUSjP_3\/\" target=\"_blank\" rel=\"noopener nofollow\"\n\t\t\tdata-full-res=\"https:\/\/scontent.cdninstagram.com\/v\/t51.82787-15\/662953871_18258550363288070_6112740345620035718_n.jpg?stp=dst-jpg_e35_tt6&#038;_nc_cat=101&#038;ccb=7-5&#038;_nc_sid=18de74&#038;efg=eyJlZmdfdGFnIjoiQ0xJUFMuYmVzdF9pbWFnZV91cmxnZW4uQzMifQ%3D%3D&#038;_nc_ohc=rMSY1TLVK5AQ7kNvwGoK1jL&#038;_nc_oc=AdpwJ9oGObb_rig_emKf9_G24GX6XO2HWV_5uu6OoKR_LKR5bSzS5qzYTxTYGixqJg0&#038;_nc_zt=23&#038;_nc_ht=scontent.cdninstagram.com&#038;edm=AM6HXa8EAAAA&#038;_nc_gid=uekyfdZesW99YS_b3e46Jw&#038;_nc_tpa=Q5bMBQGy7H731U5XrpbktDqDfhWZvix2Xnz2QVtX3bcV1ujK4aEAucuzSnJTLm-eiUAQI4Tadz6qwE6w&#038;oh=00_Af2kdrbjcDzoHThd4UTZOGrHQZAA-wU1Rz_xRFLE839vrQ&#038;oe=69D5EFF3\"\n\t\t\tdata-img-src-set=\"{&quot;d&quot;:&quot;https:\\\/\\\/scontent.cdninstagram.com\\\/v\\\/t51.82787-15\\\/662953871_18258550363288070_6112740345620035718_n.jpg?stp=dst-jpg_e35_tt6&amp;_nc_cat=101&amp;ccb=7-5&amp;_nc_sid=18de74&amp;efg=eyJlZmdfdGFnIjoiQ0xJUFMuYmVzdF9pbWFnZV91cmxnZW4uQzMifQ%3D%3D&amp;_nc_ohc=rMSY1TLVK5AQ7kNvwGoK1jL&amp;_nc_oc=AdpwJ9oGObb_rig_emKf9_G24GX6XO2HWV_5uu6OoKR_LKR5bSzS5qzYTxTYGixqJg0&amp;_nc_zt=23&amp;_nc_ht=scontent.cdninstagram.com&amp;edm=AM6HXa8EAAAA&amp;_nc_gid=uekyfdZesW99YS_b3e46Jw&amp;_nc_tpa=Q5bMBQGy7H731U5XrpbktDqDfhWZvix2Xnz2QVtX3bcV1ujK4aEAucuzSnJTLm-eiUAQI4Tadz6qwE6w&amp;oh=00_Af2kdrbjcDzoHThd4UTZOGrHQZAA-wU1Rz_xRFLE839vrQ&amp;oe=69D5EFF3&quot;,&quot;150&quot;:&quot;https:\\\/\\\/scontent.cdninstagram.com\\\/v\\\/t51.82787-15\\\/662953871_18258550363288070_6112740345620035718_n.jpg?stp=dst-jpg_e35_tt6&amp;_nc_cat=101&amp;ccb=7-5&amp;_nc_sid=18de74&amp;efg=eyJlZmdfdGFnIjoiQ0xJUFMuYmVzdF9pbWFnZV91cmxnZW4uQzMifQ%3D%3D&amp;_nc_ohc=rMSY1TLVK5AQ7kNvwGoK1jL&amp;_nc_oc=AdpwJ9oGObb_rig_emKf9_G24GX6XO2HWV_5uu6OoKR_LKR5bSzS5qzYTxTYGixqJg0&amp;_nc_zt=23&amp;_nc_ht=scontent.cdninstagram.com&amp;edm=AM6HXa8EAAAA&amp;_nc_gid=uekyfdZesW99YS_b3e46Jw&amp;_nc_tpa=Q5bMBQGy7H731U5XrpbktDqDfhWZvix2Xnz2QVtX3bcV1ujK4aEAucuzSnJTLm-eiUAQI4Tadz6qwE6w&amp;oh=00_Af2kdrbjcDzoHThd4UTZOGrHQZAA-wU1Rz_xRFLE839vrQ&amp;oe=69D5EFF3&quot;,&quot;320&quot;:&quot;https:\\\/\\\/hiiumaa.ee\\\/wp-content\\\/uploads\\\/sb-instagram-feed-images\\\/662953871_18258550363288070_6112740345620035718_nlow.webp&quot;,&quot;640&quot;:&quot;https:\\\/\\\/hiiumaa.ee\\\/wp-content\\\/uploads\\\/sb-instagram-feed-images\\\/662953871_18258550363288070_6112740345620035718_nfull.webp&quot;}\">\n\t\t\t<span class=\"sbi-screenreader\">Tule Hiiumaa tuletornide jooksule \u00fcksi v\u00f5i seltsko<\/span>\n\t\t\t\t\t\t<svg style=\"color: rgba(255,255,255,1)\" class=\"svg-inline--fa fa-play fa-w-14 sbi_playbtn\" aria-label=\"Play\" aria-hidden=\"true\" data-fa-processed=\"\" data-prefix=\"fa\" data-icon=\"play\" role=\"presentation\" xmlns=\"http:\/\/www.w3.org\/2000\/svg\" viewBox=\"0 0 448 512\"><path fill=\"currentColor\" d=\"M424.4 214.7L72.4 6.6C43.8-10.3 0 6.1 0 47.9V464c0 37.5 40.7 60.1 72.4 41.3l352-208c31.4-18.5 31.5-64.1 0-82.6z\"><\/path><\/svg>\t\t\t<img decoding=\"async\" src=\"https:\/\/hiiumaa.ee\/wp-content\/uploads\/sb-instagram-feed-images\/662953871_18258550363288070_6112740345620035718_nfull.webp\" alt=\"Tule Hiiumaa tuletornide jooksule \u00fcksi v\u00f5i seltskonnaga \ud83c\udfc3\u200d\u2640\ufe0f\ud83c\udf881. - 3. maini! \n\n#visithiiumaa\" aria-hidden=\"true\">\n\t\t<\/a>\n\t<\/div>\n<\/div><div class=\"sbi_item sbi_type_video sbi_new sbi_no_js sbi_no_resraise sbi_js_load_disabled\"\n\tid=\"sbi_17921862909277990\" data-date=\"1774972601\">\n\t<div class=\"sbi_photo_wrap\">\n\t\t<a class=\"sbi_photo\" href=\"https:\/\/www.instagram.com\/reel\/DWjfeyPDLKI\/\" target=\"_blank\" rel=\"noopener nofollow\"\n\t\t\tdata-full-res=\"https:\/\/scontent.cdninstagram.com\/v\/t51.82787-15\/657715803_18258227713288070_1102402289770705241_n.jpg?stp=dst-jpg_e35_tt6&#038;_nc_cat=100&#038;ccb=7-5&#038;_nc_sid=18de74&#038;efg=eyJlZmdfdGFnIjoiQ0xJUFMuYmVzdF9pbWFnZV91cmxnZW4uQzMifQ%3D%3D&#038;_nc_ohc=NfjEaTJSFksQ7kNvwGUoIQx&#038;_nc_oc=Adr7X5aPcIC9JuEmOudDBrmEyR8WDGh9Kxf72gf4x8cqZZcVR-Is7jeEMz51ctOA2Jc&#038;_nc_zt=23&#038;_nc_ht=scontent.cdninstagram.com&#038;edm=AM6HXa8EAAAA&#038;_nc_gid=uekyfdZesW99YS_b3e46Jw&#038;_nc_tpa=Q5bMBQHshVR_WXrXOJ8FG_TmB_GR9Qr5hDMGWbRr6EQxQgRpWV2zhzwxCEjdSC2M2xS2KvMovt0YiNNV&#038;oh=00_Af3zZq7Eb0SXREHtLNEXUp71zzkn1b_sxd1U2_0lLdHcnw&#038;oe=69D5F5B3\"\n\t\t\tdata-img-src-set=\"{&quot;d&quot;:&quot;https:\\\/\\\/scontent.cdninstagram.com\\\/v\\\/t51.82787-15\\\/657715803_18258227713288070_1102402289770705241_n.jpg?stp=dst-jpg_e35_tt6&amp;_nc_cat=100&amp;ccb=7-5&amp;_nc_sid=18de74&amp;efg=eyJlZmdfdGFnIjoiQ0xJUFMuYmVzdF9pbWFnZV91cmxnZW4uQzMifQ%3D%3D&amp;_nc_ohc=NfjEaTJSFksQ7kNvwGUoIQx&amp;_nc_oc=Adr7X5aPcIC9JuEmOudDBrmEyR8WDGh9Kxf72gf4x8cqZZcVR-Is7jeEMz51ctOA2Jc&amp;_nc_zt=23&amp;_nc_ht=scontent.cdninstagram.com&amp;edm=AM6HXa8EAAAA&amp;_nc_gid=uekyfdZesW99YS_b3e46Jw&amp;_nc_tpa=Q5bMBQHshVR_WXrXOJ8FG_TmB_GR9Qr5hDMGWbRr6EQxQgRpWV2zhzwxCEjdSC2M2xS2KvMovt0YiNNV&amp;oh=00_Af3zZq7Eb0SXREHtLNEXUp71zzkn1b_sxd1U2_0lLdHcnw&amp;oe=69D5F5B3&quot;,&quot;150&quot;:&quot;https:\\\/\\\/scontent.cdninstagram.com\\\/v\\\/t51.82787-15\\\/657715803_18258227713288070_1102402289770705241_n.jpg?stp=dst-jpg_e35_tt6&amp;_nc_cat=100&amp;ccb=7-5&amp;_nc_sid=18de74&amp;efg=eyJlZmdfdGFnIjoiQ0xJUFMuYmVzdF9pbWFnZV91cmxnZW4uQzMifQ%3D%3D&amp;_nc_ohc=NfjEaTJSFksQ7kNvwGUoIQx&amp;_nc_oc=Adr7X5aPcIC9JuEmOudDBrmEyR8WDGh9Kxf72gf4x8cqZZcVR-Is7jeEMz51ctOA2Jc&amp;_nc_zt=23&amp;_nc_ht=scontent.cdninstagram.com&amp;edm=AM6HXa8EAAAA&amp;_nc_gid=uekyfdZesW99YS_b3e46Jw&amp;_nc_tpa=Q5bMBQHshVR_WXrXOJ8FG_TmB_GR9Qr5hDMGWbRr6EQxQgRpWV2zhzwxCEjdSC2M2xS2KvMovt0YiNNV&amp;oh=00_Af3zZq7Eb0SXREHtLNEXUp71zzkn1b_sxd1U2_0lLdHcnw&amp;oe=69D5F5B3&quot;,&quot;320&quot;:&quot;https:\\\/\\\/hiiumaa.ee\\\/wp-content\\\/uploads\\\/sb-instagram-feed-images\\\/657715803_18258227713288070_1102402289770705241_nlow.webp&quot;,&quot;640&quot;:&quot;https:\\\/\\\/hiiumaa.ee\\\/wp-content\\\/uploads\\\/sb-instagram-feed-images\\\/657715803_18258227713288070_1102402289770705241_nfull.webp&quot;}\">\n\t\t\t<span class=\"sbi-screenreader\">Paradiisisaarele elama ja \u00f5ppima, Hiiumaal saab \u00f5p<\/span>\n\t\t\t\t\t\t<svg style=\"color: rgba(255,255,255,1)\" class=\"svg-inline--fa fa-play fa-w-14 sbi_playbtn\" aria-label=\"Play\" aria-hidden=\"true\" data-fa-processed=\"\" data-prefix=\"fa\" data-icon=\"play\" role=\"presentation\" xmlns=\"http:\/\/www.w3.org\/2000\/svg\" viewBox=\"0 0 448 512\"><path fill=\"currentColor\" d=\"M424.4 214.7L72.4 6.6C43.8-10.3 0 6.1 0 47.9V464c0 37.5 40.7 60.1 72.4 41.3l352-208c31.4-18.5 31.5-64.1 0-82.6z\"><\/path><\/svg>\t\t\t<img decoding=\"async\" src=\"https:\/\/hiiumaa.ee\/wp-content\/uploads\/sb-instagram-feed-images\/657715803_18258227713288070_1102402289770705241_nfull.webp\" alt=\"Paradiisisaarele elama ja \u00f5ppima, Hiiumaal saab \u00f5ppida turismi ja mitte ainult, seda samal ajal koos g\u00fcmnaasiumiga \ud83e\udef6\n\nVastuv\u00f5tt HIIG+ on alanud\ud83c\udfc3\u200d\u2640\ufe0f \n\nhttps:\/\/www.hiig.edu.ee\/en\" aria-hidden=\"true\">\n\t\t<\/a>\n\t<\/div>\n<\/div><div class=\"sbi_item sbi_type_video sbi_new sbi_no_js sbi_no_resraise sbi_js_load_disabled\"\n\tid=\"sbi_18122022745614289\" data-date=\"1774710169\">\n\t<div class=\"sbi_photo_wrap\">\n\t\t<a class=\"sbi_photo\" href=\"https:\/\/www.instagram.com\/reel\/DWbqvIfDPYA\/\" target=\"_blank\" rel=\"noopener nofollow\"\n\t\t\tdata-full-res=\"https:\/\/scontent.cdninstagram.com\/v\/t51.82787-15\/656235538_18257811742288070_944416738605565796_n.jpg?stp=dst-jpg_e35_tt6&#038;_nc_cat=110&#038;ccb=7-5&#038;_nc_sid=18de74&#038;efg=eyJlZmdfdGFnIjoiQ0xJUFMuYmVzdF9pbWFnZV91cmxnZW4uQzMifQ%3D%3D&#038;_nc_ohc=Z98uwhlZptAQ7kNvwGJ9-NI&#038;_nc_oc=AdojcdtYAE_PvYs5LV7hR-A3TUa0lT1tYpluOl4wjp3bdelgl6_0oicsq9t3upk_yFY&#038;_nc_zt=23&#038;_nc_ht=scontent.cdninstagram.com&#038;edm=AM6HXa8EAAAA&#038;_nc_gid=uekyfdZesW99YS_b3e46Jw&#038;_nc_tpa=Q5bMBQFEpPm3siuAJfKSOEn9I7ia80MUY3Q7GW5rhY4WBdt_M8IFvQcsu4NwGA52CInGNGO6oEiik95j&#038;oh=00_Af1O84rCWwFHsEXIuYMvw9bn2bK1GgMxsG1xycTiZ4i9qQ&#038;oe=69D61314\"\n\t\t\tdata-img-src-set=\"{&quot;d&quot;:&quot;https:\\\/\\\/scontent.cdninstagram.com\\\/v\\\/t51.82787-15\\\/656235538_18257811742288070_944416738605565796_n.jpg?stp=dst-jpg_e35_tt6&amp;_nc_cat=110&amp;ccb=7-5&amp;_nc_sid=18de74&amp;efg=eyJlZmdfdGFnIjoiQ0xJUFMuYmVzdF9pbWFnZV91cmxnZW4uQzMifQ%3D%3D&amp;_nc_ohc=Z98uwhlZptAQ7kNvwGJ9-NI&amp;_nc_oc=AdojcdtYAE_PvYs5LV7hR-A3TUa0lT1tYpluOl4wjp3bdelgl6_0oicsq9t3upk_yFY&amp;_nc_zt=23&amp;_nc_ht=scontent.cdninstagram.com&amp;edm=AM6HXa8EAAAA&amp;_nc_gid=uekyfdZesW99YS_b3e46Jw&amp;_nc_tpa=Q5bMBQFEpPm3siuAJfKSOEn9I7ia80MUY3Q7GW5rhY4WBdt_M8IFvQcsu4NwGA52CInGNGO6oEiik95j&amp;oh=00_Af1O84rCWwFHsEXIuYMvw9bn2bK1GgMxsG1xycTiZ4i9qQ&amp;oe=69D61314&quot;,&quot;150&quot;:&quot;https:\\\/\\\/scontent.cdninstagram.com\\\/v\\\/t51.82787-15\\\/656235538_18257811742288070_944416738605565796_n.jpg?stp=dst-jpg_e35_tt6&amp;_nc_cat=110&amp;ccb=7-5&amp;_nc_sid=18de74&amp;efg=eyJlZmdfdGFnIjoiQ0xJUFMuYmVzdF9pbWFnZV91cmxnZW4uQzMifQ%3D%3D&amp;_nc_ohc=Z98uwhlZptAQ7kNvwGJ9-NI&amp;_nc_oc=AdojcdtYAE_PvYs5LV7hR-A3TUa0lT1tYpluOl4wjp3bdelgl6_0oicsq9t3upk_yFY&amp;_nc_zt=23&amp;_nc_ht=scontent.cdninstagram.com&amp;edm=AM6HXa8EAAAA&amp;_nc_gid=uekyfdZesW99YS_b3e46Jw&amp;_nc_tpa=Q5bMBQFEpPm3siuAJfKSOEn9I7ia80MUY3Q7GW5rhY4WBdt_M8IFvQcsu4NwGA52CInGNGO6oEiik95j&amp;oh=00_Af1O84rCWwFHsEXIuYMvw9bn2bK1GgMxsG1xycTiZ4i9qQ&amp;oe=69D61314&quot;,&quot;320&quot;:&quot;https:\\\/\\\/hiiumaa.ee\\\/wp-content\\\/uploads\\\/sb-instagram-feed-images\\\/656235538_18257811742288070_944416738605565796_nlow.webp&quot;,&quot;640&quot;:&quot;https:\\\/\\\/hiiumaa.ee\\\/wp-content\\\/uploads\\\/sb-instagram-feed-images\\\/656235538_18257811742288070_944416738605565796_nfull.webp&quot;}\">\n\t\t\t<span class=\"sbi-screenreader\">\ud83c\udfc3\u200d\u2640\ufe0fT\u00e4navune tuletornide teema-aasta toob Hiiumaa <\/span>\n\t\t\t\t\t\t<svg style=\"color: rgba(255,255,255,1)\" class=\"svg-inline--fa fa-play fa-w-14 sbi_playbtn\" aria-label=\"Play\" aria-hidden=\"true\" data-fa-processed=\"\" data-prefix=\"fa\" data-icon=\"play\" role=\"presentation\" xmlns=\"http:\/\/www.w3.org\/2000\/svg\" viewBox=\"0 0 448 512\"><path fill=\"currentColor\" d=\"M424.4 214.7L72.4 6.6C43.8-10.3 0 6.1 0 47.9V464c0 37.5 40.7 60.1 72.4 41.3l352-208c31.4-18.5 31.5-64.1 0-82.6z\"><\/path><\/svg>\t\t\t<img decoding=\"async\" src=\"https:\/\/hiiumaa.ee\/wp-content\/uploads\/sb-instagram-feed-images\/656235538_18257811742288070_944416738605565796_nfull.webp\" alt=\"\ud83c\udfc3\u200d\u2640\ufe0fT\u00e4navune tuletornide teema-aasta toob Hiiumaa kevadesse uue kolmep\u00e4evase spordis\u00fcndmuse.\n\n1.-3. mail toimub Hiiumaa tuletornide jooks, mis sisaldab kokku viis erinevat v\u00f5istlust - joostakse Tahkuna tuletorni treppidel, K\u00f5pu tuletorni juures m\u00e4en\u00f5lval ning Ristna poolsaare maastikul. Hiiumaa tuletornide jooksule saab soodushinnaga registreeruda 19. aprillini. #visithiiumaa\" aria-hidden=\"true\">\n\t\t<\/a>\n\t<\/div>\n<\/div><div class=\"sbi_item sbi_type_carousel sbi_new sbi_no_js sbi_no_resraise sbi_js_load_disabled\"\n\tid=\"sbi_18114423520660134\" data-date=\"1774091309\">\n\t<div class=\"sbi_photo_wrap\">\n\t\t<a class=\"sbi_photo\" href=\"https:\/\/www.instagram.com\/p\/DWJO3wqDAYN\/\" target=\"_blank\" rel=\"noopener nofollow\"\n\t\t\tdata-full-res=\"https:\/\/scontent.cdninstagram.com\/v\/t51.82787-15\/655230475_18256583224288070_4115799337470367215_n.webp?stp=dst-jpg_e35_tt6&#038;_nc_cat=103&#038;ccb=7-5&#038;_nc_sid=18de74&#038;efg=eyJlZmdfdGFnIjoiQ0FST1VTRUxfSVRFTS5iZXN0X2ltYWdlX3VybGdlbi5DMyJ9&#038;_nc_ohc=NlULPcRZWYEQ7kNvwFce2KO&#038;_nc_oc=AdqOx7yjIXko7pk8lVlBFYfukvIcka3N5qMVFZbxlYVRbVHm7GIHjnNlOmaMGLYdC80&#038;_nc_zt=23&#038;_nc_ht=scontent.cdninstagram.com&#038;edm=AM6HXa8EAAAA&#038;_nc_gid=uekyfdZesW99YS_b3e46Jw&#038;oh=00_Af2ShTgLBD7xcXfQdPhSZodg9fN0CgQgBYavvF1KN3eMGQ&#038;oe=69D607C3\"\n\t\t\tdata-img-src-set=\"{&quot;d&quot;:&quot;https:\\\/\\\/scontent.cdninstagram.com\\\/v\\\/t51.82787-15\\\/655230475_18256583224288070_4115799337470367215_n.webp?stp=dst-jpg_e35_tt6&amp;_nc_cat=103&amp;ccb=7-5&amp;_nc_sid=18de74&amp;efg=eyJlZmdfdGFnIjoiQ0FST1VTRUxfSVRFTS5iZXN0X2ltYWdlX3VybGdlbi5DMyJ9&amp;_nc_ohc=NlULPcRZWYEQ7kNvwFce2KO&amp;_nc_oc=AdqOx7yjIXko7pk8lVlBFYfukvIcka3N5qMVFZbxlYVRbVHm7GIHjnNlOmaMGLYdC80&amp;_nc_zt=23&amp;_nc_ht=scontent.cdninstagram.com&amp;edm=AM6HXa8EAAAA&amp;_nc_gid=uekyfdZesW99YS_b3e46Jw&amp;oh=00_Af2ShTgLBD7xcXfQdPhSZodg9fN0CgQgBYavvF1KN3eMGQ&amp;oe=69D607C3&quot;,&quot;150&quot;:&quot;https:\\\/\\\/scontent.cdninstagram.com\\\/v\\\/t51.82787-15\\\/655230475_18256583224288070_4115799337470367215_n.webp?stp=dst-jpg_e35_tt6&amp;_nc_cat=103&amp;ccb=7-5&amp;_nc_sid=18de74&amp;efg=eyJlZmdfdGFnIjoiQ0FST1VTRUxfSVRFTS5iZXN0X2ltYWdlX3VybGdlbi5DMyJ9&amp;_nc_ohc=NlULPcRZWYEQ7kNvwFce2KO&amp;_nc_oc=AdqOx7yjIXko7pk8lVlBFYfukvIcka3N5qMVFZbxlYVRbVHm7GIHjnNlOmaMGLYdC80&amp;_nc_zt=23&amp;_nc_ht=scontent.cdninstagram.com&amp;edm=AM6HXa8EAAAA&amp;_nc_gid=uekyfdZesW99YS_b3e46Jw&amp;oh=00_Af2ShTgLBD7xcXfQdPhSZodg9fN0CgQgBYavvF1KN3eMGQ&amp;oe=69D607C3&quot;,&quot;320&quot;:&quot;https:\\\/\\\/hiiumaa.ee\\\/wp-content\\\/uploads\\\/sb-instagram-feed-images\\\/655230475_18256583224288070_4115799337470367215_nlow.webp&quot;,&quot;640&quot;:&quot;https:\\\/\\\/hiiumaa.ee\\\/wp-content\\\/uploads\\\/sb-instagram-feed-images\\\/655230475_18256583224288070_4115799337470367215_nfull.webp&quot;}\">\n\t\t\t<span class=\"sbi-screenreader\">20. m\u00e4rtsi \u00f6\u00f6l kaunistasin Hiiumaa taevast virmali<\/span>\n\t\t\t<svg class=\"svg-inline--fa fa-clone fa-w-16 sbi_lightbox_carousel_icon\" aria-hidden=\"true\" aria-label=\"Clone\" data-fa-pro\u0192cessed=\"\" data-prefix=\"far\" data-icon=\"clone\" role=\"img\" xmlns=\"http:\/\/www.w3.org\/2000\/svg\" viewBox=\"0 0 512 512\">\n                    <path fill=\"currentColor\" d=\"M464 0H144c-26.51 0-48 21.49-48 48v48H48c-26.51 0-48 21.49-48 48v320c0 26.51 21.49 48 48 48h320c26.51 0 48-21.49 48-48v-48h48c26.51 0 48-21.49 48-48V48c0-26.51-21.49-48-48-48zM362 464H54a6 6 0 0 1-6-6V150a6 6 0 0 1 6-6h42v224c0 26.51 21.49 48 48 48h224v42a6 6 0 0 1-6 6zm96-96H150a6 6 0 0 1-6-6V54a6 6 0 0 1 6-6h308a6 6 0 0 1 6 6v308a6 6 0 0 1-6 6z\"><\/path>\n                <\/svg>\t\t\t\t\t\t<img decoding=\"async\" src=\"https:\/\/hiiumaa.ee\/wp-content\/uploads\/sb-instagram-feed-images\/655230475_18256583224288070_4115799337470367215_nfull.webp\" alt=\"20. m\u00e4rtsi \u00f6\u00f6l kaunistasin Hiiumaa taevast virmalised. \ud83e\udd17\n\nFotod: Taavo Oga ja Martin Lauri\" aria-hidden=\"true\">\n\t\t<\/a>\n\t<\/div>\n<\/div>\t<\/div>\n\n\t<div id=\"sbi_load\" >\n\n\t\n\t\n<\/div>\n\t\t<span class=\"sbi_resized_image_data\" data-feed-id=\"*3\"\n\t\t  data-resized=\"{&quot;18114423520660134&quot;:{&quot;id&quot;:&quot;655230475_18256583224288070_4115799337470367215_n&quot;,&quot;ratio&quot;:&quot;1.00&quot;,&quot;sizes&quot;:{&quot;full&quot;:640,&quot;low&quot;:320,&quot;thumb&quot;:150},&quot;extension&quot;:&quot;.webp&quot;},&quot;18122022745614289&quot;:{&quot;id&quot;:&quot;656235538_18257811742288070_944416738605565796_n&quot;,&quot;ratio&quot;:&quot;0.56&quot;,&quot;sizes&quot;:{&quot;full&quot;:640,&quot;low&quot;:320,&quot;thumb&quot;:150},&quot;extension&quot;:&quot;.webp&quot;},&quot;17921862909277990&quot;:{&quot;id&quot;:&quot;657715803_18258227713288070_1102402289770705241_n&quot;,&quot;ratio&quot;:&quot;0.56&quot;,&quot;sizes&quot;:{&quot;full&quot;:640,&quot;low&quot;:320,&quot;thumb&quot;:150},&quot;extension&quot;:&quot;.webp&quot;},&quot;18167984293408110&quot;:{&quot;id&quot;:&quot;662953871_18258550363288070_6112740345620035718_n&quot;,&quot;ratio&quot;:&quot;0.56&quot;,&quot;sizes&quot;:{&quot;full&quot;:640,&quot;low&quot;:320,&quot;thumb&quot;:150},&quot;extension&quot;:&quot;.webp&quot;}}\">\n\t<\/span>\n\t<\/div>\n\n<script type=\"text\/javascript\">var sb_instagram_js_options = {\"font_method\":\"svg\",\"placeholder\":\"https:\\\/\\\/hiiumaa.ee\\\/wp-content\\\/plugins\\\/instagram-feed\\\/img\\\/placeholder.png\",\"resized_url\":\"https:\\\/\\\/hiiumaa.ee\\\/wp-content\\\/uploads\\\/sb-instagram-feed-images\\\/\",\"ajax_url\":\"https:\\\/\\\/hiiumaa.ee\\\/wp-admin\\\/admin-ajax.php\"};<\/script><script type='text\/javascript' src='https:\/\/hiiumaa.ee\/wp-content\/plugins\/instagram-feed\/js\/sbi-scripts.min.js?ver=6.10.0'><\/script>\r\n","protected":false},"excerpt":{"rendered":"<p>Katso video Modal Box modal- Click here to edit the &#8221;modal-box&#8221; settings. This text is only for editing and will not appear after you publish the changes. Preview modal- Matkasuosituksia&hellip;<\/p>\n","protected":false},"author":2,"featured_media":110151,"parent":0,"menu_order":0,"comment_status":"closed","ping_status":"closed","template":"","meta":{"_acf_changed":false,"_relevanssi_hide_post":"","_relevanssi_hide_content":"","_relevanssi_pin_for_all":"","_relevanssi_pin_keywords":"","_relevanssi_unpin_keywords":"","_relevanssi_related_keywords":"","_relevanssi_related_include_ids":"","_relevanssi_related_exclude_ids":"","_relevanssi_related_no_append":"","_relevanssi_related_not_related":"","_relevanssi_related_posts":"","_relevanssi_noindex_reason":"","inline_featured_image":false,"footnotes":""},"class_list":["post-31961","page","type-page","status-publish","has-post-thumbnail","hentry"],"acf":[],"_links":{"self":[{"href":"https:\/\/hiiumaa.ee\/fi\/wp-json\/wp\/v2\/pages\/31961","targetHints":{"allow":["GET"]}}],"collection":[{"href":"https:\/\/hiiumaa.ee\/fi\/wp-json\/wp\/v2\/pages"}],"about":[{"href":"https:\/\/hiiumaa.ee\/fi\/wp-json\/wp\/v2\/types\/page"}],"author":[{"embeddable":true,"href":"https:\/\/hiiumaa.ee\/fi\/wp-json\/wp\/v2\/users\/2"}],"replies":[{"embeddable":true,"href":"https:\/\/hiiumaa.ee\/fi\/wp-json\/wp\/v2\/comments?post=31961"}],"version-history":[{"count":12,"href":"https:\/\/hiiumaa.ee\/fi\/wp-json\/wp\/v2\/pages\/31961\/revisions"}],"predecessor-version":[{"id":107765,"href":"https:\/\/hiiumaa.ee\/fi\/wp-json\/wp\/v2\/pages\/31961\/revisions\/107765"}],"wp:featuredmedia":[{"embeddable":true,"href":"https:\/\/hiiumaa.ee\/fi\/wp-json\/wp\/v2\/media\/110151"}],"wp:attachment":[{"href":"https:\/\/hiiumaa.ee\/fi\/wp-json\/wp\/v2\/media?parent=31961"}],"curies":[{"name":"wp","href":"https:\/\/api.w.org\/{rel}","templated":true}]}}