{"id":7634,"date":"2022-05-23T14:03:45","date_gmt":"2022-05-23T11:03:45","guid":{"rendered":"https:\/\/hiiumaa.ee\/attractions\/"},"modified":"2022-06-10T12:34:31","modified_gmt":"2022-06-10T09:34:31","slug":"attractions","status":"publish","type":"page","link":"https:\/\/hiiumaa.ee\/en\/attractions\/","title":{"rendered":"Points of interest"},"content":{"rendered":"\r\n<h1><\/h1>\r\n\r\n\r\n\r\n<p>Type of attraction<\/p>\r\n<h4>Objekti t\u00fc\u00fcp<\/h4>\r\n<fieldset><legend>Objekti t\u00fc\u00fcp<\/legend> <label>Objekti t\u00fc\u00fcp<select name=\"tuup\">\r\n<option value=\"\">K\u00f5ik<\/option>\r\n<option value=\"kultuur-ja-ajalugu-en\">Kultuur ja ajalugu\u00a0(48)<\/option>\r\n<option value=\"muuseumid-ja-galeriid-2-en\">Muuseumid ja galeriid\u00a0(13)<\/option>\r\n<\/select><\/label><\/fieldset>\r\n<p>Search attractions<\/p>\r\n<h4>Otsing<\/h4>\r\n<fieldset><legend>Otsing<\/legend> <label> Otsing <input autocomplete=\"off\" name=\"otsing\" type=\"search\" value=\"\" placeholder=\"Otsi asukoha, nimetuse &amp; m\u00e4rks\u00f5na j\u00e4rgi\" \/> <\/label><button hidden=\"\" type=\"button\">Clear<\/button><\/fieldset>\r\n<h4>T\u00fchista filtrid<\/h4>\r\n<p><button name=\"tuhista_filtrid\" type=\"button\">T\u00fchista filtrid<\/button><\/p>\r\n","protected":false},"excerpt":{"rendered":"<p>Type of attraction Objekti t\u00fc\u00fcp Objekti t\u00fc\u00fcp Objekti t\u00fc\u00fcpK\u00f5ikKultuur ja ajalugu\u00a0(48)Muuseumid ja galeriid\u00a0(13) Search attractions Otsing Otsing Otsing Clear T\u00fchista filtrid T\u00fchista filtrid<\/p>\n","protected":false},"author":2,"featured_media":3990,"parent":0,"menu_order":0,"comment_status":"closed","ping_status":"closed","template":"","meta":{"_acf_changed":false,"_relevanssi_hide_post":"","_relevanssi_hide_content":"","_relevanssi_pin_for_all":"","_relevanssi_pin_keywords":"","_relevanssi_unpin_keywords":"","_relevanssi_related_keywords":"","_relevanssi_related_include_ids":"","_relevanssi_related_exclude_ids":"","_relevanssi_related_no_append":"","_relevanssi_related_not_related":"","_relevanssi_related_posts":"","_relevanssi_noindex_reason":"","inline_featured_image":false,"footnotes":""},"class_list":["post-7634","page","type-page","status-publish","has-post-thumbnail","hentry"],"acf":[],"_links":{"self":[{"href":"https:\/\/hiiumaa.ee\/en\/wp-json\/wp\/v2\/pages\/7634","targetHints":{"allow":["GET"]}}],"collection":[{"href":"https:\/\/hiiumaa.ee\/en\/wp-json\/wp\/v2\/pages"}],"about":[{"href":"https:\/\/hiiumaa.ee\/en\/wp-json\/wp\/v2\/types\/page"}],"author":[{"embeddable":true,"href":"https:\/\/hiiumaa.ee\/en\/wp-json\/wp\/v2\/users\/2"}],"replies":[{"embeddable":true,"href":"https:\/\/hiiumaa.ee\/en\/wp-json\/wp\/v2\/comments?post=7634"}],"version-history":[{"count":5,"href":"https:\/\/hiiumaa.ee\/en\/wp-json\/wp\/v2\/pages\/7634\/revisions"}],"predecessor-version":[{"id":12240,"href":"https:\/\/hiiumaa.ee\/en\/wp-json\/wp\/v2\/pages\/7634\/revisions\/12240"}],"wp:featuredmedia":[{"embeddable":true,"href":"https:\/\/hiiumaa.ee\/en\/wp-json\/wp\/v2\/media\/3990"}],"wp:attachment":[{"href":"https:\/\/hiiumaa.ee\/en\/wp-json\/wp\/v2\/media?parent=7634"}],"curies":[{"name":"wp","href":"https:\/\/api.w.org\/{rel}","templated":true}]}}