{"id":7622,"date":"2022-05-23T12:55:48","date_gmt":"2022-05-23T09:55:48","guid":{"rendered":"https:\/\/hiiumaa.ee\/where-to-eat\/"},"modified":"2023-10-23T13:22:26","modified_gmt":"2023-10-23T10:22:26","slug":"where-to-eat","status":"publish","type":"page","link":"https:\/\/hiiumaa.ee\/en\/where-to-eat\/","title":{"rendered":"Where to eat"},"content":{"rendered":"\r\n<h1><\/h1>\r\n\r\n\r\n\r\n<p>Type of restaurant<\/p>\r\n<p>Search for restaurants<\/p>\r\n<h4>Otsing<\/h4>\r\n<fieldset><legend>Otsing<\/legend> <label> Otsing <input autocomplete=\"off\" name=\"otsing\" type=\"search\" value=\"\" placeholder=\"Otsi asukoha, nimetuse &amp; m\u00e4rks\u00f5na j\u00e4rgi\" \/> <\/label><button hidden=\"\" type=\"button\">Clear<\/button><\/fieldset>\r\n<h4>T\u00fchista filtrid<\/h4>\r\n<p><button name=\"tuhista_filtrid\" type=\"button\">T\u00fchista filtrid<\/button><\/p>\r\n","protected":false},"excerpt":{"rendered":"<p>Type of restaurant Search for restaurants Otsing Otsing Otsing Clear T\u00fchista filtrid T\u00fchista filtrid<\/p>\n","protected":false},"author":2,"featured_media":9683,"parent":0,"menu_order":0,"comment_status":"closed","ping_status":"closed","template":"","meta":{"_acf_changed":false,"_relevanssi_hide_post":"","_relevanssi_hide_content":"","_relevanssi_pin_for_all":"","_relevanssi_pin_keywords":"","_relevanssi_unpin_keywords":"","_relevanssi_related_keywords":"","_relevanssi_related_include_ids":"","_relevanssi_related_exclude_ids":"","_relevanssi_related_no_append":"","_relevanssi_related_not_related":"","_relevanssi_related_posts":"","_relevanssi_noindex_reason":"","inline_featured_image":false,"footnotes":""},"class_list":["post-7622","page","type-page","status-publish","has-post-thumbnail","hentry"],"acf":[],"_links":{"self":[{"href":"https:\/\/hiiumaa.ee\/en\/wp-json\/wp\/v2\/pages\/7622","targetHints":{"allow":["GET"]}}],"collection":[{"href":"https:\/\/hiiumaa.ee\/en\/wp-json\/wp\/v2\/pages"}],"about":[{"href":"https:\/\/hiiumaa.ee\/en\/wp-json\/wp\/v2\/types\/page"}],"author":[{"embeddable":true,"href":"https:\/\/hiiumaa.ee\/en\/wp-json\/wp\/v2\/users\/2"}],"replies":[{"embeddable":true,"href":"https:\/\/hiiumaa.ee\/en\/wp-json\/wp\/v2\/comments?post=7622"}],"version-history":[{"count":2,"href":"https:\/\/hiiumaa.ee\/en\/wp-json\/wp\/v2\/pages\/7622\/revisions"}],"predecessor-version":[{"id":49508,"href":"https:\/\/hiiumaa.ee\/en\/wp-json\/wp\/v2\/pages\/7622\/revisions\/49508"}],"wp:featuredmedia":[{"embeddable":true,"href":"https:\/\/hiiumaa.ee\/en\/wp-json\/wp\/v2\/media\/9683"}],"wp:attachment":[{"href":"https:\/\/hiiumaa.ee\/en\/wp-json\/wp\/v2\/media?parent=7622"}],"curies":[{"name":"wp","href":"https:\/\/api.w.org\/{rel}","templated":true}]}}