{"id":47283,"date":"2023-09-25T09:27:16","date_gmt":"2023-09-25T06:27:16","guid":{"rendered":"https:\/\/hiiumaa.ee\/praktiline-info\/"},"modified":"2025-07-28T13:04:12","modified_gmt":"2025-07-28T10:04:12","slug":"practical-information","status":"publish","type":"page","link":"https:\/\/hiiumaa.ee\/en\/practical-information\/","title":{"rendered":"Practical information"},"content":{"rendered":"\n<h1>\n\t\t\t\t<\/h1>\n\t\n\n\t\t\t\t\t<a href=\"#\"  id=\"fl-accordion--label-0\" tabindex=\"0\" aria-controls=\"fl-accordion--panel-0\">Medical assistance<\/a>\n\t\t\t\t\t\t\t\t\t\t\t<a href=\"#\" id=\"fl-accordion--icon-0\"  tabindex=\"0\"><i title=\"Expand\">Expand<\/i><\/a>\n<p>For medical assistance, go to the emergency department of\u00a0<strong><a href=\"https:\/\/hiiumaahaigla.ee\/\" target=\"_blank\" rel=\"noreferrer noopener nofollow external\" data-wpel-link=\"external\">Hiiumaa Hospital<\/a><\/strong>\u00a0(Rahu tn. 2 K\u00e4rdla). Information about the hospital and family doctors can be found on the website of\u00a0<strong><a href=\"https:\/\/vald.hiiumaa.ee\/tervishoid\" target=\"_blank\" rel=\"noreferrer noopener nofollow external\" data-wpel-link=\"external\">Hiiumaa municipality.<\/a><\/strong><\/p>\n<p>You can also find information about dentists on the island on the <a href=\"https:\/\/vald.hiiumaa.ee\/hambaravi\" target=\"_blank\" rel=\"noreferrer noopener nofollow external\" data-wpel-link=\"external\"><strong>municipal website.<\/strong><\/a>\u00a0In case of emergency dental treatment, you can go to the emergency department of Hiiumaa Hospital.<\/p>\n<strong>Pharmacies in Hiiumaa:<\/strong><br \/>\nK\u00e4rdla Pharmacy (<a href=\"https:\/\/maps.app.goo.gl\/JpDRfv914kRfJPjZ8\" target=\"_blank\" rel=\"noopener\">Uus 3, K\u00e4rdla<\/a>; +372 463 2166)<br \/>\nLinnum\u00e4e pharmacy\u00a0(<a href=\"https:\/\/maps.app.goo.gl\/1wJG1CqbaCPk1kP5A\" target=\"_blank\" rel=\"noopener\">K\u00e4rdla Selver, Rehem\u00e4e, Linnum\u00e4e k\u00fcla<\/a>; +372 462 2940)<br \/>\nK\u00e4ina pharmacy (<a href=\"https:\/\/maps.app.goo.gl\/U8ZEc5HtbG4i634t5\" target=\"_blank\" rel=\"noopener\">Spordi 9, K\u00e4ina<\/a>; +372 463 6154)\n\t\t\t\t\t<a href=\"#\"  id=\"fl-accordion--label-1\" tabindex=\"0\" aria-controls=\"fl-accordion--panel-1\">Waste<\/a>\n\t\t\t\t\t\t\t\t\t\t\t<a href=\"#\" id=\"fl-accordion--icon-1\"  tabindex=\"0\"><i title=\"Expand\">Expand<\/i><\/a>\n\t\t\t\t\t<p>Hiiumaa offers good opportunities for separate collection of waste for both residents and visitors.<\/p>\n<p>There is a waste collection point in every region of Hiiumaa where you can take your waste free of charge:<\/p>\n<p><strong>packaging<\/strong>\u00a0&#8211; clean plastic, metal and paper packaging, as well as cardboard, paper and glass packaging and\u00a0<strong>waste paper<\/strong>\u00a0in separate containers,<\/p>\n<p><strong>unusable textiles<\/strong>,\u00a0<strong>pre-packaged household<\/strong>\u00a0waste that is left over from sorting and cannot be disposed of elsewhere.<\/p>\n<p>Visitors will also be able to dispose of waste at their own accommodation, in RMK&#8217;s recreation areas and at tourist sites.<\/p>\n<p>Read more about waste management in Hiiumaa on the\u00a0<a href=\"https:\/\/vald.hiiumaa.ee\/jaatmemajandus\" target=\"_blank\" rel=\"nofollow external noopener noreferrer\" data-wpel-link=\"external\">municipality&#8217;s website.<\/a><\/p>\n<p><img loading=\"lazy\" decoding=\"async\" src=\"https:\/\/hiiumaa.ee\/wp-content\/uploads\/2022\/05\/article.png\" sizes=\"auto, (max-width: 402px) 100vw, 402px\" srcset=\"https:\/\/hiiumaa.ee\/wp-content\/uploads\/2022\/05\/article.png 541w, https:\/\/hiiumaa.ee\/wp-content\/uploads\/2022\/05\/article-229x300.png 229w\" alt=\"\" width=\"402\" height=\"527\" \/><\/p>\n<p><strong>Pre-paid orange 25-litre garbage bags are on sale for 1.70 at Coop Hiiumaa stores, ferries R-Kioski, K\u00f5pu lighthouse and Tuuletorn.<\/strong><\/p>\n<p><img loading=\"lazy\" decoding=\"async\" src=\"https:\/\/hiiumaa.ee\/wp-content\/uploads\/2022\/05\/pru%CC%88gikotid.png\" alt=\"\" width=\"336\" height=\"224\" \/><\/p>\n<p>Household waste can be deposited in a prepaid bag:<\/p>\n<p>Emmaste &#8211; Ollima<\/p>\n<p>K\u00e4ina &#8211; M\u00e4e plats<\/p>\n<p>K\u00f5rgessaare &#8211; VAK T\u00f6\u00f6stuse teel<\/p>\n<p>K\u00e4rdla &#8211; Leigri v\u00e4ljak<\/p>\n<p>P\u00fchalepa &#8211; Suurem\u00f5isa<\/p>\n<p>At the\u00a0<strong><a href=\"https:\/\/www.hiiuprygila.ee\/\" target=\"_blank\" rel=\"nofollow external noopener noreferrer\" data-wpel-link=\"external\">Hiiumaa waste station<\/a><\/strong>\u00a0in the village of Ristiv\u00e4lja during opening hours Mon-Fri 9-17 and Sat 10-14.<\/p>\n\t\t\t\t\t<a href=\"#\"  id=\"fl-accordion--label-2\" tabindex=\"0\" aria-controls=\"fl-accordion--panel-2\">Guides<\/a>\n\t\t\t\t\t\t\t\t\t\t\t<a href=\"#\" id=\"fl-accordion--icon-2\"  tabindex=\"0\"><i title=\"Expand\">Expand<\/i><\/a>\n<p><strong>Ene Tisler:<\/strong>\u00a05272005, enetisler@gmail.com, EST, ENG<\/p>\n<p><strong>Helgi P\u00f5llo:<\/strong>\u00a05284401, helgipollo@gmail.com, EST, FIN, ENG, RUS<\/p>\n<p><strong>Inna Lepik:<\/strong>\u00a056475772, innalepik@gmail.com, EST<\/p>\n<p><strong>Kristi Ugam:<\/strong>\u00a056654859, kristi.ugam@gmail.com, EST, ENG, NLD<\/p>\n<p><strong>Lea Tamj\u00e4rv:<\/strong>\u00a05176290, tamjarvlea@gmail.com, EST<\/p>\n<p><strong>Lea Vaher Lundin:<\/strong>\u00a05646 2929, lea.vaher.lundin@gmail.com, EST, SWE<\/p>\n<p><strong>Lili K\u00e4\u00e4r:<\/strong>\u00a053401207, lili.k22r@gmail.com, EST, ENG, RUS<\/p>\n<p><strong>Madis Roosimaa:<\/strong>\u00a056220036, madis036@hot.ee, EST<\/p>\n<p><strong>Mari Orgusaar:<\/strong>\u00a056825998, morgusaar@gmail.com, EST, SWE, ENG<\/p>\n<p><strong>Marju Lippur:<\/strong>\u00a056668384, marjulippur@gmail.com, EST<\/p>\n<p><strong>Mati Lepna:<\/strong>\u00a05295562, mattiashiiumaal@gmail.com, EST, FIN<\/p>\n<p><strong>Sirje Heinma:<\/strong> 56605743, sirjeh@hiig.edu.ee, EST, RUS<\/p>\n<p><strong>Tiiu Heldema:<\/strong>\u00a05265632, tiiuheldema@gmail.com, EST, FIN<\/p>\n<p><strong>Tiiu Metsar:<\/strong>\u00a05033675, tiiu.metsar@mail.ee, EST<\/p>\n<p><strong>Urmas Selirand:<\/strong>\u00a05083648, urmas.esimene@mail.ee, EST, FIN, ENG, RUS<\/p>\n<p><strong>Urve Vaher:<\/strong>\u00a051905846, urvemaxi@gmail.com, EST<\/p>\n<p><strong>Viktor R\u00f5bt\u0161enko:<\/strong>\u00a056474141, viktorrobt@hot.ee, EST, RUS<\/p>\n\t\t\t\t\t<a href=\"#\"  id=\"fl-accordion--label-3\" tabindex=\"0\" aria-controls=\"fl-accordion--panel-3\">Banks and ATMs<\/a>\n\t\t\t\t\t\t\t\t\t\t\t<a href=\"#\" id=\"fl-accordion--icon-3\"  tabindex=\"0\"><i title=\"Expand\">Expand<\/i><\/a>\n<p>In Hiiumaa, there is only one bank in K\u00e4rdla &#8211; Swedbank &#8211; and it is located in K\u00e4rdla&#8217;s central square. ATMs are located in K\u00e4rdla&#8217;s central square and Selver. Also in K\u00e4ina, K\u00f5rgessaaare, Emmastes.<\/p>\n<p>You must book an appointment in advance to visit the Swedbank office.<\/p>\n\t\t\t\t\t<a href=\"#\"  id=\"fl-accordion--label-4\" tabindex=\"0\" aria-controls=\"fl-accordion--panel-4\">Police<\/a>\n\t\t\t\t\t\t\t\t\t\t\t<a href=\"#\" id=\"fl-accordion--icon-4\"  tabindex=\"0\"><i title=\"Expand\">Expand<\/i><\/a>\nHiiumaa police in K\u00e4rdla +372 440 1410<br \/>\nSadama 26, K\u00e4rdla 92411<br \/>\nMon-Fri 9:00-17:00\n<p>Ambulance, rescue, police 112<\/p>\n\t\t\t\t\t<a href=\"#\"  id=\"fl-accordion--label-5\" tabindex=\"0\" aria-controls=\"fl-accordion--panel-5\">Hiiumaa by camper van<\/a>\n\t\t\t\t\t\t\t\t\t\t\t<a href=\"#\" id=\"fl-accordion--icon-5\"  tabindex=\"0\"><i title=\"Expand\">Expand<\/i><\/a>\n<p>On the territory of the <a href=\"https:\/\/hiiumaa.ee\/en\/object\/kardla-sadam\/\">K\u00e4rdla harbour<\/a>, there is a <a href=\"https:\/\/hiiumaa.ee\/en\/object\/caravan-park-in-kardla-harbour\/\">caravan park<\/a> with modern equipment on the beautiful seashore, which is suitable for even the most demanding travelers. The visitor can enjoy the nice harbor life, visit restaurants or relax and grill in the recreation area. There are washing facilities in the harbor building, and a private sauna can be booked if desired. The motorhome rest area can also be found at <a href=\"https:\/\/hiiumaa.ee\/objekt\/orjaku-sadama-matkaautode-puhkeala\/\">Orjaku harbor<\/a> and <a href=\"https:\/\/hiiumaa.ee\/objekt\/soru-sadama-matkaautode-puhkeala\/\">S\u00f5ru harbor<\/a>.<\/p>\n<p>In addition to the ports, <a href=\"https:\/\/hiiumaa.ee\/en\/object\/pohja-tooma-holiday-homes\/\">P\u00f5hja-Tooma holiday homes<\/a>, <a href=\"https:\/\/hiiumaa.ee\/en\/object\/randmae-holiday-farm\/\">Randm\u00e4e holiday farm<\/a> and <a href=\"https:\/\/hiiumaa.ee\/en\/object\/holiday-house-of-ratturi-farm\/\">Ratturi farm<\/a> also offer a parking area for motorhomes with a rest area.<\/p>\n\t\t\t\t\t<a href=\"#\"  id=\"fl-accordion--label-6\" tabindex=\"0\" aria-controls=\"fl-accordion--panel-6\">Tourist information points<\/a>\n\t\t\t\t\t\t\t\t\t\t\t<a href=\"#\" id=\"fl-accordion--icon-6\"  tabindex=\"0\"><i title=\"Expand\">Expand<\/i><\/a>\n<p>Hiiumaa&#8217;s main tourist information point is located in K\u00e4rdla&#8217;s central square and is open from June to August Tue-Sat 10:00-16:30.<\/p>\n<p>In addition, tourist information can be obtained from the Windtower Experience Centre and from the ports of Orjaku and K\u00e4rdla. On weekdays, you can also call the tourist information number: +372 5045393 from 10:00 to 16:30.<\/p>\n<p>In fact, you can safely talk to local people on the street and ask for help. They won&#8217;t leave you in trouble.<\/p>\n\t\t\t\t\t<a href=\"#\"  id=\"fl-accordion--label-7\" tabindex=\"0\" aria-controls=\"fl-accordion--panel-7\">Important phone numbers<\/a>\n\t\t\t\t\t\t\t\t\t\t\t<a href=\"#\" id=\"fl-accordion--icon-7\"  tabindex=\"0\"><i title=\"Expand\">Expand<\/i><\/a>\nAmbulance, rescue, police 112<br \/>\nState helpline number 1247<br \/>\nBy ferry from the mainland 1310 or 6181310<br \/>\nBy ferry from Saaremaa +372 527 2974 or +372 53441294<br \/>\nBy plane from Tallinn +372 5885 6336 (24\/7)<br \/>\nK\u00e4rdla Airport +372 463 1381<br \/>\nK\u00e4rdla port +372 5666 2514<br \/>\nBorder Guard +372 440 1400<br \/>\nNationwide GP helpline 1220<br \/>\nCar assistance 1888<br \/>\nTowing service +372 5665 0886<br \/>\nInformation telephone of the Environmental Inspectorate 1313<br \/>\nHaapsalu taxi 1313<br \/>\nKuressaare taxi 1300\n\t\t\t\t\t<a href=\"#\"  id=\"fl-accordion--label-8\" tabindex=\"0\" aria-controls=\"fl-accordion--panel-8\">10 recommendations for visitor<\/a>\n\t\t\t\t\t\t\t\t\t\t\t<a href=\"#\" id=\"fl-accordion--icon-8\"  tabindex=\"0\"><i title=\"Expand\">Expand<\/i><\/a>\n\t\t\t\t\t<p>1. Save nature!<\/p>\n<p>2. Don&#8217;t leave trash behind &#8211; throw trash in the designated place (when staying in accommodation facilities, in the trash bin of the accommodation facility, in the designated trash bin in the camping site and caravan park). Sorted garbage can also be left in public packaging containers.<\/p>\n<p>3. Tent and hike in designated areas (RMK hiking and camping areas).<\/p>\n<p>4. Make a fire in the designated place (RMK campfire site or camping area).<\/p>\n<p>5. Be considerate of fellow road users on the island.<\/p>\n<p>6. Feel free to communicate with the locals to find the most exciting places on the island!<\/p>\n<p>7. Leave feedback on the places you visit if you find that something is good or could be better.<\/p>\n<p>8. Capture beautiful moments from Hiiumaa, share them with us #VisitHiiumaa.<\/p>\n<p>9. Enjoy local food and ingredients!<\/p>\n<p>10. Enjoy Hiiumaa!<\/p>\n<p>&nbsp;<\/p>\n<p><iframe loading=\"lazy\" title=\"Puhka roheliselt\" width=\"500\" height=\"281\" src=\"https:\/\/www.youtube.com\/embed\/dZ5NuZx3Cp0?start=1&#038;feature=oembed\" frameborder=\"0\" allow=\"accelerometer; autoplay; clipboard-write; encrypted-media; gyroscope; picture-in-picture; web-share\" referrerpolicy=\"strict-origin-when-cross-origin\" allowfullscreen><\/iframe><\/p>\n\t\t\t\t\t<a href=\"#\"  id=\"fl-accordion--label-9\" tabindex=\"0\" aria-controls=\"fl-accordion--panel-9\">Shops<\/a>\n\t\t\t\t\t\t\t\t\t\t\t<a href=\"#\" id=\"fl-accordion--icon-9\"  tabindex=\"0\"><i title=\"Expand\">Expand<\/i><\/a>\n\t\t\t\t\t<p>Hiiumaa does not have large shopping centers, but it does have several smaller shops. The whole of Hiiumaa is covered by the network of <a href=\"https:\/\/www.hiiumaa.coop.ee\/?page_id=410\">Hiiumaa Tarbijate \u00dchistu Coop stores<\/a>, where Hiiumaa products are also represented. Selver is located on the border of K\u00e4rdla, and Selver&#8217;s traveling store driving around Hiiumaa six days a week. You can follow the bus in real time <a href=\"https:\/\/app.ecofleet.com\/seeme\/?\">here<\/a>. Hiiumaa&#8217;s Hiiumaa Selver mobile store information phone number is +372 56 296 300. When driving from K\u00e4rdla towards K\u00f5pu, it&#8217;s good to know that the last chance to visit a grocery store is in K\u00f5rgessaare.<\/p>\n<h3><img loading=\"lazy\" decoding=\"async\" src=\"https:\/\/hiiumaa.ee\/wp-content\/uploads\/2022\/07\/Poed-Hiiumaal-1.png\" sizes=\"auto, (max-width: 1080px) 100vw, 1080px\" srcset=\"https:\/\/hiiumaa.ee\/wp-content\/uploads\/2022\/07\/Poed-Hiiumaal-1.png 1080w, https:\/\/hiiumaa.ee\/wp-content\/uploads\/2022\/07\/Poed-Hiiumaal-1-300x222.png 300w, https:\/\/hiiumaa.ee\/wp-content\/uploads\/2022\/07\/Poed-Hiiumaal-1-1024x759.png 1024w, https:\/\/hiiumaa.ee\/wp-content\/uploads\/2022\/07\/Poed-Hiiumaal-1-768x569.png 768w\" alt=\"\" width=\"1080\" height=\"800\" \/><\/h3>\n\n","protected":false},"excerpt":{"rendered":"<p>Medical assistance Expand For medical assistance, go to the emergency department of\u00a0Hiiumaa Hospital\u00a0(Rahu tn. 2 K\u00e4rdla). Information about the hospital and family doctors can be found on the website of\u00a0Hiiumaa&hellip;<\/p>\n","protected":false},"author":11,"featured_media":3988,"parent":0,"menu_order":0,"comment_status":"closed","ping_status":"closed","template":"","meta":{"_acf_changed":false,"_relevanssi_hide_post":"","_relevanssi_hide_content":"","_relevanssi_pin_for_all":"","_relevanssi_pin_keywords":"","_relevanssi_unpin_keywords":"","_relevanssi_related_keywords":"","_relevanssi_related_include_ids":"","_relevanssi_related_exclude_ids":"","_relevanssi_related_no_append":"","_relevanssi_related_not_related":"","_relevanssi_related_posts":"","_relevanssi_noindex_reason":"","inline_featured_image":false,"footnotes":""},"class_list":["post-47283","page","type-page","status-publish","has-post-thumbnail","hentry"],"acf":[],"_links":{"self":[{"href":"https:\/\/hiiumaa.ee\/en\/wp-json\/wp\/v2\/pages\/47283","targetHints":{"allow":["GET"]}}],"collection":[{"href":"https:\/\/hiiumaa.ee\/en\/wp-json\/wp\/v2\/pages"}],"about":[{"href":"https:\/\/hiiumaa.ee\/en\/wp-json\/wp\/v2\/types\/page"}],"author":[{"embeddable":true,"href":"https:\/\/hiiumaa.ee\/en\/wp-json\/wp\/v2\/users\/11"}],"replies":[{"embeddable":true,"href":"https:\/\/hiiumaa.ee\/en\/wp-json\/wp\/v2\/comments?post=47283"}],"version-history":[{"count":10,"href":"https:\/\/hiiumaa.ee\/en\/wp-json\/wp\/v2\/pages\/47283\/revisions"}],"predecessor-version":[{"id":98039,"href":"https:\/\/hiiumaa.ee\/en\/wp-json\/wp\/v2\/pages\/47283\/revisions\/98039"}],"wp:featuredmedia":[{"embeddable":true,"href":"https:\/\/hiiumaa.ee\/en\/wp-json\/wp\/v2\/media\/3988"}],"wp:attachment":[{"href":"https:\/\/hiiumaa.ee\/en\/wp-json\/wp\/v2\/media?parent=47283"}],"curies":[{"name":"wp","href":"https:\/\/api.w.org\/{rel}","templated":true}]}}