{"id":10889,"date":"2022-05-31T16:51:05","date_gmt":"2022-05-31T13:51:05","guid":{"rendered":"https:\/\/hiiumaa.ee\/news\/"},"modified":"2022-06-09T09:41:03","modified_gmt":"2022-06-09T06:41:03","slug":"news","status":"publish","type":"page","link":"https:\/\/hiiumaa.ee\/en\/news\/","title":{"rendered":"News"},"content":{"rendered":"\n<h1>\n\t\t\n\t<\/h1>\n\t\tAll\n\t<ul>\n\t\t<li data-filter=\"*\" tabindex=\"0\" aria-label=\"All\">All<\/li><li data-filter=\".category-news\" data-term=\"news\" data-item-count=\"4\" tabindex=\"0\" aria-label=\"News\">News<\/li><li data-filter=\".category-press-release\" data-term=\"press-release\" data-item-count=\"1\" tabindex=\"0\" aria-label=\"Press release\">Press release<\/li>\t<\/ul>\n\t<meta itemscope itemprop=\"mainEntityOfPage\" itemtype=\"https:\/\/schema.org\/WebPage\" itemid=\"https:\/\/hiiumaa.ee\/en\/the-first-hiiumaa-tourism-fair-takes-place-on-15-june\/\" content=\"The first Hiiumaa Tourism Fair takes place on 15 June!\" \/><meta itemprop=\"datePublished\" content=\"2022-05-31\" \/><meta itemprop=\"dateModified\" content=\"2022-06-08\" \/><meta itemprop=\"name\" content=\"Hiiumaa\"\/><meta itemprop=\"url\" content=\"https:\/\/hiiumaa.ee\/en\/author\/xysum\/\" \/><meta itemprop=\"name\" content=\"xysum\" \/><meta itemprop=\"url\" content=\"https:\/\/hiiumaa.ee\/wp-content\/uploads\/2022\/05\/hiiumaa-turismimess-2.png\" \/><meta itemprop=\"width\" content=\"840\" \/><meta itemprop=\"height\" content=\"700\" \/><meta itemprop=\"interactionType\" content=\"https:\/\/schema.org\/CommentAction\" \/><meta itemprop=\"userInteractionCount\" content=\"0\" \/>\n        \t<a href='https:\/\/hiiumaa.ee\/en\/the-first-hiiumaa-tourism-fair-takes-place-on-15-june\/' title='The first Hiiumaa Tourism Fair takes place on 15 June!'><img decoding=\"async\" width=\"840\" height=\"700\" src=\"https:\/\/hiiumaa.ee\/wp-content\/uploads\/2022\/05\/hiiumaa-turismimess-2.png\" alt=\"\" loading=\"lazy\" itemprop=\"image\" srcset=\"https:\/\/hiiumaa.ee\/wp-content\/uploads\/2022\/05\/hiiumaa-turismimess-2.png 840w, https:\/\/hiiumaa.ee\/wp-content\/uploads\/2022\/05\/hiiumaa-turismimess-2-300x250.png 300w, https:\/\/hiiumaa.ee\/wp-content\/uploads\/2022\/05\/hiiumaa-turismimess-2-768x640.png 768w\" sizes=\"auto, (max-width: 840px) 100vw, 840px\" \/><\/a>\n        31.05.2022\n        <h5><a href='https:\/\/hiiumaa.ee\/en\/the-first-hiiumaa-tourism-fair-takes-place-on-15-june\/' title='The first Hiiumaa Tourism Fair takes place on 15 June!'>The first Hiiumaa Tourism Fair takes place on 15 June!<\/a><\/h5>\n    \t<p>Hiiumaa tourism fair and opening of the tourism season In a situation where all the fairs around&#8230;<\/p>\n    <a href=\"https:\/\/hiiumaa.ee\/en\/the-first-hiiumaa-tourism-fair-takes-place-on-15-june\/\">Read more<\/a>\n\t<meta itemscope itemprop=\"mainEntityOfPage\" itemtype=\"https:\/\/schema.org\/WebPage\" itemid=\"https:\/\/hiiumaa.ee\/en\/participate-in-the-hiiumaa-moves-2022-mobility-series\/\" content=\"Participate in the &#8220;Hiiumaa Moves 2022&#8221; mobility series\" \/><meta itemprop=\"datePublished\" content=\"2022-05-31\" \/><meta itemprop=\"dateModified\" content=\"2022-06-08\" \/><meta itemprop=\"name\" content=\"Hiiumaa\"\/><meta itemprop=\"url\" content=\"https:\/\/hiiumaa.ee\/en\/author\/xysum\/\" \/><meta itemprop=\"name\" content=\"xysum\" \/><meta itemprop=\"url\" content=\"https:\/\/hiiumaa.ee\/wp-content\/uploads\/2022\/05\/hiiumaa-liigub.png\" \/><meta itemprop=\"width\" content=\"840\" \/><meta itemprop=\"height\" content=\"700\" \/><meta itemprop=\"interactionType\" content=\"https:\/\/schema.org\/CommentAction\" \/><meta itemprop=\"userInteractionCount\" content=\"0\" \/>\n        \t<a href='https:\/\/hiiumaa.ee\/en\/participate-in-the-hiiumaa-moves-2022-mobility-series\/' title='Participate in the &#8220;Hiiumaa Moves 2022&#8221; mobility series'><img decoding=\"async\" width=\"840\" height=\"700\" src=\"https:\/\/hiiumaa.ee\/wp-content\/uploads\/2022\/05\/hiiumaa-liigub.png\" alt=\"\" loading=\"lazy\" itemprop=\"image\" srcset=\"https:\/\/hiiumaa.ee\/wp-content\/uploads\/2022\/05\/hiiumaa-liigub.png 840w, https:\/\/hiiumaa.ee\/wp-content\/uploads\/2022\/05\/hiiumaa-liigub-300x250.png 300w, https:\/\/hiiumaa.ee\/wp-content\/uploads\/2022\/05\/hiiumaa-liigub-768x640.png 768w\" sizes=\"auto, (max-width: 840px) 100vw, 840px\" \/><\/a>\n        31.05.2022\n        <h5><a href='https:\/\/hiiumaa.ee\/en\/participate-in-the-hiiumaa-moves-2022-mobility-series\/' title='Participate in the &#8220;Hiiumaa Moves 2022&#8221; mobility series'>Participate in the &#8220;Hiiumaa Moves 2022&#8221; mobility series<\/a><\/h5>\n    \t<p>Hiiumaa Moves 2022 Hiiumaa municipality&#8217;s mobility series &#8220;Hiiumaa Moves 2022\u2033 will take place in the period 15&#8230;.<\/p>\n    <a href=\"https:\/\/hiiumaa.ee\/en\/participate-in-the-hiiumaa-moves-2022-mobility-series\/\">Read more<\/a>\n\t<meta itemscope itemprop=\"mainEntityOfPage\" itemtype=\"https:\/\/schema.org\/WebPage\" itemid=\"https:\/\/hiiumaa.ee\/en\/baltic-foxglove-is-orchid-of-the-year-2022\/\" content=\"Baltic Foxglove is Orchid of the Year 2022\" \/><meta itemprop=\"datePublished\" content=\"2022-05-31\" \/><meta itemprop=\"dateModified\" content=\"2022-06-08\" \/><meta itemprop=\"name\" content=\"Hiiumaa\"\/><meta itemprop=\"url\" content=\"https:\/\/hiiumaa.ee\/en\/author\/xysum\/\" \/><meta itemprop=\"name\" content=\"xysum\" \/><meta itemprop=\"url\" content=\"https:\/\/hiiumaa.ee\/wp-content\/uploads\/2022\/05\/balti_sormkapp.jpg\" \/><meta itemprop=\"width\" content=\"480\" \/><meta itemprop=\"height\" content=\"720\" \/><meta itemprop=\"interactionType\" content=\"https:\/\/schema.org\/CommentAction\" \/><meta itemprop=\"userInteractionCount\" content=\"0\" \/>\n        \t<a href='https:\/\/hiiumaa.ee\/en\/baltic-foxglove-is-orchid-of-the-year-2022\/' title='Baltic Foxglove is Orchid of the Year 2022'><img decoding=\"async\" width=\"480\" height=\"720\" src=\"https:\/\/hiiumaa.ee\/wp-content\/uploads\/2022\/05\/balti_sormkapp.jpg\" alt=\"\" loading=\"lazy\" itemprop=\"image\" srcset=\"https:\/\/hiiumaa.ee\/wp-content\/uploads\/2022\/05\/balti_sormkapp.jpg 480w, https:\/\/hiiumaa.ee\/wp-content\/uploads\/2022\/05\/balti_sormkapp-200x300.jpg 200w\" sizes=\"auto, (max-width: 480px) 100vw, 480px\" \/><\/a>\n        31.05.2022\n        <h5><a href='https:\/\/hiiumaa.ee\/en\/baltic-foxglove-is-orchid-of-the-year-2022\/' title='Baltic Foxglove is Orchid of the Year 2022'>Baltic Foxglove is Orchid of the Year 2022<\/a><\/h5>\n    \t<p>Baltic Foxglove is Orchid of the Year 2022 The Estonian Orchid Protection Club (EOKK) has chosen the&#8230;<\/p>\n    <a href=\"https:\/\/hiiumaa.ee\/en\/baltic-foxglove-is-orchid-of-the-year-2022\/\">Read more<\/a>\n\t<meta itemscope itemprop=\"mainEntityOfPage\" itemtype=\"https:\/\/schema.org\/WebPage\" itemid=\"https:\/\/hiiumaa.ee\/en\/hiiumaa-year-of-literature-2022\/\" content=\"Hiiumaa Year of Literature 2022\" \/><meta itemprop=\"datePublished\" content=\"2022-05-31\" \/><meta itemprop=\"dateModified\" content=\"2022-06-08\" \/><meta itemprop=\"name\" content=\"Hiiumaa\"\/><meta itemprop=\"url\" content=\"https:\/\/hiiumaa.ee\/en\/author\/xysum\/\" \/><meta itemprop=\"name\" content=\"xysum\" \/><meta itemprop=\"url\" content=\"https:\/\/hiiumaa.ee\/wp-content\/uploads\/2022\/05\/hiiumaa-kirjanduse-aasta-1.png\" \/><meta itemprop=\"width\" content=\"840\" \/><meta itemprop=\"height\" content=\"700\" \/><meta itemprop=\"interactionType\" content=\"https:\/\/schema.org\/CommentAction\" \/><meta itemprop=\"userInteractionCount\" content=\"0\" \/>\n        \t<a href='https:\/\/hiiumaa.ee\/en\/hiiumaa-year-of-literature-2022\/' title='Hiiumaa Year of Literature 2022'><img decoding=\"async\" width=\"840\" height=\"700\" src=\"https:\/\/hiiumaa.ee\/wp-content\/uploads\/2022\/05\/hiiumaa-kirjanduse-aasta-1.png\" alt=\"\" loading=\"lazy\" itemprop=\"image\" srcset=\"https:\/\/hiiumaa.ee\/wp-content\/uploads\/2022\/05\/hiiumaa-kirjanduse-aasta-1.png 840w, https:\/\/hiiumaa.ee\/wp-content\/uploads\/2022\/05\/hiiumaa-kirjanduse-aasta-1-300x250.png 300w, https:\/\/hiiumaa.ee\/wp-content\/uploads\/2022\/05\/hiiumaa-kirjanduse-aasta-1-768x640.png 768w\" sizes=\"auto, (max-width: 840px) 100vw, 840px\" \/><\/a>\n        31.05.2022\n        <h5><a href='https:\/\/hiiumaa.ee\/en\/hiiumaa-year-of-literature-2022\/' title='Hiiumaa Year of Literature 2022'>Hiiumaa Year of Literature 2022<\/a><\/h5>\n    \t<p>2022. The year is dedicated to literature in Hiiumaa. The Year of Literature was kick-started in 19&#8230;.<\/p>\n    <a href=\"https:\/\/hiiumaa.ee\/en\/hiiumaa-year-of-literature-2022\/\">Read more<\/a>\n\t<meta itemscope itemprop=\"mainEntityOfPage\" itemtype=\"https:\/\/schema.org\/WebPage\" itemid=\"https:\/\/hiiumaa.ee\/en\/hiiumaa-turismiinfo-kardla-keskvaljakul-on-taas-avatud\/\" content=\"Hiiumaa turismiinfo K\u00e4rdla keskv\u00e4ljakul on taas avatud\" \/><meta itemprop=\"datePublished\" content=\"2022-05-15\" \/><meta itemprop=\"dateModified\" content=\"2022-06-09\" \/><meta itemprop=\"name\" content=\"Hiiumaa\"\/><meta itemprop=\"url\" content=\"https:\/\/hiiumaa.ee\/en\/author\/hiiumaa\/\" \/><meta itemprop=\"name\" content=\"hiiumaa\" \/><meta itemprop=\"url\" content=\"https:\/\/hiiumaa.ee\/wp-content\/uploads\/2022\/06\/unnamed-2.jpg\" \/><meta itemprop=\"width\" content=\"2048\" \/><meta itemprop=\"height\" content=\"1536\" \/><meta itemprop=\"interactionType\" content=\"https:\/\/schema.org\/CommentAction\" \/><meta itemprop=\"userInteractionCount\" content=\"0\" \/>\n        \t<a href='https:\/\/hiiumaa.ee\/en\/hiiumaa-turismiinfo-kardla-keskvaljakul-on-taas-avatud\/' title='Hiiumaa turismiinfo K\u00e4rdla keskv\u00e4ljakul on taas avatud'><img decoding=\"async\" width=\"1024\" height=\"768\" src=\"https:\/\/hiiumaa.ee\/wp-content\/uploads\/2022\/06\/unnamed-2-1024x768.jpg\" alt=\"\" loading=\"lazy\" itemprop=\"image\" srcset=\"https:\/\/hiiumaa.ee\/wp-content\/uploads\/2022\/06\/unnamed-2-1024x768.jpg 1024w, https:\/\/hiiumaa.ee\/wp-content\/uploads\/2022\/06\/unnamed-2-300x225.jpg 300w, https:\/\/hiiumaa.ee\/wp-content\/uploads\/2022\/06\/unnamed-2-768x576.jpg 768w, https:\/\/hiiumaa.ee\/wp-content\/uploads\/2022\/06\/unnamed-2-1536x1152.jpg 1536w, https:\/\/hiiumaa.ee\/wp-content\/uploads\/2022\/06\/unnamed-2.jpg 2048w\" sizes=\"auto, (max-width: 1024px) 100vw, 1024px\" \/><\/a>\n        15.05.2022\n        <h5><a href='https:\/\/hiiumaa.ee\/en\/hiiumaa-turismiinfo-kardla-keskvaljakul-on-taas-avatud\/' title='Hiiumaa turismiinfo K\u00e4rdla keskv\u00e4ljakul on taas avatud'>Hiiumaa turismiinfo K\u00e4rdla keskv\u00e4ljakul on taas avatud<\/a><\/h5>\n    \t<p>K\u00e4rdla keskv\u00e4ljakul asuv turismiinfopunkt on\u00a0maikuus avatud reedeti ja laup\u00e4eviti ning juunis teisip\u00e4evast laup\u00e4evani kell 10-16.30. Turismikataloogid ja&#8230;<\/p>\n    <a href=\"https:\/\/hiiumaa.ee\/en\/hiiumaa-turismiinfo-kardla-keskvaljakul-on-taas-avatud\/\">Read more<\/a>\n\t<meta itemscope itemprop=\"mainEntityOfPage\" itemtype=\"https:\/\/schema.org\/WebPage\" itemid=\"https:\/\/hiiumaa.ee\/en\/varske-turismiajakiri-go-hiiumaa-kutsub-hiiumaale\/\" content=\"V\u00e4rske turismiajakiri GO Hiiumaa kutsub Hiiumaale\" \/><meta itemprop=\"datePublished\" content=\"2022-04-26\" \/><meta itemprop=\"dateModified\" content=\"2022-06-09\" \/><meta itemprop=\"name\" content=\"Hiiumaa\"\/><meta itemprop=\"url\" content=\"https:\/\/hiiumaa.ee\/en\/author\/hiiumaa\/\" \/><meta itemprop=\"name\" content=\"hiiumaa\" \/><meta itemprop=\"url\" content=\"https:\/\/hiiumaa.ee\/wp-content\/uploads\/2022\/06\/GO-Hiiumaa-trukis-on-valmis.jpeg\" \/><meta itemprop=\"width\" content=\"930\" \/><meta itemprop=\"height\" content=\"573\" \/><meta itemprop=\"interactionType\" content=\"https:\/\/schema.org\/CommentAction\" \/><meta itemprop=\"userInteractionCount\" content=\"0\" \/>\n        \t<a href='https:\/\/hiiumaa.ee\/en\/varske-turismiajakiri-go-hiiumaa-kutsub-hiiumaale\/' title='V\u00e4rske turismiajakiri GO Hiiumaa kutsub Hiiumaale'><img decoding=\"async\" width=\"930\" height=\"573\" src=\"https:\/\/hiiumaa.ee\/wp-content\/uploads\/2022\/06\/GO-Hiiumaa-trukis-on-valmis.jpeg\" alt=\"\" loading=\"lazy\" itemprop=\"image\" srcset=\"https:\/\/hiiumaa.ee\/wp-content\/uploads\/2022\/06\/GO-Hiiumaa-trukis-on-valmis.jpeg 930w, https:\/\/hiiumaa.ee\/wp-content\/uploads\/2022\/06\/GO-Hiiumaa-trukis-on-valmis-300x185.jpeg 300w, https:\/\/hiiumaa.ee\/wp-content\/uploads\/2022\/06\/GO-Hiiumaa-trukis-on-valmis-768x473.jpeg 768w\" sizes=\"auto, (max-width: 930px) 100vw, 930px\" \/><\/a>\n        26.04.2022\n        <h5><a href='https:\/\/hiiumaa.ee\/en\/varske-turismiajakiri-go-hiiumaa-kutsub-hiiumaale\/' title='V\u00e4rske turismiajakiri GO Hiiumaa kutsub Hiiumaale'>V\u00e4rske turismiajakiri GO Hiiumaa kutsub Hiiumaale<\/a><\/h5>\n    \t<p>\u00dcle-Eesti on n\u00fc\u00fcdsest saadaval v\u00e4rske Hiiumaa 2022. aasta turismitr\u00fckis GO Hiiumaa, mis kannab pealkirja \u201eMeie oma maailmade&#8230;<\/p>\n    <a href=\"https:\/\/hiiumaa.ee\/en\/varske-turismiajakiri-go-hiiumaa-kutsub-hiiumaale\/\">Read more<\/a>\n\t\t<!-- .pp-content-posts -->\n\n","protected":false},"excerpt":{"rendered":"<p>All All News Press release 31.05.2022 The first Hiiumaa Tourism Fair takes place on 15 June! Hiiumaa tourism fair and opening of the tourism season In a situation where all&hellip;<\/p>\n","protected":false},"author":2,"featured_media":10763,"parent":0,"menu_order":0,"comment_status":"closed","ping_status":"closed","template":"","meta":{"_acf_changed":false,"_relevanssi_hide_post":"","_relevanssi_hide_content":"","_relevanssi_pin_for_all":"","_relevanssi_pin_keywords":"","_relevanssi_unpin_keywords":"","_relevanssi_related_keywords":"","_relevanssi_related_include_ids":"","_relevanssi_related_exclude_ids":"","_relevanssi_related_no_append":"","_relevanssi_related_not_related":"","_relevanssi_related_posts":"","_relevanssi_noindex_reason":"","inline_featured_image":false,"footnotes":""},"class_list":["post-10889","page","type-page","status-publish","has-post-thumbnail","hentry"],"acf":[],"_links":{"self":[{"href":"https:\/\/hiiumaa.ee\/en\/wp-json\/wp\/v2\/pages\/10889","targetHints":{"allow":["GET"]}}],"collection":[{"href":"https:\/\/hiiumaa.ee\/en\/wp-json\/wp\/v2\/pages"}],"about":[{"href":"https:\/\/hiiumaa.ee\/en\/wp-json\/wp\/v2\/types\/page"}],"author":[{"embeddable":true,"href":"https:\/\/hiiumaa.ee\/en\/wp-json\/wp\/v2\/users\/2"}],"replies":[{"embeddable":true,"href":"https:\/\/hiiumaa.ee\/en\/wp-json\/wp\/v2\/comments?post=10889"}],"version-history":[{"count":0,"href":"https:\/\/hiiumaa.ee\/en\/wp-json\/wp\/v2\/pages\/10889\/revisions"}],"wp:featuredmedia":[{"embeddable":true,"href":"https:\/\/hiiumaa.ee\/en\/wp-json\/wp\/v2\/media\/10763"}],"wp:attachment":[{"href":"https:\/\/hiiumaa.ee\/en\/wp-json\/wp\/v2\/media?parent=10889"}],"curies":[{"name":"wp","href":"https:\/\/api.w.org\/{rel}","templated":true}]}}