{"id":10850,"date":"2022-05-31T15:21:08","date_gmt":"2022-05-31T12:21:08","guid":{"rendered":"https:\/\/hiiumaa.ee\/frontpage\/"},"modified":"2026-04-09T15:19:04","modified_gmt":"2026-04-09T12:19:04","slug":"frontpage","status":"publish","type":"page","link":"https:\/\/hiiumaa.ee\/en\/","title":{"rendered":"Frontpage"},"content":{"rendered":"\n<h1>\n\t\t\t\t<\/h1>\n\t\nSee video\n<a id=\"play-video\" href=\"#\">\n  <img decoding=\"async\" src=\"https:\/\/hiiumaa.ee\/wp-content\/uploads\/2022\/05\/WhitePlay.svg\"\/>\n<\/a>\n\t\n\n\t\t<h4>\n\t\t\tModal Box\n\t\t\t\t\t<\/h4>\n\t\t<h5>modal-<\/h5>\n\t\tClick here to edit the &#8220;modal-box&#8221; settings. This text is only for editing and will not appear after you publish the changes.\t\n\t\t\t\t\t\tPreview\n\t\t\tmodal-\n\t\t\t\t\t\t<iframe loading=\"lazy\" width=\"100%\" height=\"515\" src=\"[wpbb post:acf type='url' name='hero_video_url']\" title=\"YouTube video player\" frameborder=\"0\" allow=\"accelerometer; autoplay; clipboard-write; encrypted-media; gyroscope; picture-in-picture\" allowfullscreen=\"\"><\/iframe>\t\t\t\t\t\n   <a href=\"\"><img decoding=\"async\" src=\"\"\/><\/a>\n   <a href=\"\"><img decoding=\"async\" src=\"\"\/><\/a>\n    <a href=\"\"><img decoding=\"async\" src=\"\"\/><\/a>\n    <a href=\"\"><img decoding=\"async\" src=\"\"\/><\/a>\n       <a href=\"\"><img decoding=\"async\" src=\"\"\/><\/a>\n\t<p>Travel recommendations and offers<\/p>\n\t\t    <img decoding=\"async\" alt=\"slider prev slide\" src=\"https:\/\/hiiumaa.ee\/wp-content\/uploads\/2022\/05\/ArrowPrev.svg\"\/>\n\t\t    <img decoding=\"async\" alt=\"slider next slide\" src=\"https:\/\/hiiumaa.ee\/wp-content\/uploads\/2022\/05\/ArrowNext.svg\"\/>\n\t\t<ul>\n\n\t\t<\/ul>\n\t\n\t\t\t\t\t\t\t\t\t\t\t\t<img width=\"150\" height=\"150\" src=\"https:\/\/hiiumaa.ee\/wp-content\/uploads\/2022\/05\/SundmusedIkoon.svg\" alt=\"\" decoding=\"async\" loading=\"lazy\" \/>\n\t\t\t\t\n\t\t\t\t\t\t\t\t\t\t\t\t<img width=\"150\" height=\"150\" src=\"https:\/\/hiiumaa.ee\/wp-content\/uploads\/2022\/05\/SundmusedIkoon.svg\" alt=\"\" decoding=\"async\" loading=\"lazy\" \/>\n\t\t\t\t\n\t\t\t\t\t\t\t\t\t\t\t\t<img width=\"150\" height=\"150\" src=\"https:\/\/hiiumaa.ee\/wp-content\/uploads\/2022\/05\/SundmusedIkoon.svg\" alt=\"\" decoding=\"async\" loading=\"lazy\" \/>\n\t\t\t\t\n\t\t\t\t\t\t\t\t\t\t\t\t<img width=\"150\" height=\"150\" src=\"https:\/\/hiiumaa.ee\/wp-content\/uploads\/2022\/05\/SundmusedIkoon.svg\" alt=\"\" decoding=\"async\" loading=\"lazy\" \/>\n\t\t\t\t\n\t\t\t\t\t\t\t\t\t\t\t\t<img width=\"150\" height=\"150\" src=\"https:\/\/hiiumaa.ee\/wp-content\/uploads\/2022\/05\/SundmusedIkoon.svg\" alt=\"\" decoding=\"async\" loading=\"lazy\" \/>\n\t\t\t\t\n\t\t\t\t\t\t\t\t\t\t\t\t\t\t\t\t<img width=\"150\" height=\"150\" src=\"https:\/\/hiiumaa.ee\/wp-content\/uploads\/2022\/05\/SundmusedIkoon.svg\" alt=\"\" decoding=\"async\" loading=\"lazy\" \/>\n\t\t\t\t\t\t\t\n\t\t\t\t\n\n\t\t\t\t\t\t\t\t\t\t\t\t\t\t\t\t<img width=\"150\" height=\"150\" src=\"https:\/\/hiiumaa.ee\/wp-content\/uploads\/2022\/05\/SundmusedIkoon.svg\" alt=\"\" decoding=\"async\" loading=\"lazy\" \/>\n\t\t\t\t\t\t\t\n\t\t\t\t\n\n\t\t\t\t\t\t\t\t\t\t\t\t\t\t\t\t<img width=\"150\" height=\"150\" src=\"https:\/\/hiiumaa.ee\/wp-content\/uploads\/2022\/05\/SundmusedIkoon.svg\" alt=\"\" decoding=\"async\" loading=\"lazy\" \/>\n\t\t\t\t\t\t\t\n\t\t\t\t\n\n\t\t\t\t\t\t\t\t\t\t\t\t\t\t\t\t<img width=\"150\" height=\"150\" src=\"https:\/\/hiiumaa.ee\/wp-content\/uploads\/2022\/05\/SundmusedIkoon.svg\" alt=\"\" decoding=\"async\" loading=\"lazy\" \/>\n\t\t\t\t\t\t\t\n\t\t\t\t\n\n\t\t\t\t\t\t\t\t\t\t\t\t\t\t\t\t<img width=\"150\" height=\"150\" src=\"https:\/\/hiiumaa.ee\/wp-content\/uploads\/2022\/05\/SundmusedIkoon.svg\" alt=\"\" decoding=\"async\" loading=\"lazy\" \/>\n\t\t\t\t\t\t\t\n\t\t\t\t\n\n\t\n\t\n\t\t\t<a href=\"\" target=\"_self\">\n\t\t\t\t\t\t\t\n\t\t\t\t\t<\/a>\n\t\n\n\t\n\t\t\t<a href=\"\" target=\"_self\">\n\t\t\t\t\t\t\t\n\t\t\t\t\t<\/a>\n\t\n\n\t\n\t\t\t<a href=\"https:\/\/hiiumaa.ee\/en\/events\/\" target=\"_self\">\n\t\t\t\t\t\t\tSee all\n\t\t\t\t\t<\/a>\n\t\n\t\n\t\t\t<a href=\"\" target=\"_self\">\n\t\t\t\t\t\t\t\n\t\t\t\t\t<\/a>\n\t\t<ul>\n\n\t\t<\/ul>\n\t\n\t\t    <img decoding=\"async\" alt=\"slider prev slide\" src=\"https:\/\/hiiumaa.ee\/wp-content\/uploads\/2022\/05\/ArrowPrev.svg\"\/>\n\t\t    <img decoding=\"async\" alt=\"slider next slide\" src=\"https:\/\/hiiumaa.ee\/wp-content\/uploads\/2022\/05\/ArrowNext.svg\"\/>\n\t\t<ul>\n\n\t\t<\/ul>\n<h2>\n\t\t\t\t<\/h2>\n\t\n\t\t\t<a href=\"\" target=\"_self\">\n\t\t\t\t\t\t\t\n\t\t\t\t\t<\/a>\n\t\t\t\t<img decoding=\"async\" src=\"https:\/\/hiiumaa.ee\/wp-content\/uploads\/2022\/05\/Hiiumaa-E-pood-1.png\" alt=\"Hiiumaa E-pood\" itemprop=\"image\" height=\"571\" width=\"888\" title=\"Hiiumaa E-pood\" onerror=\"this.style.display='none'\" loading=\"lazy\" \/>\n\t<p>@visithiiumaa<\/p>\n\t<p>Share Hiiumaa moments #hingelthiid #visithiiumaa #hiiumaa<\/p>\n\t\n<div id=\"sb_instagram\"  class=\"sbi sbi_mob_col_2 sbi_tab_col_2 sbi_col_4 sbi_width_resp\" style=\"padding-bottom: 10px;\"\t data-feedid=\"*3\"  data-res=\"auto\" data-cols=\"4\" data-colsmobile=\"2\" data-colstablet=\"2\" data-num=\"4\" data-nummobile=\"4\" data-item-padding=\"5\"\t data-shortcode-atts=\"{&quot;feed&quot;:&quot;3&quot;}\"  data-postid=\"10850\" data-locatornonce=\"2037a96d29\" data-imageaspectratio=\"1:1\" data-sbi-flags=\"favorLocal,imageLoadDisable,gdpr\">\n\t\n\t<div id=\"sbi_images\"  style=\"gap: 10px;\">\n\t\t<div class=\"sbi_item sbi_type_carousel sbi_new sbi_no_js sbi_no_resraise sbi_js_load_disabled\"\n\tid=\"sbi_17946854916153532\" data-date=\"1776928957\">\n\t<div class=\"sbi_photo_wrap\">\n\t\t<a class=\"sbi_photo\" href=\"https:\/\/www.instagram.com\/p\/DXdzQZJDGjg\/\" target=\"_blank\" rel=\"noopener nofollow\"\n\t\t\tdata-full-res=\"https:\/\/scontent.cdninstagram.com\/v\/t51.82787-15\/672967784_18260690653288070_3289367516930496582_n.webp?stp=dst-jpg_e35_tt6&#038;_nc_cat=110&#038;ccb=7-5&#038;_nc_sid=18de74&#038;efg=eyJlZmdfdGFnIjoiQ0FST1VTRUxfSVRFTS5iZXN0X2ltYWdlX3VybGdlbi5DMyJ9&#038;_nc_ohc=xqpRZI1MNhYQ7kNvwGzh6ld&#038;_nc_oc=AdqzXqkAO6s39hSxeX9BeQlDJuLDMsN4fskVA6tX7c5gicjH1ZWGoimxs8y1_o1XvRU&#038;_nc_zt=23&#038;_nc_ht=scontent.cdninstagram.com&#038;edm=AM6HXa8EAAAA&#038;_nc_gid=FIuGldILEdi3XUJW4ILIRA&#038;oh=00_Af1cW3g47Ud2ezP844mA5Zad6qVDsmd84_pYWaBHp1aBEA&#038;oe=69F79FB0\"\n\t\t\tdata-img-src-set=\"{&quot;d&quot;:&quot;https:\\\/\\\/scontent.cdninstagram.com\\\/v\\\/t51.82787-15\\\/672967784_18260690653288070_3289367516930496582_n.webp?stp=dst-jpg_e35_tt6&amp;_nc_cat=110&amp;ccb=7-5&amp;_nc_sid=18de74&amp;efg=eyJlZmdfdGFnIjoiQ0FST1VTRUxfSVRFTS5iZXN0X2ltYWdlX3VybGdlbi5DMyJ9&amp;_nc_ohc=xqpRZI1MNhYQ7kNvwGzh6ld&amp;_nc_oc=AdqzXqkAO6s39hSxeX9BeQlDJuLDMsN4fskVA6tX7c5gicjH1ZWGoimxs8y1_o1XvRU&amp;_nc_zt=23&amp;_nc_ht=scontent.cdninstagram.com&amp;edm=AM6HXa8EAAAA&amp;_nc_gid=FIuGldILEdi3XUJW4ILIRA&amp;oh=00_Af1cW3g47Ud2ezP844mA5Zad6qVDsmd84_pYWaBHp1aBEA&amp;oe=69F79FB0&quot;,&quot;150&quot;:&quot;https:\\\/\\\/scontent.cdninstagram.com\\\/v\\\/t51.82787-15\\\/672967784_18260690653288070_3289367516930496582_n.webp?stp=dst-jpg_e35_tt6&amp;_nc_cat=110&amp;ccb=7-5&amp;_nc_sid=18de74&amp;efg=eyJlZmdfdGFnIjoiQ0FST1VTRUxfSVRFTS5iZXN0X2ltYWdlX3VybGdlbi5DMyJ9&amp;_nc_ohc=xqpRZI1MNhYQ7kNvwGzh6ld&amp;_nc_oc=AdqzXqkAO6s39hSxeX9BeQlDJuLDMsN4fskVA6tX7c5gicjH1ZWGoimxs8y1_o1XvRU&amp;_nc_zt=23&amp;_nc_ht=scontent.cdninstagram.com&amp;edm=AM6HXa8EAAAA&amp;_nc_gid=FIuGldILEdi3XUJW4ILIRA&amp;oh=00_Af1cW3g47Ud2ezP844mA5Zad6qVDsmd84_pYWaBHp1aBEA&amp;oe=69F79FB0&quot;,&quot;320&quot;:&quot;https:\\\/\\\/hiiumaa.ee\\\/wp-content\\\/uploads\\\/sb-instagram-feed-images\\\/672967784_18260690653288070_3289367516930496582_nlow.webp&quot;,&quot;640&quot;:&quot;https:\\\/\\\/hiiumaa.ee\\\/wp-content\\\/uploads\\\/sb-instagram-feed-images\\\/672967784_18260690653288070_3289367516930496582_nfull.webp&quot;}\">\n\t\t\t<span class=\"sbi-screenreader\">LOOS \u2705\ufe0f\n\nV\u00d5IDA KAKS P\u00c4\u00c4SET HIIUMAA TULETORNIDE JOO<\/span>\n\t\t\t<svg class=\"svg-inline--fa fa-clone fa-w-16 sbi_lightbox_carousel_icon\" aria-hidden=\"true\" aria-label=\"Clone\" data-fa-pro\u0192cessed=\"\" data-prefix=\"far\" data-icon=\"clone\" role=\"img\" xmlns=\"http:\/\/www.w3.org\/2000\/svg\" viewBox=\"0 0 512 512\">\n                    <path fill=\"currentColor\" d=\"M464 0H144c-26.51 0-48 21.49-48 48v48H48c-26.51 0-48 21.49-48 48v320c0 26.51 21.49 48 48 48h320c26.51 0 48-21.49 48-48v-48h48c26.51 0 48-21.49 48-48V48c0-26.51-21.49-48-48-48zM362 464H54a6 6 0 0 1-6-6V150a6 6 0 0 1 6-6h42v224c0 26.51 21.49 48 48 48h224v42a6 6 0 0 1-6 6zm96-96H150a6 6 0 0 1-6-6V54a6 6 0 0 1 6-6h308a6 6 0 0 1 6 6v308a6 6 0 0 1-6 6z\"><\/path>\n                <\/svg>\t\t\t\t\t\t<img decoding=\"async\" src=\"https:\/\/hiiumaa.ee\/wp-content\/uploads\/sb-instagram-feed-images\/672967784_18260690653288070_3289367516930496582_nfull.webp\" alt=\"LOOS \u2705\ufe0f\n\nV\u00d5IDA KAKS P\u00c4\u00c4SET HIIUMAA TULETORNIDE JOOKSULE EHK ANNA KOMMENTAARIUMIS MEILE TEADA OMA PARIMAST SPORDIKAASLASEST (s\u00f5brad, elulaaslased, koerad ja muud jooksus\u00f5brad tahavad k\u00f5ik \u00e4ra m\u00e4rkimist\ud83d\ude05).\n\nV\u00f5itja selgub 27. aprillil! \n\n1.-3. maini toimub Hiiumaa tuletornide jooks. Tasuta kontserdi annavad Ott Lepland, Karmen Telvik ja teised! \ud83d\udc4f\" aria-hidden=\"true\">\n\t\t<\/a>\n\t<\/div>\n<\/div><div class=\"sbi_item sbi_type_video sbi_new sbi_no_js sbi_no_resraise sbi_js_load_disabled\"\n\tid=\"sbi_18089013026256011\" data-date=\"1776746697\">\n\t<div class=\"sbi_photo_wrap\">\n\t\t<a class=\"sbi_photo\" href=\"https:\/\/www.instagram.com\/reel\/DXYXZ-WjIQ7\/\" target=\"_blank\" rel=\"noopener nofollow\"\n\t\t\tdata-full-res=\"https:\/\/scontent.cdninstagram.com\/v\/t51.71878-15\/670629108_1663277045006950_5090238998366743945_n.jpg?stp=dst-jpg_e35_tt6&#038;_nc_cat=110&#038;ccb=7-5&#038;_nc_sid=18de74&#038;efg=eyJlZmdfdGFnIjoiQ0xJUFMuYmVzdF9pbWFnZV91cmxnZW4uQzMifQ%3D%3D&#038;_nc_ohc=bXpY9fT3aa8Q7kNvwHX1Px3&#038;_nc_oc=Adp39tOZdPYT6n-tJIbCkEF-qEqBPbyi09jYR3g7lb17gi0KlWkQnIcy4LFQR7JXxQs&#038;_nc_zt=23&#038;_nc_ht=scontent.cdninstagram.com&#038;edm=AM6HXa8EAAAA&#038;_nc_gid=FIuGldILEdi3XUJW4ILIRA&#038;_nc_tpa=Q5bMBQFtsfBuInRIfkXy9fmOGokT9gFmS0cDun2a47EqKI8j1ONQKbZDKdi1jmfBwdQRLNoME4g760pY&#038;oh=00_Af1DlauFroFo-gczOQru-roaXYFCUk74dsy3zmD3LALrYg&#038;oe=69F7A4B0\"\n\t\t\tdata-img-src-set=\"{&quot;d&quot;:&quot;https:\\\/\\\/scontent.cdninstagram.com\\\/v\\\/t51.71878-15\\\/670629108_1663277045006950_5090238998366743945_n.jpg?stp=dst-jpg_e35_tt6&amp;_nc_cat=110&amp;ccb=7-5&amp;_nc_sid=18de74&amp;efg=eyJlZmdfdGFnIjoiQ0xJUFMuYmVzdF9pbWFnZV91cmxnZW4uQzMifQ%3D%3D&amp;_nc_ohc=bXpY9fT3aa8Q7kNvwHX1Px3&amp;_nc_oc=Adp39tOZdPYT6n-tJIbCkEF-qEqBPbyi09jYR3g7lb17gi0KlWkQnIcy4LFQR7JXxQs&amp;_nc_zt=23&amp;_nc_ht=scontent.cdninstagram.com&amp;edm=AM6HXa8EAAAA&amp;_nc_gid=FIuGldILEdi3XUJW4ILIRA&amp;_nc_tpa=Q5bMBQFtsfBuInRIfkXy9fmOGokT9gFmS0cDun2a47EqKI8j1ONQKbZDKdi1jmfBwdQRLNoME4g760pY&amp;oh=00_Af1DlauFroFo-gczOQru-roaXYFCUk74dsy3zmD3LALrYg&amp;oe=69F7A4B0&quot;,&quot;150&quot;:&quot;https:\\\/\\\/scontent.cdninstagram.com\\\/v\\\/t51.71878-15\\\/670629108_1663277045006950_5090238998366743945_n.jpg?stp=dst-jpg_e35_tt6&amp;_nc_cat=110&amp;ccb=7-5&amp;_nc_sid=18de74&amp;efg=eyJlZmdfdGFnIjoiQ0xJUFMuYmVzdF9pbWFnZV91cmxnZW4uQzMifQ%3D%3D&amp;_nc_ohc=bXpY9fT3aa8Q7kNvwHX1Px3&amp;_nc_oc=Adp39tOZdPYT6n-tJIbCkEF-qEqBPbyi09jYR3g7lb17gi0KlWkQnIcy4LFQR7JXxQs&amp;_nc_zt=23&amp;_nc_ht=scontent.cdninstagram.com&amp;edm=AM6HXa8EAAAA&amp;_nc_gid=FIuGldILEdi3XUJW4ILIRA&amp;_nc_tpa=Q5bMBQFtsfBuInRIfkXy9fmOGokT9gFmS0cDun2a47EqKI8j1ONQKbZDKdi1jmfBwdQRLNoME4g760pY&amp;oh=00_Af1DlauFroFo-gczOQru-roaXYFCUk74dsy3zmD3LALrYg&amp;oe=69F7A4B0&quot;,&quot;320&quot;:&quot;https:\\\/\\\/hiiumaa.ee\\\/wp-content\\\/uploads\\\/sb-instagram-feed-images\\\/670629108_1663277045006950_5090238998366743945_nlow.webp&quot;,&quot;640&quot;:&quot;https:\\\/\\\/hiiumaa.ee\\\/wp-content\\\/uploads\\\/sb-instagram-feed-images\\\/670629108_1663277045006950_5090238998366743945_nfull.webp&quot;}\">\n\t\t\t<span class=\"sbi-screenreader\">Brb, landing on the most beautiful island in the N<\/span>\n\t\t\t\t\t\t<svg style=\"color: rgba(255,255,255,1)\" class=\"svg-inline--fa fa-play fa-w-14 sbi_playbtn\" aria-label=\"Play\" aria-hidden=\"true\" data-fa-processed=\"\" data-prefix=\"fa\" data-icon=\"play\" role=\"presentation\" xmlns=\"http:\/\/www.w3.org\/2000\/svg\" viewBox=\"0 0 448 512\"><path fill=\"currentColor\" d=\"M424.4 214.7L72.4 6.6C43.8-10.3 0 6.1 0 47.9V464c0 37.5 40.7 60.1 72.4 41.3l352-208c31.4-18.5 31.5-64.1 0-82.6z\"><\/path><\/svg>\t\t\t<img decoding=\"async\" src=\"https:\/\/hiiumaa.ee\/wp-content\/uploads\/sb-instagram-feed-images\/670629108_1663277045006950_5090238998366743945_nfull.webp\" alt=\"Brb, landing on the most beautiful island in the Nordics \ud83e\udd2d\" aria-hidden=\"true\">\n\t\t<\/a>\n\t<\/div>\n<\/div><div class=\"sbi_item sbi_type_carousel sbi_new sbi_no_js sbi_no_resraise sbi_js_load_disabled\"\n\tid=\"sbi_17959793211101286\" data-date=\"1776708454\">\n\t<div class=\"sbi_photo_wrap\">\n\t\t<a class=\"sbi_photo\" href=\"https:\/\/www.instagram.com\/p\/DXXOrd-jAgG\/\" target=\"_blank\" rel=\"noopener nofollow\"\n\t\t\tdata-full-res=\"https:\/\/scontent.cdninstagram.com\/v\/t51.82787-15\/671184968_18260403241288070_7952198437488398771_n.webp?stp=dst-jpg_e35_tt6&#038;_nc_cat=106&#038;ccb=7-5&#038;_nc_sid=18de74&#038;efg=eyJlZmdfdGFnIjoiQ0FST1VTRUxfSVRFTS5iZXN0X2ltYWdlX3VybGdlbi5DMyJ9&#038;_nc_ohc=36jGyuc-X4UQ7kNvwHEZ_21&#038;_nc_oc=AdrRUQcFJ6s5mYGHUjpz_yM91UwFdBL4Mcg1VlFp87nEVsPrqpXU1xQ3vOc0Lx3b2A8&#038;_nc_zt=23&#038;_nc_ht=scontent.cdninstagram.com&#038;edm=AM6HXa8EAAAA&#038;_nc_gid=FIuGldILEdi3XUJW4ILIRA&#038;oh=00_Af1t4L5hx3xXm9rdduDI6rxUarpx4IhbDoauqbXyvPCkVg&#038;oe=69F79776\"\n\t\t\tdata-img-src-set=\"{&quot;d&quot;:&quot;https:\\\/\\\/scontent.cdninstagram.com\\\/v\\\/t51.82787-15\\\/671184968_18260403241288070_7952198437488398771_n.webp?stp=dst-jpg_e35_tt6&amp;_nc_cat=106&amp;ccb=7-5&amp;_nc_sid=18de74&amp;efg=eyJlZmdfdGFnIjoiQ0FST1VTRUxfSVRFTS5iZXN0X2ltYWdlX3VybGdlbi5DMyJ9&amp;_nc_ohc=36jGyuc-X4UQ7kNvwHEZ_21&amp;_nc_oc=AdrRUQcFJ6s5mYGHUjpz_yM91UwFdBL4Mcg1VlFp87nEVsPrqpXU1xQ3vOc0Lx3b2A8&amp;_nc_zt=23&amp;_nc_ht=scontent.cdninstagram.com&amp;edm=AM6HXa8EAAAA&amp;_nc_gid=FIuGldILEdi3XUJW4ILIRA&amp;oh=00_Af1t4L5hx3xXm9rdduDI6rxUarpx4IhbDoauqbXyvPCkVg&amp;oe=69F79776&quot;,&quot;150&quot;:&quot;https:\\\/\\\/scontent.cdninstagram.com\\\/v\\\/t51.82787-15\\\/671184968_18260403241288070_7952198437488398771_n.webp?stp=dst-jpg_e35_tt6&amp;_nc_cat=106&amp;ccb=7-5&amp;_nc_sid=18de74&amp;efg=eyJlZmdfdGFnIjoiQ0FST1VTRUxfSVRFTS5iZXN0X2ltYWdlX3VybGdlbi5DMyJ9&amp;_nc_ohc=36jGyuc-X4UQ7kNvwHEZ_21&amp;_nc_oc=AdrRUQcFJ6s5mYGHUjpz_yM91UwFdBL4Mcg1VlFp87nEVsPrqpXU1xQ3vOc0Lx3b2A8&amp;_nc_zt=23&amp;_nc_ht=scontent.cdninstagram.com&amp;edm=AM6HXa8EAAAA&amp;_nc_gid=FIuGldILEdi3XUJW4ILIRA&amp;oh=00_Af1t4L5hx3xXm9rdduDI6rxUarpx4IhbDoauqbXyvPCkVg&amp;oe=69F79776&quot;,&quot;320&quot;:&quot;https:\\\/\\\/hiiumaa.ee\\\/wp-content\\\/uploads\\\/sb-instagram-feed-images\\\/671184968_18260403241288070_7952198437488398771_nlow.webp&quot;,&quot;640&quot;:&quot;https:\\\/\\\/hiiumaa.ee\\\/wp-content\\\/uploads\\\/sb-instagram-feed-images\\\/671184968_18260403241288070_7952198437488398771_nfull.webp&quot;}\">\n\t\t\t<span class=\"sbi-screenreader\">Palli RMK telkimisala on saanud uuenduskuuri ja v\u00e4<\/span>\n\t\t\t<svg class=\"svg-inline--fa fa-clone fa-w-16 sbi_lightbox_carousel_icon\" aria-hidden=\"true\" aria-label=\"Clone\" data-fa-pro\u0192cessed=\"\" data-prefix=\"far\" data-icon=\"clone\" role=\"img\" xmlns=\"http:\/\/www.w3.org\/2000\/svg\" viewBox=\"0 0 512 512\">\n                    <path fill=\"currentColor\" d=\"M464 0H144c-26.51 0-48 21.49-48 48v48H48c-26.51 0-48 21.49-48 48v320c0 26.51 21.49 48 48 48h320c26.51 0 48-21.49 48-48v-48h48c26.51 0 48-21.49 48-48V48c0-26.51-21.49-48-48-48zM362 464H54a6 6 0 0 1-6-6V150a6 6 0 0 1 6-6h42v224c0 26.51 21.49 48 48 48h224v42a6 6 0 0 1-6 6zm96-96H150a6 6 0 0 1-6-6V54a6 6 0 0 1 6-6h308a6 6 0 0 1 6 6v308a6 6 0 0 1-6 6z\"><\/path>\n                <\/svg>\t\t\t\t\t\t<img decoding=\"async\" src=\"https:\/\/hiiumaa.ee\/wp-content\/uploads\/sb-instagram-feed-images\/671184968_18260403241288070_7952198437488398771_nfull.webp\" alt=\"Palli RMK telkimisala on saanud uuenduskuuri ja v\u00e4rskenduse ning ootab suvitajaid juba praegu \u26fa\ufe0f\n\nFotod: @hiiumaavald\" aria-hidden=\"true\">\n\t\t<\/a>\n\t<\/div>\n<\/div><div class=\"sbi_item sbi_type_carousel sbi_new sbi_no_js sbi_no_resraise sbi_js_load_disabled\"\n\tid=\"sbi_17867274252611114\" data-date=\"1776412442\">\n\t<div class=\"sbi_photo_wrap\">\n\t\t<a class=\"sbi_photo\" href=\"https:\/\/www.instagram.com\/p\/DXOaFNdjOrY\/\" target=\"_blank\" rel=\"noopener nofollow\"\n\t\t\tdata-full-res=\"https:\/\/scontent.cdninstagram.com\/v\/t51.82787-15\/671808866_18260012923288070_2399608584457113760_n.webp?stp=dst-jpg_e35_tt6&#038;_nc_cat=105&#038;ccb=7-5&#038;_nc_sid=18de74&#038;efg=eyJlZmdfdGFnIjoiQ0FST1VTRUxfSVRFTS5iZXN0X2ltYWdlX3VybGdlbi5DMyJ9&#038;_nc_ohc=u3Nq3t641mUQ7kNvwGVhjia&#038;_nc_oc=AdoKrPx158YZPQUOHcxyXV2dK5HauoeMAXKVs3bMD86LbrDkKSi5QxfxRC0xMnCaw00&#038;_nc_zt=23&#038;_nc_ht=scontent.cdninstagram.com&#038;edm=AM6HXa8EAAAA&#038;_nc_gid=FIuGldILEdi3XUJW4ILIRA&#038;oh=00_Af2dhI4ngeUKsBngLV_xCdBYHfwVSU3C-X6mEEjeLi9Umw&#038;oe=69F79F4C\"\n\t\t\tdata-img-src-set=\"{&quot;d&quot;:&quot;https:\\\/\\\/scontent.cdninstagram.com\\\/v\\\/t51.82787-15\\\/671808866_18260012923288070_2399608584457113760_n.webp?stp=dst-jpg_e35_tt6&amp;_nc_cat=105&amp;ccb=7-5&amp;_nc_sid=18de74&amp;efg=eyJlZmdfdGFnIjoiQ0FST1VTRUxfSVRFTS5iZXN0X2ltYWdlX3VybGdlbi5DMyJ9&amp;_nc_ohc=u3Nq3t641mUQ7kNvwGVhjia&amp;_nc_oc=AdoKrPx158YZPQUOHcxyXV2dK5HauoeMAXKVs3bMD86LbrDkKSi5QxfxRC0xMnCaw00&amp;_nc_zt=23&amp;_nc_ht=scontent.cdninstagram.com&amp;edm=AM6HXa8EAAAA&amp;_nc_gid=FIuGldILEdi3XUJW4ILIRA&amp;oh=00_Af2dhI4ngeUKsBngLV_xCdBYHfwVSU3C-X6mEEjeLi9Umw&amp;oe=69F79F4C&quot;,&quot;150&quot;:&quot;https:\\\/\\\/scontent.cdninstagram.com\\\/v\\\/t51.82787-15\\\/671808866_18260012923288070_2399608584457113760_n.webp?stp=dst-jpg_e35_tt6&amp;_nc_cat=105&amp;ccb=7-5&amp;_nc_sid=18de74&amp;efg=eyJlZmdfdGFnIjoiQ0FST1VTRUxfSVRFTS5iZXN0X2ltYWdlX3VybGdlbi5DMyJ9&amp;_nc_ohc=u3Nq3t641mUQ7kNvwGVhjia&amp;_nc_oc=AdoKrPx158YZPQUOHcxyXV2dK5HauoeMAXKVs3bMD86LbrDkKSi5QxfxRC0xMnCaw00&amp;_nc_zt=23&amp;_nc_ht=scontent.cdninstagram.com&amp;edm=AM6HXa8EAAAA&amp;_nc_gid=FIuGldILEdi3XUJW4ILIRA&amp;oh=00_Af2dhI4ngeUKsBngLV_xCdBYHfwVSU3C-X6mEEjeLi9Umw&amp;oe=69F79F4C&quot;,&quot;320&quot;:&quot;https:\\\/\\\/hiiumaa.ee\\\/wp-content\\\/uploads\\\/sb-instagram-feed-images\\\/671808866_18260012923288070_2399608584457113760_nlow.webp&quot;,&quot;640&quot;:&quot;https:\\\/\\\/hiiumaa.ee\\\/wp-content\\\/uploads\\\/sb-instagram-feed-images\\\/671808866_18260012923288070_2399608584457113760_nfull.webp&quot;}\">\n\t\t\t<span class=\"sbi-screenreader\">\ud83e\udee1 Esiteks! Tule jooksma \u00fcksi v\u00f5i seltskonnaga. \n\nT<\/span>\n\t\t\t<svg class=\"svg-inline--fa fa-clone fa-w-16 sbi_lightbox_carousel_icon\" aria-hidden=\"true\" aria-label=\"Clone\" data-fa-pro\u0192cessed=\"\" data-prefix=\"far\" data-icon=\"clone\" role=\"img\" xmlns=\"http:\/\/www.w3.org\/2000\/svg\" viewBox=\"0 0 512 512\">\n                    <path fill=\"currentColor\" d=\"M464 0H144c-26.51 0-48 21.49-48 48v48H48c-26.51 0-48 21.49-48 48v320c0 26.51 21.49 48 48 48h320c26.51 0 48-21.49 48-48v-48h48c26.51 0 48-21.49 48-48V48c0-26.51-21.49-48-48-48zM362 464H54a6 6 0 0 1-6-6V150a6 6 0 0 1 6-6h42v224c0 26.51 21.49 48 48 48h224v42a6 6 0 0 1-6 6zm96-96H150a6 6 0 0 1-6-6V54a6 6 0 0 1 6-6h308a6 6 0 0 1 6 6v308a6 6 0 0 1-6 6z\"><\/path>\n                <\/svg>\t\t\t\t\t\t<img decoding=\"async\" src=\"https:\/\/hiiumaa.ee\/wp-content\/uploads\/sb-instagram-feed-images\/671808866_18260012923288070_2399608584457113760_nfull.webp\" alt=\"\ud83e\udee1 Esiteks! Tule jooksma \u00fcksi v\u00f5i seltskonnaga. \n\nTeiseks! Saad nautida isegi ilma v\u00f5istlusel k\u00e4imata tasuta kontserti \ud83c\udf88\" aria-hidden=\"true\">\n\t\t<\/a>\n\t<\/div>\n<\/div>\t<\/div>\n\n\t<div id=\"sbi_load\" >\n\n\t\n\t\n<\/div>\n\t\t<span class=\"sbi_resized_image_data\" data-feed-id=\"*3\"\n\t\t  data-resized=\"{&quot;17867274252611114&quot;:{&quot;id&quot;:&quot;671808866_18260012923288070_2399608584457113760_n&quot;,&quot;ratio&quot;:&quot;1.00&quot;,&quot;sizes&quot;:{&quot;full&quot;:640,&quot;low&quot;:320,&quot;thumb&quot;:150},&quot;extension&quot;:&quot;.webp&quot;},&quot;17959793211101286&quot;:{&quot;id&quot;:&quot;671184968_18260403241288070_7952198437488398771_n&quot;,&quot;ratio&quot;:&quot;1.00&quot;,&quot;sizes&quot;:{&quot;full&quot;:640,&quot;low&quot;:320,&quot;thumb&quot;:150},&quot;extension&quot;:&quot;.webp&quot;},&quot;18089013026256011&quot;:{&quot;id&quot;:&quot;670629108_1663277045006950_5090238998366743945_n&quot;,&quot;ratio&quot;:&quot;0.56&quot;,&quot;sizes&quot;:{&quot;full&quot;:640,&quot;low&quot;:320,&quot;thumb&quot;:150},&quot;extension&quot;:&quot;.webp&quot;},&quot;17946854916153532&quot;:{&quot;id&quot;:&quot;672967784_18260690653288070_3289367516930496582_n&quot;,&quot;ratio&quot;:&quot;1.00&quot;,&quot;sizes&quot;:{&quot;full&quot;:640,&quot;low&quot;:320,&quot;thumb&quot;:150},&quot;extension&quot;:&quot;.webp&quot;}}\">\n\t<\/span>\n\t<\/div>\n\n<script type=\"text\/javascript\">var sb_instagram_js_options = {\"font_method\":\"svg\",\"placeholder\":\"https:\\\/\\\/hiiumaa.ee\\\/wp-content\\\/plugins\\\/instagram-feed\\\/img\\\/placeholder.png\",\"resized_url\":\"https:\\\/\\\/hiiumaa.ee\\\/wp-content\\\/uploads\\\/sb-instagram-feed-images\\\/\",\"ajax_url\":\"https:\\\/\\\/hiiumaa.ee\\\/wp-admin\\\/admin-ajax.php\"};<\/script><script type='text\/javascript' src='https:\/\/hiiumaa.ee\/wp-content\/plugins\/instagram-feed\/js\/sbi-scripts.min.js?ver=6.10.0'><\/script>\n\n","protected":false},"excerpt":{"rendered":"<p>See video Modal Box modal- Click here to edit the &#8220;modal-box&#8221; settings. This text is only for editing and will not appear after you publish the changes. Preview modal- Travel&hellip;<\/p>\n","protected":false},"author":2,"featured_media":110150,"parent":0,"menu_order":0,"comment_status":"closed","ping_status":"closed","template":"","meta":{"_acf_changed":false,"_relevanssi_hide_post":"","_relevanssi_hide_content":"","_relevanssi_pin_for_all":"","_relevanssi_pin_keywords":"","_relevanssi_unpin_keywords":"","_relevanssi_related_keywords":"","_relevanssi_related_include_ids":"","_relevanssi_related_exclude_ids":"","_relevanssi_related_no_append":"","_relevanssi_related_not_related":"","_relevanssi_related_posts":"","_relevanssi_noindex_reason":"","inline_featured_image":false,"footnotes":""},"class_list":["post-10850","page","type-page","status-publish","has-post-thumbnail","hentry"],"acf":[],"_links":{"self":[{"href":"https:\/\/hiiumaa.ee\/en\/wp-json\/wp\/v2\/pages\/10850","targetHints":{"allow":["GET"]}}],"collection":[{"href":"https:\/\/hiiumaa.ee\/en\/wp-json\/wp\/v2\/pages"}],"about":[{"href":"https:\/\/hiiumaa.ee\/en\/wp-json\/wp\/v2\/types\/page"}],"author":[{"embeddable":true,"href":"https:\/\/hiiumaa.ee\/en\/wp-json\/wp\/v2\/users\/2"}],"replies":[{"embeddable":true,"href":"https:\/\/hiiumaa.ee\/en\/wp-json\/wp\/v2\/comments?post=10850"}],"version-history":[{"count":11,"href":"https:\/\/hiiumaa.ee\/en\/wp-json\/wp\/v2\/pages\/10850\/revisions"}],"predecessor-version":[{"id":112089,"href":"https:\/\/hiiumaa.ee\/en\/wp-json\/wp\/v2\/pages\/10850\/revisions\/112089"}],"wp:featuredmedia":[{"embeddable":true,"href":"https:\/\/hiiumaa.ee\/en\/wp-json\/wp\/v2\/media\/110150"}],"wp:attachment":[{"href":"https:\/\/hiiumaa.ee\/en\/wp-json\/wp\/v2\/media?parent=10850"}],"curies":[{"name":"wp","href":"https:\/\/api.w.org\/{rel}","templated":true}]}}