{"id":107771,"date":"2025-12-22T15:57:39","date_gmt":"2025-12-22T13:57:39","guid":{"rendered":"https:\/\/hiiumaa.ee\/molutamisepaev\/"},"modified":"2026-01-27T12:41:02","modified_gmt":"2026-01-27T10:41:02","slug":"day-of-idling","status":"publish","type":"page","link":"https:\/\/hiiumaa.ee\/en\/day-of-idling\/","title":{"rendered":"Day of fruitful idling \u2013 January 29"},"content":{"rendered":"\r\n<h1>Day of fruitful idling<\/h1>\r\n<h1>January 29<\/h1>\r\n<p>January 29 is the Day of fruitful idling (\u201emolutamine&#8221; in Estonian). The day is connected to the birth anniversary of naturalist Fred J\u00fcssi and to his way of thinking, which values silence, slowness, and being in harmony with nature.<\/p>\r\n<p>Fruitful idling is not &#8220;wasting time&#8221;. It is a moment when you don&#8217;t need to get anywhere or achieve anything. That is how space opens up for you to notice your own thoughts, your surroundings, and the rhythm that is always present in nature. In Hiiumaa, this comes naturally. The island is quiet and spacious, and nature is always close by.<\/p>\r\n<p><img decoding=\"async\" src=\"https:\/\/hiiumaa.ee\/wp-content\/uploads\/2025\/12\/Hiiumaa-molutamise-paev-16.jpg\" alt=\"\" \/> <img decoding=\"async\" src=\"https:\/\/hiiumaa.ee\/wp-content\/uploads\/2025\/12\/Hiiumaa-molutamise-paev-15.jpg\" alt=\"\" \/> <img decoding=\"async\" src=\"https:\/\/hiiumaa.ee\/wp-content\/uploads\/2025\/12\/Hiiumaa-molutamise-paev-14.jpg\" alt=\"\" \/> <img decoding=\"async\" src=\"https:\/\/hiiumaa.ee\/wp-content\/uploads\/2025\/12\/Hiiumaa-molutamise-paev-13.jpg\" alt=\"\" \/> <img decoding=\"async\" src=\"https:\/\/hiiumaa.ee\/wp-content\/uploads\/2025\/12\/Hiiumaa-molutamise-paev-12.jpg\" alt=\"\" \/> <img decoding=\"async\" src=\"https:\/\/hiiumaa.ee\/wp-content\/uploads\/2025\/12\/Hiiumaa-molutamise-paev-11.jpg\" alt=\"\" \/> <img decoding=\"async\" src=\"https:\/\/hiiumaa.ee\/wp-content\/uploads\/2025\/12\/Hiiumaa-molutamise-paev-10.jpg\" alt=\"\" \/> <img decoding=\"async\" src=\"https:\/\/hiiumaa.ee\/wp-content\/uploads\/2025\/12\/Hiiumaa-molutamise-paev-9.jpg\" alt=\"\" \/> <img decoding=\"async\" src=\"https:\/\/hiiumaa.ee\/wp-content\/uploads\/2025\/12\/Hiiumaa-molutamise-paev-8.jpg\" alt=\"\" \/> <img decoding=\"async\" src=\"https:\/\/hiiumaa.ee\/wp-content\/uploads\/2025\/12\/Hiiumaa-molutamise-paev-7.jpg\" alt=\"\" \/> <img decoding=\"async\" src=\"https:\/\/hiiumaa.ee\/wp-content\/uploads\/2025\/12\/Hiiumaa-molutamise-paev-6.jpg\" alt=\"\" \/> <img decoding=\"async\" src=\"https:\/\/hiiumaa.ee\/wp-content\/uploads\/2025\/12\/Hiiumaa-molutamise-paev-5.jpg\" alt=\"\" \/> <img decoding=\"async\" src=\"https:\/\/hiiumaa.ee\/wp-content\/uploads\/2025\/12\/Hiiumaa-molutamise-paev-4.jpg\" alt=\"\" \/> <img decoding=\"async\" src=\"https:\/\/hiiumaa.ee\/wp-content\/uploads\/2025\/12\/Hiiumaa-molutamise-paev-4.jpg\" alt=\"\" \/> <img decoding=\"async\" src=\"https:\/\/hiiumaa.ee\/wp-content\/uploads\/2025\/12\/Hiiumaa-molutamise-paev-3.jpg\" alt=\"\" \/> <img decoding=\"async\" src=\"https:\/\/hiiumaa.ee\/wp-content\/uploads\/2025\/12\/Hiiumaa-molutamise-paev-1-scaled.jpg\" alt=\"\" \/><\/p>\r\n<p><strong>Why Hiiumaa?<\/strong><\/p>\r\n<p>In Hiiumaa&#8217;s culture, there is a deeply rooted attitude expressed in the phrase &#8220;jo vaadab.&#8221; It means that the wise don&#8217;t rush, and not everything has to happen immediately. Time moves at a different pace on the island, making it easier to truly experience molutamine, not as just an idea.<\/p>\r\n<p>The day is not just a tribute to one person. It is a reminder that life is not made up solely of constant activity. Sometimes, the most sensible thing to do is to stop.<\/p>\r\n<p>If you choose to spend the Day of fruitful idling in Hiiumaa, do so calmly. Enjoy the moment. And simply be present.<\/p>\r\n<p><img loading=\"lazy\" decoding=\"async\" title=\"FredJyssi_t66deldud\" src=\"https:\/\/hiiumaa.ee\/wp-content\/uploads\/2025\/06\/FredJyssi_t66deldud.jpg\" alt=\"FredJyssi_t66deldud\" width=\"1029\" height=\"1024\" \/><\/p>\r\n<p>Read the article:<\/p>\r\n<h2>Fred J\u00fcssi: \u201eLaiskus on mehe m\u00f5\u00f5t!&#8221;<\/h2>\r\n<p><em>After the multifaceted Fred J\u00fcssi died this year, Hiiumaa declared his birthdate, 29 January, to be a day of general idling. That&#8217;s because alongside everything else he was known for &#8211; from nature writer, photographer to scientist &#8211; J\u00fcssi was a devotee of the art of doing nothing.<\/em><\/p>\r\n<p><em>&#8220;In my time living on Hiiumaa, I&#8217;ve heard some good sayings from the islanders, and one of them is that laziness determines longevity. By knowing how to loaf, you preserve yourself&#8230;<\/em><\/p>\r\n<p><a href=\"https:\/\/hiiumaa.ee\/en\/a-mans-life-is-measured-by-his-ease\/\" target=\"_self\"> Read more <\/a><\/p>\r\n<h2>How to spend the Day of fruitful idling?<\/h2>\r\n<p><strong>On January 29, consciously slow down<\/strong><\/p>\r\n<p><strong>Choose a quiet place: a forest path, the shore, your yard, or a room by a window<\/strong><\/p>\r\n<p><strong>Set your phone aside or switch it to airplane mode<\/strong><\/p>\r\n<p><strong>Sit, stand, or walk slowly, without a destination<\/strong><\/p>\r\n<p><strong>Listen to the wind, birds, or the silence<\/strong><\/p>\r\n<p><strong>Do not set goals or time limits<\/strong><\/p>\r\n<p><iframe loading=\"lazy\" title=\"YouTube video player\" src=\"https:\/\/www.youtube.com\/embed\/4JE1Zj41pH4?si=kvq6BL6ErZ0LCEvw\" width=\"560\" height=\"315\" frameborder=\"0\" allowfullscreen=\"allowfullscreen\"><\/iframe><\/p>\r\n<h2>We inquired about the best locations for idling on the island and asked people connected to Hiiumaa what they thought of fruitful idling<\/h2>\r\n<p><img loading=\"lazy\" decoding=\"async\" title=\"TUUL7728 (1)\" src=\"https:\/\/hiiumaa.ee\/wp-content\/uploads\/2026\/01\/TUUL7728-1-1.jpg\" alt=\"TUUL7728 (1)\" width=\"1332\" height=\"1332\" \/> <strong>ANGELICA UDEK\u00dcLL<\/strong><br \/>HEAD CHEF AND<br \/>HIIUMAA AMBASSADOR In all bare-bones honesty, Hiiumaa is precisely the perfect place for idling, where time has a different dimension, and seems to slip into a slower speed as soon as you drive on to the ferry, the anchor gear is raised and the prow swings around to point toward Heltermaa. I&#8217;m sure that everyone with ties to Hiiumaa has their own happy place on the island, somewhere to enjoy peace and quiet. For me, it&#8217;s K\u00f5pu Peninsula and the shore of Mardihansu Bay, where sky and sea melt into one on the horizon and where for the most part you won&#8217;t encounter another living soul besides birds or deer. It&#8217;s where I recharge, where sometimes I find myself walking in my dreams. By the way, have you ever heard how hiidlased describe a situation where they&#8217;re racing against the clock? Ah, I won&#8217;t make it anyway&#8230; <img loading=\"lazy\" decoding=\"async\" title=\"Mait Vaik\" src=\"https:\/\/hiiumaa.ee\/wp-content\/uploads\/2026\/01\/Mait-Vaik.jpeg\" alt=\"Mait Vaik\" width=\"916\" height=\"916\" \/> <strong>MAIT VAIK<\/strong><br \/>WRITER AND MUSICIAN<\/p>\r\n<p>When you come down to it, the best place for fruitful idling on Hiiumaa is your own yard, where you don&#8217;t need to do anything. Hiiumaa folk are lazy as mud, unlike inhabitants of neighbouring Saaremaa, who are a busy bunch, forever bustling and selling &#8211; they have to try to pawn everything off on all visitors from wooden spoons to home brew, to the accompaniment of accordion music. But when a tourist goes and asks a hiidlane to sell them a potato or two, they&#8217;ll say they don&#8217;t have anything to sell, but look, the garden is over there, go and dig one up. They won&#8217;t take your money. The hiidlane just sits back contentedly and waits calmly. Knowing that not doing anything also means you won&#8217;t do any harm gives confidence that an even better place awaits after you kick off.<\/p>\r\n<p><img loading=\"lazy\" decoding=\"async\" title=\"Indrek_Ibrus\" src=\"https:\/\/hiiumaa.ee\/wp-content\/uploads\/2026\/01\/Indrek_Ibrus.jpeg\" alt=\"Indrek_Ibrus\" width=\"457\" height=\"457\" \/> <strong>INDREK IBRUS<\/strong><br \/>MEDIA RESEARCHER AND SUMMERTIME HIIUMAA RESIDENT<\/p>\r\n<p>In the big picture, all of Hiiumaa is a very suitable place for idling. But at the end of last summer, I discovered that a very good place for meditative downtime was among the dunes on Ristna Beach at sunset.<\/p>\r\n<p><img loading=\"lazy\" decoding=\"async\" title=\"RaimondKaljulaid\" src=\"https:\/\/hiiumaa.ee\/wp-content\/uploads\/2026\/01\/RaimondKaljulaid.jpg\" alt=\"RaimondKaljulaid\" width=\"593\" height=\"593\" \/> <strong>RAIMOND KALJULAID<\/strong><br \/>POLITICIAN AND SUMMERTIME HIIUMAA RESIDENT<\/p>\r\n<p>I have to admit that I&#8217;m not a big idler and I find it challenging just to be meditative and not actively engaged in activities. But if I had to give advice to a visitor to Hiiumaa, I would recommend driving here with bikes on your car. You can leave the car near the summertime shop in K\u00f5pu and continue on two wheels to the lighthouse. From there, you can wend your way to Ristna Lighthouse on a variety of roads, make a stop at the Kalana\u00c4\u00c4R restaurant and return via Kaleste and K\u00f5pu villages. I very often cycle in that area and the forests and beaches of K\u00f5pu Peninsula are unparalleled in beauty in all of Estonia.<\/p>\r\n<h2>Enjoy idling!<\/h2>\r\n","protected":false},"excerpt":{"rendered":"<p>Day of fruitful idling January 29 January 29 is the Day of fruitful idling (\u201emolutamine&#8221; in Estonian). The day is connected to the birth anniversary of naturalist Fred J\u00fcssi and&hellip;<\/p>\n","protected":false},"author":11,"featured_media":107781,"parent":0,"menu_order":0,"comment_status":"closed","ping_status":"closed","template":"","meta":{"_acf_changed":false,"_relevanssi_hide_post":"","_relevanssi_hide_content":"","_relevanssi_pin_for_all":"","_relevanssi_pin_keywords":"","_relevanssi_unpin_keywords":"","_relevanssi_related_keywords":"","_relevanssi_related_include_ids":"","_relevanssi_related_exclude_ids":"","_relevanssi_related_no_append":"","_relevanssi_related_not_related":"","_relevanssi_related_posts":"","_relevanssi_noindex_reason":"","inline_featured_image":false,"footnotes":""},"class_list":["post-107771","page","type-page","status-publish","has-post-thumbnail","hentry"],"acf":[],"_links":{"self":[{"href":"https:\/\/hiiumaa.ee\/en\/wp-json\/wp\/v2\/pages\/107771","targetHints":{"allow":["GET"]}}],"collection":[{"href":"https:\/\/hiiumaa.ee\/en\/wp-json\/wp\/v2\/pages"}],"about":[{"href":"https:\/\/hiiumaa.ee\/en\/wp-json\/wp\/v2\/types\/page"}],"author":[{"embeddable":true,"href":"https:\/\/hiiumaa.ee\/en\/wp-json\/wp\/v2\/users\/11"}],"replies":[{"embeddable":true,"href":"https:\/\/hiiumaa.ee\/en\/wp-json\/wp\/v2\/comments?post=107771"}],"version-history":[{"count":6,"href":"https:\/\/hiiumaa.ee\/en\/wp-json\/wp\/v2\/pages\/107771\/revisions"}],"predecessor-version":[{"id":107786,"href":"https:\/\/hiiumaa.ee\/en\/wp-json\/wp\/v2\/pages\/107771\/revisions\/107786"}],"wp:featuredmedia":[{"embeddable":true,"href":"https:\/\/hiiumaa.ee\/en\/wp-json\/wp\/v2\/media\/107781"}],"wp:attachment":[{"href":"https:\/\/hiiumaa.ee\/en\/wp-json\/wp\/v2\/media?parent=107771"}],"curies":[{"name":"wp","href":"https:\/\/api.w.org\/{rel}","templated":true}]}}