{"id":47337,"date":"2023-09-25T10:16:22","date_gmt":"2023-09-25T07:16:22","guid":{"rendered":"https:\/\/hiiumaa.ee\/transport-2\/"},"modified":"2025-10-17T12:41:00","modified_gmt":"2025-10-17T09:41:00","slug":"transport","status":"publish","type":"page","link":"https:\/\/hiiumaa.ee\/de\/transport\/","title":{"rendered":"Transport"},"content":{"rendered":"\n<h1>\n\t\t\t\t<\/h1>\n\t\n\n\t<h3>Wie kommt man nach Hiiumaa?<\/h3>\n<p>Die popul\u00e4rste Art, auf die Insel zu gelangen, ist, ein F\u00e4hrticket zu kaufen und im Hafen von Rohuk\u00fcla an Bord des F\u00e4hre zu gehen. Wenn Sie es eilig haben, vom Festland in die Natur zu gelangen, k\u00f6nnen Sie von Tallinn aus in nur 30 Minuten mit dem Flugzeug dorthin gelangen. Auch die H\u00e4fen von Hiiumaa hei\u00dfen Besucher mit ihren kleinen Schiffen herzlich willkommen. Au\u00dferdem er\u00f6ffnen wir im Winter bei entsprechender Witterung Europas l\u00e4ngste Eisstra\u00dfe, die Sie befahren und dabei die Eisfelder aus Ihrem Autofenster bewundern k\u00f6nnen.<\/p>\n\t\t\t\t\t<a href=\"#\"  id=\"fl-accordion--label-0\" tabindex=\"0\" aria-controls=\"fl-accordion--panel-0\">Mit der F\u00e4hre vom Festland und Saaremaa<\/a>\n\t\t\t\t\t\t\t\t\t\t\t<a href=\"#\" id=\"fl-accordion--icon-0\"  tabindex=\"0\"><i title=\"Expand\">Expand<\/i><\/a>\n\t\t\t\t\t<p>Die F\u00e4hren Tiiu und Leiger, benannt nach den Helden von Hiiu, bringen G\u00e4ste nach Hiiumaa sowie B\u00fcrger, die vom Hafen Rohuk\u00fcla nach Hause reisen. Vom Hafen Triigi auf Saaremaa f\u00e4hrt die Soela-F\u00e4hre nach Hiiumaa S\u00f5ru. Im Winter ist der Fahrplan der F\u00e4hre weniger h\u00e4ufig, im Sommer wird es voller, und bei Gro\u00dfveranstaltungen erlaubt die Verkehrsgesellschaft, die den Transfer organisiert, zus\u00e4tzliche Fahrten.<\/p>\n<a href=\"https:\/\/www.praamid.ee\/wp\/hiiumaa-liini-graafik\/\" target=\"_blank\" rel=\"noopener\">Rohuk\u00fcla-Heltermaa Fahrplan<\/a><br \/>\n<a href=\"https:\/\/www.praamid.ee\/cp\/#\/trip\/?direction=RH\" target=\"_blank\" rel=\"noopener\">Rohuk\u00fcla-Heltermaa E-Tickets<\/a><br \/>\n<a href=\"https:\/\/veeteed.com\/#\/en\/\" target=\"_blank\" rel=\"noopener\">Triigi-S\u00f5ru E-Tickets<\/a><br \/>\n<a href=\"https:\/\/hiiumaa.ee\/buss-sadamasse\/\" target=\"_blank\" rel=\"noopener\">Bus zum Hafen<\/a>\n<p><a href=\"https:\/\/hiiumaa.ee\/wp-content\/uploads\/2022\/06\/Praam-1.jpg\"><img loading=\"lazy\" decoding=\"async\" src=\"https:\/\/hiiumaa.ee\/wp-content\/uploads\/2022\/06\/Praam-1-1024x576.jpg\" sizes=\"auto, (max-width: 1024px) 100vw, 1024px\" srcset=\"https:\/\/hiiumaa.ee\/wp-content\/uploads\/2022\/06\/Praam-1-1024x576.jpg 1024w, https:\/\/hiiumaa.ee\/wp-content\/uploads\/2022\/06\/Praam-1-300x169.jpg 300w, https:\/\/hiiumaa.ee\/wp-content\/uploads\/2022\/06\/Praam-1-768x432.jpg 768w, https:\/\/hiiumaa.ee\/wp-content\/uploads\/2022\/06\/Praam-1-1536x863.jpg 1536w, https:\/\/hiiumaa.ee\/wp-content\/uploads\/2022\/06\/Praam-1.jpg 2048w\" alt=\"\" width=\"1024\" height=\"576\" \/><\/a><\/p>\n\t\t\t\t\t<a href=\"#\"  id=\"fl-accordion--label-1\" tabindex=\"0\" aria-controls=\"fl-accordion--panel-1\">Mit dem Flugzeug von Tallinn<\/a>\n\t\t\t\t\t\t\t\t\t\t\t<a href=\"#\" id=\"fl-accordion--icon-1\"  tabindex=\"0\"><i title=\"Expand\">Expand<\/i><\/a>\n\t\t\t\t\t<p>Sie k\u00f6nnen auch ein Flugzeug von Tallinn zum Flughafen in der N\u00e4he von K\u00e4rdla nehmen. Die Fl\u00fcge starten t\u00e4glich, zweimal t\u00e4glich an Wochentagen und einmal am Wochenende. Der 33-sitzige SAAB340A f\u00e4hrt in 30 Minuten von Tallinn nach K\u00e4rdla.<\/p>\n<p>Bei niedrigem Seegang oder starken Eisbedingungen ist die Flugverbindung die einzige M\u00f6glichkeit, nach Hiiumaa zu gelangen.<\/p>\n<p>Wenn Sie ein eigenes Flugzeug haben, sind Sie auf jeden Fall willkommen! Neben dem Flughafen befindet sich der Hafen von Roograhu und ein Restaurant, wo Sie sowohl k\u00f6rperliche Fitness als auch gute Anweisungen f\u00fcr weitere Aktivit\u00e4ten erhalten k\u00f6nnen.<\/p>\n<a href=\"https:\/\/flynyx.com\/\" target=\"_blank\" rel=\"noopener\">Ticketkauf und Reservierung<\/a><br \/>\n<a href=\"https:\/\/hiiumaa.ee\/lennujaama-buss\/\" target=\"_blank\" rel=\"noopener\">Flughafenbus<\/a><br \/>\n<a href=\"https:\/\/kardla.tallinn-airport.ee\/\" target=\"_blank\" rel=\"noopener\">Flughafen K\u00e4rdla<\/a><br \/>\n<a href=\"http:\/\/www.tallinn-airport.ee\/\" target=\"_blank\" rel=\"noopener\">Flughafen Tallinn<\/a>\n<p><img loading=\"lazy\" decoding=\"async\" src=\"https:\/\/hiiumaa.ee\/wp-content\/uploads\/2023\/01\/Uus-lennuk_Kardla-lennujaam_Foto-Kristel-Uksvarav-1024x768.jpg\" sizes=\"auto, (max-width: 1024px) 100vw, 1024px\" srcset=\"https:\/\/hiiumaa.ee\/wp-content\/uploads\/2023\/01\/Uus-lennuk_Kardla-lennujaam_Foto-Kristel-Uksvarav-1024x768.jpg 1024w, https:\/\/hiiumaa.ee\/wp-content\/uploads\/2023\/01\/Uus-lennuk_Kardla-lennujaam_Foto-Kristel-Uksvarav-300x225.jpg 300w, https:\/\/hiiumaa.ee\/wp-content\/uploads\/2023\/01\/Uus-lennuk_Kardla-lennujaam_Foto-Kristel-Uksvarav-768x576.jpg 768w, https:\/\/hiiumaa.ee\/wp-content\/uploads\/2023\/01\/Uus-lennuk_Kardla-lennujaam_Foto-Kristel-Uksvarav.jpg 1280w\" alt=\"\" width=\"1024\" height=\"768\" \/><\/p>\n\t\t\t\t\t<a href=\"#\"  id=\"fl-accordion--label-2\" tabindex=\"0\" aria-controls=\"fl-accordion--panel-2\">Busverbindung von und zur Insel<\/a>\n\t\t\t\t\t\t\t\t\t\t\t<a href=\"#\" id=\"fl-accordion--icon-2\"  tabindex=\"0\"><i title=\"Expand\">Expand<\/i><\/a>\n\t\t\t\t\t<strong>In Hiiumaa gibt es mindestens drei Arten von Bussen:<\/strong><br \/>\n&#8211; die, wo man sich mit Einheimischen treffen und unterhalten kann, d.h. lokale Linien<br \/>\n&#8211; die von weiter her kommen und mit F\u00e4hren, also Fernbussen, \u00fcbersetzen<br \/>\n&#8211; wo sonst keine Deutschen sind, man aber Deutscher ist und anderen von Hiiumaa, also Touristenbussen erz\u00e4hlt\n<p><strong>Long-distance buses:<\/strong><\/p>\n<ul>\n<li>GoBus (Tallinn-K\u00e4rdla, Tallinn-K\u00e4rdla-Luidja) &#8211;\u00a0<a href=\"https:\/\/kaugliinid.pilet.ee\/\" target=\"_blank\" rel=\"noopener\">Tickets hier kaufen<\/a><\/li>\n<li>LuxExpress (Tallinn-K\u00e4ina-K\u00e4rdla) &#8211;\u00a0<a href=\"https:\/\/luxexpress.eu\/en\/routes\/tallinn-kardla\/\" target=\"_blank\" rel=\"noopener\">Tickets hier kaufen<\/a><\/li>\n<\/ul>\n<a href=\"http:\/\/peatus.ee\/\" target=\"_blank\" rel=\"noopener\">Fahrpl\u00e4ne<\/a>\n<p><a href=\"https:\/\/vald.hiiumaa.ee\/elukeskkond-transport-ehitus\/transport-teed-ja-liiklus\/uhistransport-ja-uhendused\" target=\"_blank\" rel=\"noopener\">Zus\u00e4tzliche Informationen zu Buslinien (auf Estnisch)<\/a><\/p>\n<p><img loading=\"lazy\" decoding=\"async\" src=\"https:\/\/hiiumaa.ee\/wp-content\/uploads\/2022\/06\/suur-buss-kuljelt-ja-vaike-eest-1.jpg\" sizes=\"auto, (max-width: 1000px) 100vw, 1000px\" srcset=\"https:\/\/hiiumaa.ee\/wp-content\/uploads\/2022\/06\/suur-buss-kuljelt-ja-vaike-eest-1.jpg 1000w, https:\/\/hiiumaa.ee\/wp-content\/uploads\/2022\/06\/suur-buss-kuljelt-ja-vaike-eest-1-300x171.jpg 300w, https:\/\/hiiumaa.ee\/wp-content\/uploads\/2022\/06\/suur-buss-kuljelt-ja-vaike-eest-1-768x437.jpg 768w\" alt=\"\" width=\"1000\" height=\"569\" \/><\/p>\n\t\t\t\t\t<a href=\"#\"  id=\"fl-accordion--label-3\" tabindex=\"0\" aria-controls=\"fl-accordion--panel-3\">Mit kleinem Schiff zu Gasth\u00e4fen<\/a>\n\t\t\t\t\t\t\t\t\t\t\t<a href=\"#\" id=\"fl-accordion--icon-3\"  tabindex=\"0\"><i title=\"Expand\">Expand<\/i><\/a>\n<p>Am besten kommen Sie mit Ihrem eigenen Boot nach Hiiumaa. Oder mit einem Segelboot. Oder mit einem Surfbrett, wenn Sie keine Angst davor haben, nass zu werden. Bei rauer See k\u00f6nnen Sie sogar nass werden, wenn Sie mit dem Boot oder Segelboot kommen. Sie segeln Ihr Schiff, wann Sie wollen, und wenn Sie nicht wollen, segeln Sie nicht.<\/p>\n<p>Es gibt mehrere H\u00e4fen in der Umgebung von Hiiumaa, aber studieren Sie zuerst sorgf\u00e4ltig die Seekarte und rufen Sie den Hafenmeister an, um zu sehen, ob es genug Wasser f\u00fcr Ihr Schiff gibt. Es wird jedoch ein Platz gefunden und auf See gelassen.<\/p>\n<a href=\"https:\/\/hiiumaasadamad.ee\/\" target=\"_blank\" rel=\"noopener\">K\u00e4rdla, S\u00f5ru, Orjaku, Kalana<\/a><br \/>\n<a href=\"http:\/\/www.roograhu.ee\/\" target=\"_blank\" rel=\"noopener\">Roograhu<\/a>\n\t\t\t\t\t<a href=\"#\"  id=\"fl-accordion--label-4\" tabindex=\"0\" aria-controls=\"fl-accordion--panel-4\">Hiiumaa-Taxi<\/a>\n\t\t\t\t\t\t\t\t\t\t\t<a href=\"#\" id=\"fl-accordion--icon-4\"  tabindex=\"0\"><i title=\"Expand\">Expand<\/i><\/a>\n<p>Es gibt mehrere Autos mit Chauffeur in Hiiumaa, aber wenn eine gro\u00dfe Party stattfindet, sind sie sehr besch\u00e4ftigt, verlassen Sie sich also nicht auf einen Anruf in letzter Minute. Oder Sie suchen sich auch einen eindeutigen Gruppenleiter, denn die Polizei ist in Hiiumaa flei\u00dfig.<\/p>\nTaxi:<br \/>\nFIE Jaanus Jesmin: +372 5112225<br \/>\nFIE Meelis Telvik: +372 5176136\n\t\t\t\t\t<a href=\"#\"  id=\"fl-accordion--label-5\" tabindex=\"0\" aria-controls=\"fl-accordion--panel-5\">Hiiumaa mit dem Wohnmobil<\/a>\n\t\t\t\t\t\t\t\t\t\t\t<a href=\"#\" id=\"fl-accordion--icon-5\"  tabindex=\"0\"><i title=\"Expand\">Expand<\/i><\/a>\n<p>Mit dem Wohnmobil nach Hiiumaa zu kommen ist einfach und bequem, da wir mehrere Erholungsgebiete f\u00fcr Wohnmobile haben: K\u00e4rdla Hafen, S\u00f5ru Hafen und Orjaku Hafen. Es wurde geh\u00f6rt, dass Wohnmobile bald vor Ort gemietet werden k\u00f6nnen, aber im Moment w\u00e4re es sicherer, die R\u00e4der und das Dach Ihres eigenen zu \u00fcberpr\u00fcfen, bevor Sie auf die Insel kommen.<\/p>\n\t\t\t\t\t<a href=\"#\"  id=\"fl-accordion--label-6\" tabindex=\"0\" aria-controls=\"fl-accordion--panel-6\">Miete: Auto, Fahrrad, Buggy<\/a>\n\t\t\t\t\t\t\t\t\t\t\t<a href=\"#\" id=\"fl-accordion--icon-6\"  tabindex=\"0\"><i title=\"Expand\">Expand<\/i><\/a>\n<p>\u00dcberall dort, wo G\u00e4ste und Kunden sind, findet man noch eine Vielzahl an Fahr- und sonstigem Equipment, das gemietet werden kann &#8211; falls man kein eigenes hat oder es auf dem Festland einfach vergessen hat.<\/p>\n<p><a href=\"https:\/\/hiiumaa.ee\/de\/dienstleistungen\/\">Dienstleistungen<\/a><\/p>\n\t\t\t\t\t<a href=\"#\"  id=\"fl-accordion--label-7\" tabindex=\"0\" aria-controls=\"fl-accordion--panel-7\">Tankstellen und Ladestationen f\u00fcr Elektroautos<\/a>\n\t\t\t\t\t\t\t\t\t\t\t<a href=\"#\" id=\"fl-accordion--icon-7\"  tabindex=\"0\"><i title=\"Expand\">Expand<\/i><\/a>\n\t\t\t\t\t<p><strong>Tankstellen<\/strong><\/p>\n<ul>\n<li data-tooltip=\"Olerex K\u00e4rdla\" aria-label=\"Olerex K\u00e4rdla\">Olerex K\u00e4rdla<\/li>\n<li data-tooltip=\"Olerex K\u00e4rdla\" aria-label=\"Olerex K\u00e4rdla\">Olerex K\u00e4ina<\/li>\n<li data-tooltip=\"Olerex K\u00e4rdla\" aria-label=\"Olerex K\u00e4rdla\">Alexela Emmaste tankla<\/li>\n<li data-tooltip=\"Olerex K\u00e4rdla\" aria-label=\"Olerex K\u00e4rdla\">Jetoil K\u00e4ina<\/li>\n<li data-tooltip=\"Olerex K\u00e4rdla\" aria-label=\"Olerex K\u00e4rdla\">Jetoil K\u00e4rdla<\/li>\n<li data-tooltip=\"Olerex K\u00e4rdla\" aria-label=\"Olerex K\u00e4rdla\">Jetoil K\u00f5rgessaare<\/li>\n<li data-tooltip=\"Olerex K\u00e4rdla\" aria-label=\"Olerex K\u00e4rdla\">Neste Oil<\/li>\n<\/ul>\n<p><strong>Ladestationen f\u00fcr Elektroautos<\/strong><\/p>\n<ul>\n<li data-tooltip=\"Enefit VOLT 39060 Charging Station\" aria-label=\"Enefit VOLT 39060 Charging Station\">K\u00e4rdla Enefit VOLT 39060 Charging Station<\/li>\n<li data-tooltip=\"Enefit VOLT 39060 Charging Station\" aria-label=\"Enefit VOLT 39060 Charging Station\">K\u00e4ina Enefit VOLT 39057 Charging Station<\/li>\n<li data-tooltip=\"Enefit VOLT 39060 Charging Station\" aria-label=\"Enefit VOLT 39060 Charging Station\">Emmaste Enefit VOLT 39056 Charging Station<\/li>\n<li data-tooltip=\"Enefit VOLT 39060 Charging Station\" aria-label=\"Enefit VOLT 39060 Charging Station\">Heltermaa Enefit VOLT 39059 Charging Station<\/li>\n<\/ul>\n<p><a href=\"https:\/\/www.google.com\/maps\/d\/u\/0\/viewer?mid=1MdcX88rcbJVPsGWkFGpwmdhww1xDgW3_&amp;femb=1&amp;ll=58.99445350000001%2C22.72250979999999&amp;z=11\" target=\"_blank\" rel=\"noopener\">Karte<\/a><\/p>\n\n","protected":false},"excerpt":{"rendered":"<p>Wie kommt man nach Hiiumaa? Die popul\u00e4rste Art, auf die Insel zu gelangen, ist, ein F\u00e4hrticket zu kaufen und im Hafen von Rohuk\u00fcla an Bord des F\u00e4hre zu gehen. Wenn&hellip;<\/p>\n","protected":false},"author":11,"featured_media":27233,"parent":0,"menu_order":0,"comment_status":"closed","ping_status":"closed","template":"","meta":{"_acf_changed":false,"_relevanssi_hide_post":"","_relevanssi_hide_content":"","_relevanssi_pin_for_all":"","_relevanssi_pin_keywords":"","_relevanssi_unpin_keywords":"","_relevanssi_related_keywords":"","_relevanssi_related_include_ids":"","_relevanssi_related_exclude_ids":"","_relevanssi_related_no_append":"","_relevanssi_related_not_related":"","_relevanssi_related_posts":"","_relevanssi_noindex_reason":"","inline_featured_image":false,"footnotes":""},"class_list":["post-47337","page","type-page","status-publish","has-post-thumbnail","hentry"],"acf":[],"_links":{"self":[{"href":"https:\/\/hiiumaa.ee\/de\/wp-json\/wp\/v2\/pages\/47337","targetHints":{"allow":["GET"]}}],"collection":[{"href":"https:\/\/hiiumaa.ee\/de\/wp-json\/wp\/v2\/pages"}],"about":[{"href":"https:\/\/hiiumaa.ee\/de\/wp-json\/wp\/v2\/types\/page"}],"author":[{"embeddable":true,"href":"https:\/\/hiiumaa.ee\/de\/wp-json\/wp\/v2\/users\/11"}],"replies":[{"embeddable":true,"href":"https:\/\/hiiumaa.ee\/de\/wp-json\/wp\/v2\/comments?post=47337"}],"version-history":[{"count":12,"href":"https:\/\/hiiumaa.ee\/de\/wp-json\/wp\/v2\/pages\/47337\/revisions"}],"predecessor-version":[{"id":103064,"href":"https:\/\/hiiumaa.ee\/de\/wp-json\/wp\/v2\/pages\/47337\/revisions\/103064"}],"wp:featuredmedia":[{"embeddable":true,"href":"https:\/\/hiiumaa.ee\/de\/wp-json\/wp\/v2\/media\/27233"}],"wp:attachment":[{"href":"https:\/\/hiiumaa.ee\/de\/wp-json\/wp\/v2\/media?parent=47337"}],"curies":[{"name":"wp","href":"https:\/\/api.w.org\/{rel}","templated":true}]}}