{"id":47289,"date":"2023-09-25T09:27:16","date_gmt":"2023-09-25T06:27:16","guid":{"rendered":"https:\/\/hiiumaa.ee\/praktiline-info\/"},"modified":"2025-07-28T13:10:17","modified_gmt":"2025-07-28T10:10:17","slug":"nuetzliche-informationen","status":"publish","type":"page","link":"https:\/\/hiiumaa.ee\/de\/nuetzliche-informationen\/","title":{"rendered":"N\u00fctzliche Informationen"},"content":{"rendered":"\n<h1>\n\t\t\t\t<\/h1>\n\t\n\n\t\t\t\t\t<a href=\"#\"  id=\"fl-accordion--label-0\" tabindex=\"0\" aria-controls=\"fl-accordion--panel-0\">\u00c4rztliche Versorgung und Apotheken<\/a>\n\t\t\t\t\t\t\t\t\t\t\t<a href=\"#\" id=\"fl-accordion--icon-0\"  tabindex=\"0\"><i title=\"Expand\">Expand<\/i><\/a>\n<p>Um medizinische Hilfe zu erhalten, wenden Sie sich an die Notfallabteilung des Krankenhauses (Rahu tn. 2 K\u00e4rdla). Informationen \u00fcber das Krankenhaus und die Haus\u00e4rzte finden Sie auf der Website der Gemeinde Hiiumaa.<\/p>\n<p>Informationen zu Zahn\u00e4rzten, die auf der Insel t\u00e4tig sind, finden Sie auch auf der Website der Gemeinde. Wenn Sie eine zahn\u00e4rztliche Notfallbehandlung ben\u00f6tigen, k\u00f6nnen Sie sich an die Notfallabteilung des Krankenhauses Hiiumaa wenden.<\/p>\n<p>Apotheken auf Hiiumaa:<\/p>\n<p>K\u00e4rdla Apteek Apotheka (<a href=\"https:\/\/maps.app.goo.gl\/JpDRfv914kRfJPjZ8\" target=\"_blank\" rel=\"noopener\">Uus 3, K\u00e4rdla<\/a>; +372 463 2166)<\/p>\n<p>Linnum\u00e4e Apteek Benu (<a href=\"https:\/\/maps.app.goo.gl\/1wJG1CqbaCPk1kP5A\" target=\"_blank\" rel=\"noopener\">K\u00e4rdla Selver, Rehem\u00e4e, Linnum\u00e4e<\/a>; +372 462 2940)<\/p>\n<p>K\u00e4ina Apteek Apotheka\u00a0(<a href=\"https:\/\/maps.app.goo.gl\/U8ZEc5HtbG4i634t5\" target=\"_blank\" rel=\"noopener\">Spordi 9, K\u00e4ina<\/a>; +372 463 6154)<\/p>\n<p>&nbsp;<\/p>\n<p>Krankenhaus von Hiiumaa in K\u00e4rdla +372 462 2795<\/p>\n<p>Rahu 2, K\u00e4rdla 92414, Hiiumaa (24h)<\/p>\n<p>&nbsp;<\/p>\n<p>Notfall 112<\/p>\n<p>&nbsp;<\/p>\n<p>Tierklinik Hiiumaa +372 5670 6709<\/p>\n<p>Tierarzt Ly Kokla +372 522 8920<\/p>\n\t\t\t\t\t<a href=\"#\"  id=\"fl-accordion--label-1\" tabindex=\"0\" aria-controls=\"fl-accordion--panel-1\">M\u00fcll<\/a>\n\t\t\t\t\t\t\t\t\t\t\t<a href=\"#\" id=\"fl-accordion--icon-1\"  tabindex=\"0\"><i title=\"Expand\">Expand<\/i><\/a>\n\t\t\t\t\t<p>Auf Hiiumaa wurden sowohl f\u00fcr st\u00e4ndige Bewohner als auch f\u00fcr Besucher der Insel gute M\u00f6glichkeiten f\u00fcr die Abfallsammlung geschaffen.<\/p>\n<p>In jeder Region von Hiiumaa gibt es eine Abfallsammelstelle, zu der Sie Folgendes bringen k\u00f6nnen:<\/p>\n<p>Verpackungen &#8211; saubere Kunststoff-, Metall- und Papierverpackungen, auch Karton- und Papierverpackungen und Glasverpackungen, Altpapier in getrennten Beh\u00e4ltern,<\/p>\n<p>unbrauchbare Textilien, Hausm\u00fcll, der bei der Sortierung \u00fcbrig bleibt und nicht anderweitig entsorgt werden kann.(Vorher bitte den n\u00f6tigen M\u00fcllbeutel erwerben)<\/p>\n<p>Besucher k\u00f6nnen Abf\u00e4lle auch in ihrer Unterkunft, in RMK-Erholungsgebieten und bei den f\u00fcr Touristen interessanten Orten entsorgen.<\/p>\n<p>Lesen Sie mehr \u00fcber die Abfallwirtschaft von Hiiumaa auf der Website der Gemeinde.<\/p>\n\t\t\t\t\t<a href=\"#\"  id=\"fl-accordion--label-2\" tabindex=\"0\" aria-controls=\"fl-accordion--panel-2\">Gef\u00fchr<\/a>\n\t\t\t\t\t\t\t\t\t\t\t<a href=\"#\" id=\"fl-accordion--icon-2\"  tabindex=\"0\"><i title=\"Expand\">Expand<\/i><\/a>\n<p><strong>Ene Tisler:<\/strong>\u00a05272005, enetisler@gmail.com, EST, ENG<\/p>\n<p><strong>Helgi P\u00f5llo:<\/strong>\u00a05284401, helgipollo@gmail.com, EST, FIN, ENG, RUS<\/p>\n<p><strong>Inna Lepik:<\/strong>\u00a056475772, innalepik@gmail.com, EST<\/p>\n<p><strong>Kristi Ugam:<\/strong>\u00a056654859, kristi.ugam@gmail.com, EST, ENG, NLD<\/p>\n<p><strong>Lea Tamj\u00e4rv:<\/strong>\u00a05176290, tamjarvlea@gmail.com, EST<\/p>\n<p><strong>Lea Vaher Lundin:<\/strong>\u00a05646 2929, lea.vaher.lundin@gmail.com, EST, SWE<\/p>\n<p><strong>Lili K\u00e4\u00e4r:<\/strong>\u00a053401207, lili.k22r@gmail.com, EST, ENG, RUS<\/p>\n<p><strong>Madis Roosimaa:<\/strong>\u00a056220036, madis036@hot.ee, EST<\/p>\n<p><strong>Mari Orgusaar:<\/strong>\u00a056825998, morgusaar@gmail.com, EST, SWE, ENG<\/p>\n<p><strong>Marju Lippur:<\/strong>\u00a056668384, marjulippur@gmail.com, EST<\/p>\n<p><strong>Mati Lepna:<\/strong>\u00a05295562, mattiashiiumaal@gmail.com, EST, FIN<\/p>\n<p><strong>Sirje Heinma:<\/strong> 56605743, sirjeh@hiig.edu.ee, EST, RUS<\/p>\n<p><strong>Tiiu Heldema:<\/strong>\u00a05265632, tiiuheldema@gmail.com, EST, FIN<\/p>\n<p><strong>Tiiu Metsar:<\/strong>\u00a05033675, tiiu.metsar@mail.ee, EST<\/p>\n<p><strong>Urmas Selirand:<\/strong>\u00a05083648, urmas.esimene@mail.ee, EST, FIN, ENG, RUS<\/p>\n<p><strong>Urve Vaher:<\/strong>\u00a051905846, urvemaxi@gmail.com, EST<\/p>\n<p><strong>Viktor R\u00f5bt\u0161enko:<\/strong>\u00a056474141, viktorrobt@hot.ee, EST, RUS<\/p>\n\t\t\t\t\t<a href=\"#\"  id=\"fl-accordion--label-3\" tabindex=\"0\" aria-controls=\"fl-accordion--panel-3\">Banken und Geldautomaten<\/a>\n\t\t\t\t\t\t\t\t\t\t\t<a href=\"#\" id=\"fl-accordion--icon-3\"  tabindex=\"0\"><i title=\"Expand\">Expand<\/i><\/a>\n<p>Auf Hiiumaa gibt es nur eine Bankfiliale in K\u00e4rdla &#8211; Swedbank &#8211; und sie befindet sich auf dem zentralen Platz von K\u00e4rdla. Geldautomaten befinden sich in K\u00e4rdla auf dem Hauptplatz und im Selver-Supermarkt. Auch in K\u00e4ina, K\u00f5rgessaari, Emmaste finden Sie Automaten.<\/p>\n<p>Um das Swedbank-B\u00fcro zu besuchen, m\u00fcssen Sie im Voraus einen Termin vereinbaren.<\/p>\n\t\t\t\t\t<a href=\"#\"  id=\"fl-accordion--label-4\" tabindex=\"0\" aria-controls=\"fl-accordion--panel-4\">Polizei<\/a>\n\t\t\t\t\t\t\t\t\t\t\t<a href=\"#\" id=\"fl-accordion--icon-4\"  tabindex=\"0\"><i title=\"Expand\">Expand<\/i><\/a>\n<p>Polizei Hiiumaa in K\u00e4rdla +372 440 1410<\/p>\n<p>Sadama 26, K\u00e4rdla 92411<\/p>\n<p>Mo-Fr 9:00-17:00<\/p>\n<p>Krankenwagen, Rettung, Polizei 112<\/p>\n\t\t\t\t\t<a href=\"#\"  id=\"fl-accordion--label-5\" tabindex=\"0\" aria-controls=\"fl-accordion--panel-5\">Hiiumaa mit dem Wohnmobil<\/a>\n\t\t\t\t\t\t\t\t\t\t\t<a href=\"#\" id=\"fl-accordion--icon-5\"  tabindex=\"0\"><i title=\"Expand\">Expand<\/i><\/a>\n<p>Auf dem Territorium des Hafens von K\u00e4rdla gibt es an der wundersch\u00f6nen K\u00fcste ein Erholungsgebiet f\u00fcr Wohnmobile mit moderner Ausstattung, das auch f\u00fcr die anspruchsvollsten Reisenden geeignet ist. Der Besucher kann das nette Hafenleben genie\u00dfen, Restaurants besuchen oder im Erholungsgebiet entspannen und grillen. Im Hafengeb\u00e4ude gibt es Waschgelegenheiten und auf Wunsch kann eine private Sauna gebucht werden. Der Wohnmobilstellplatz befindet sich auch am Hafen von Orjaku und S\u00f5ru.<\/p>\n<p>Neben den H\u00e4fen bieten die Ferienh\u00e4user P\u00f5hja Tooma, der Ferienhof Randm\u00e4e und der Ratturi-Hof auch einen Stellplatz f\u00fcr Wohnmobile mit Rastplatz.<\/p>\n\t\t\t\t\t<a href=\"#\"  id=\"fl-accordion--label-6\" tabindex=\"0\" aria-controls=\"fl-accordion--panel-6\">Touristische Informationsstellen<\/a>\n\t\t\t\t\t\t\t\t\t\t\t<a href=\"#\" id=\"fl-accordion--icon-6\"  tabindex=\"0\"><i title=\"Expand\">Expand<\/i><\/a>\n<p>Die wichtigste Touristeninformation von Hiiumaa befindet sich auf dem zentralen Platz von K\u00e4rdla.<\/p>\n<p>26.Mai &#8211; 31. August Di &#8211; Sa: 10:00-16:30<\/p>\n<p>Dar\u00fcber hinaus erhalten Sie Touristeninformationen beim Elamuskeskus Tuuletorn und in den H\u00e4fen von Orjaku und K\u00e4rdla. An Wochentagen k\u00f6nnen Sie auch die Nummer der Touristeninformation anrufen: +372 5045393 von 10:00 bis 16:30 Uhr<\/p>\n<p>In der Tat\u00a0 k\u00f6nnen Sie nat\u00fcrlich auch mit den Einheimischen auf der Stra\u00dfe sprechen und um Hilfe bitten. Sie werden Sie nicht im Stich lassen.<\/p>\n\t\t\t\t\t<a href=\"#\"  id=\"fl-accordion--label-7\" tabindex=\"0\" aria-controls=\"fl-accordion--panel-7\">Wichtige Telefonnummern<\/a>\n\t\t\t\t\t\t\t\t\t\t\t<a href=\"#\" id=\"fl-accordion--icon-7\"  tabindex=\"0\"><i title=\"Expand\">Expand<\/i><\/a>\n<p>Krankenwagen, Rettung, Polizei 112<\/p>\n<p>Staatliche Auskunft unter der Telefonnummer 1247<\/p>\n<p>Mit der F\u00e4hre vom Festland 1310 oder +3726181310<\/p>\n<p>Mit der F\u00e4hre von Saaremaa +372 527 2974 oder +372 53441294<\/p>\n<p>Mit dem Flugzeug von Tallinn +372 5885 6336 (rund um die Uhr)<\/p>\n<p>Flughafen K\u00e4rdla +372 463 1381<\/p>\n<p>Hafen K\u00e4rdla +372 5666 2514<\/p>\n<p>Grenzschutz +372 440 1400<\/p>\n<p>Bundesweites Hausarzttelefon 1220<\/p>\n<p>Autohilfe 1888<\/p>\n<p>Abschleppdienst +372 5665 0886<\/p>\n<p>Informationstelefon der Umweltinspektion 1313<\/p>\n<p>Haapsalu-Taxi 1313<\/p>\n<p>Kuressaare-Taxi 1300<\/p>\n\t\t\t\t\t<a href=\"#\"  id=\"fl-accordion--label-8\" tabindex=\"0\" aria-controls=\"fl-accordion--panel-8\">10 Empfehlungen f\u00fcr Besucher der Insel<\/a>\n\t\t\t\t\t\t\t\t\t\t\t<a href=\"#\" id=\"fl-accordion--icon-8\"  tabindex=\"0\"><i title=\"Expand\">Expand<\/i><\/a>\n\t\t\t\t\t<p>1. Rette die Natur!<\/p>\n<p>2. Keinen M\u00fcll zur\u00fccklassen &#8211; M\u00fcll an die daf\u00fcr vorgesehene Stelle werfen (bei Aufenthalt in Beherbergungsbetrieben in den M\u00fclleimer des Beherbergungsbetriebes, in den daf\u00fcr vorgesehenen M\u00fclleimer auf dem Camping- und Caravanplatz). Getrennter M\u00fcll kann auch in \u00f6ffentlichen Verpackungscontainern abgegeben werden.<\/p>\n<p>3. Zelten und Wandern in ausgewiesenen Gebieten (RMK-Wander- und Campinggebiete).<\/p>\n<p>4. Machen Sie ein Feuer an der daf\u00fcr vorgesehenen Stelle (RMK-Feuerstelle oder Campingplatz).<\/p>\n<p>5. Ber\u00fccksichtigen Sie andere Verkehrsteilnehmer auf der Insel.<\/p>\n<p>6. F\u00fchlen Sie sich frei, mit den Einheimischen zu kommunizieren, um die aufregendsten Orte auf der Insel zu finden!<\/p>\n<p>7. Hinterlassen Sie Feedback zu den von Ihnen besuchten Orten, wenn Sie feststellen, dass etwas gut ist oder besser sein k\u00f6nnte.<\/p>\n<p>8. Halten Sie sch\u00f6ne Momente von Hiiumaa fest, teilen Sie sie mit uns #VisitHiiumaa.<\/p>\n<p>9. Genie\u00dfen Sie lokale Speisen und Zutaten!<\/p>\n<p>10. Genie\u00dfe Hiiumaa!<\/p>\n\t\t\t\t\t<a href=\"#\"  id=\"fl-accordion--label-9\" tabindex=\"0\" aria-controls=\"fl-accordion--panel-9\">Einkaufen<\/a>\n\t\t\t\t\t\t\t\t\t\t\t<a href=\"#\" id=\"fl-accordion--icon-9\"  tabindex=\"0\"><i title=\"Expand\">Expand<\/i><\/a>\n\t\t\t\t\t<p>Hiiumaa hat keine gro\u00dfen Einkaufszentren, aber einige nette kleinere Gesch\u00e4fte, Ein Kaufhaus gibt es auch, und alles, was Sie brauchen, ist auf der Insel erh\u00e4ltlich. Ganz Hiiumaa wird vom Ladennetz Hiiumaa Tarbijate \u00dchistu Coop abgedeckt, in dem auch lokal hergestellte Produkte vertreten sind. Selver liegt an der Grenze zu K\u00e4rdla, und Selvers Einkaufsbus(Ein kleiner kompakter Supermarkt auf R\u00e4dern) f\u00e4hrt auch sechs Tage die Woche durch Hiiumaa. Hier k\u00f6nnen Sie den Bus in Echtzeit verfolgen. Die Telefonnummer f\u00fcr den Bus von Hiiumaa lautet +372 56 296 300. Wenn Sie von K\u00e4rdla nach K\u00f5pu fahren, ist es gut zu wissen, dass die letzte M\u00f6glichkeit, ein Lebensmittelgesch\u00e4ft zu besuchen, in K\u00f5rgessaare liegt.<\/p>\n<h3><img loading=\"lazy\" decoding=\"async\" src=\"https:\/\/hiiumaa.ee\/wp-content\/uploads\/2022\/07\/Poed-Hiiumaal-1.png\" sizes=\"auto, (max-width: 1080px) 100vw, 1080px\" srcset=\"https:\/\/hiiumaa.ee\/wp-content\/uploads\/2022\/07\/Poed-Hiiumaal-1.png 1080w, https:\/\/hiiumaa.ee\/wp-content\/uploads\/2022\/07\/Poed-Hiiumaal-1-300x222.png 300w, https:\/\/hiiumaa.ee\/wp-content\/uploads\/2022\/07\/Poed-Hiiumaal-1-1024x759.png 1024w, https:\/\/hiiumaa.ee\/wp-content\/uploads\/2022\/07\/Poed-Hiiumaal-1-768x569.png 768w\" alt=\"\" width=\"1080\" height=\"800\" \/><\/h3>\n\n","protected":false},"excerpt":{"rendered":"<p>\u00c4rztliche Versorgung und Apotheken Expand Um medizinische Hilfe zu erhalten, wenden Sie sich an die Notfallabteilung des Krankenhauses (Rahu tn. 2 K\u00e4rdla). Informationen \u00fcber das Krankenhaus und die Haus\u00e4rzte finden&hellip;<\/p>\n","protected":false},"author":11,"featured_media":22938,"parent":0,"menu_order":0,"comment_status":"closed","ping_status":"closed","template":"","meta":{"_acf_changed":false,"_relevanssi_hide_post":"","_relevanssi_hide_content":"","_relevanssi_pin_for_all":"","_relevanssi_pin_keywords":"","_relevanssi_unpin_keywords":"","_relevanssi_related_keywords":"","_relevanssi_related_include_ids":"","_relevanssi_related_exclude_ids":"","_relevanssi_related_no_append":"","_relevanssi_related_not_related":"","_relevanssi_related_posts":"","_relevanssi_noindex_reason":"","inline_featured_image":false,"footnotes":""},"class_list":["post-47289","page","type-page","status-publish","has-post-thumbnail","hentry"],"acf":[],"_links":{"self":[{"href":"https:\/\/hiiumaa.ee\/de\/wp-json\/wp\/v2\/pages\/47289","targetHints":{"allow":["GET"]}}],"collection":[{"href":"https:\/\/hiiumaa.ee\/de\/wp-json\/wp\/v2\/pages"}],"about":[{"href":"https:\/\/hiiumaa.ee\/de\/wp-json\/wp\/v2\/types\/page"}],"author":[{"embeddable":true,"href":"https:\/\/hiiumaa.ee\/de\/wp-json\/wp\/v2\/users\/11"}],"replies":[{"embeddable":true,"href":"https:\/\/hiiumaa.ee\/de\/wp-json\/wp\/v2\/comments?post=47289"}],"version-history":[{"count":9,"href":"https:\/\/hiiumaa.ee\/de\/wp-json\/wp\/v2\/pages\/47289\/revisions"}],"predecessor-version":[{"id":98044,"href":"https:\/\/hiiumaa.ee\/de\/wp-json\/wp\/v2\/pages\/47289\/revisions\/98044"}],"wp:featuredmedia":[{"embeddable":true,"href":"https:\/\/hiiumaa.ee\/de\/wp-json\/wp\/v2\/media\/22938"}],"wp:attachment":[{"href":"https:\/\/hiiumaa.ee\/de\/wp-json\/wp\/v2\/media?parent=47289"}],"curies":[{"name":"wp","href":"https:\/\/api.w.org\/{rel}","templated":true}]}}