{"id":32187,"date":"2022-05-16T12:58:33","date_gmt":"2022-05-16T09:58:33","guid":{"rendered":"https:\/\/hiiumaa.ee\/teenused\/"},"modified":"2023-05-09T13:37:21","modified_gmt":"2023-05-09T10:37:21","slug":"dienstleistungen","status":"publish","type":"page","link":"https:\/\/hiiumaa.ee\/de\/dienstleistungen\/","title":{"rendered":"Lokale Dienstleistungen"},"content":{"rendered":"\r\n<h1><\/h1>\r\n<p> <\/p>\r\n\r\n<p>Beliebt dienstleistungen:<\/p>\r\n<p>Art der Dienstleistung w\u00e4hlen<\/p>\r\n<h4>Teenused<\/h4>\r\n<fieldset><legend>Teenused<\/legend> <label>Teenused<select name=\"teenused\">\r\n<option value=\"\">Alles<\/option>\r\n<option value=\"abendfuhrer\">Abendf\u00fchrer\u00a0(1)<\/option>\r\n<option value=\"abfall-und-schadstoffmanagement\">Abfall- und Schadstoffmanagement\u00a0(3)<\/option>\r\n<option value=\"abfallwirtschaft\">Abfallwirtschaft\u00a0(3)<\/option>\r\n<option value=\"audiotechnik\">Audiotechnik\u00a0(3)<\/option>\r\n<option value=\"autovermietung\">Autovermietung\u00a0(1)<\/option>\r\n<option value=\"autowaren\">Autowaren\u00a0(1)<\/option>\r\n<option value=\"autowasche\">Autow\u00e4sche\u00a0(2)<\/option>\r\n<option value=\"autowerkstatt\">Autowerkstatt\u00a0(8)<\/option>\r\n<option value=\"autowerkstatt-de\">Autowerkstatt\u00a0(6)<\/option>\r\n<option value=\"bau-und-gartenwaren\">Bau- und Gartenwaren\u00a0(2)<\/option>\r\n<option value=\"bau-und-reparaturarbeiten\">Bau- und Reparaturarbeiten\u00a0(13)<\/option>\r\n<option value=\"bau-reparatur-gartenarbeit\">Bau, Reparatur, Gartenarbeit\u00a0(16)<\/option>\r\n<option value=\"fahrradverleih\">Fahrradverleih\u00a0(2)<\/option>\r\n<option value=\"fertigungsindustrie\">Fertigungsindustrie\u00a0(3)<\/option>\r\n<option value=\"fotografen-videografen\">Fotografen, Videografen\u00a0(4)<\/option>\r\n<option value=\"gartenarbeit\">Gartenarbeit\u00a0(3)<\/option>\r\n<option value=\"gastronomie\">Gastronomie\u00a0(2)<\/option>\r\n<option value=\"handel\">Handel\u00a0(18)<\/option>\r\n<option value=\"hobbys-und-sport\">Hobbys und Sport\u00a0(2)<\/option>\r\n<option value=\"kraftfahrzeuge\">Kraftfahrzeuge\u00a0(1)<\/option>\r\n<option value=\"kultur-und-unterhaltung\">Kultur und Unterhaltung\u00a0(2)<\/option>\r\n<option value=\"land-forst-und-fischereiwirtschaft\">Land-, Forst- und Fischereiwirtschaft\u00a0(2)<\/option>\r\n<option value=\"partyraume\">Partyr\u00e4ume\u00a0(1)<\/option>\r\n<option value=\"reifenwechsel\">Reifenwechsel\u00a0(2)<\/option>\r\n<option value=\"reinigungsservice\">Reinigungsservice\u00a0(7)<\/option>\r\n<option value=\"reinigungsservice-de\">Reinigungsservice\u00a0(9)<\/option>\r\n<option value=\"reparatur\">Reparatur\u00a0(1)<\/option>\r\n<option value=\"schlepper\">Schlepper\u00a0(2)<\/option>\r\n<option value=\"schonheitsservice\">Sch\u00f6nheitsservice\u00a0(8)<\/option>\r\n<option value=\"schornsteinfeger\">Schornsteinfeger\u00a0(2)<\/option>\r\n<option value=\"seminarraume\">Seminarr\u00e4ume\u00a0(9)<\/option>\r\n<option value=\"tiermedizin\">Tiermedizin\u00a0(1)<\/option>\r\n<option value=\"transport-und-vermietung\">Transport und Vermietung\u00a0(7)<\/option>\r\n<option value=\"veranstaltungsmanagement\">Veranstaltungsmanagement\u00a0(20)<\/option>\r\n<option value=\"verkaufen\">Verkaufen\u00a0(14)<\/option>\r\n<option value=\"werbe-und-druckservice\">Werbe- und Druckservice\u00a0(2)<\/option>\r\n<\/select><\/label><\/fieldset>\r\n<p>Dienstleistungen suchen<\/p>\r\n<h4>Otsing<\/h4>\r\n<fieldset><legend>Otsing<\/legend> <label> Otsing <input autocomplete=\"off\" name=\"otsing\" type=\"search\" value=\"\" placeholder=\"Nach Ort, Namen oder Stichwort suchen\u00a0\u2026\" \/> <\/label><button hidden=\"\" type=\"button\">Clear<\/button><\/fieldset>\r\n<h4>L\u00f6schen Sie die Filter<\/h4>\r\n<p><button name=\"tuhista_filtrid\" type=\"button\">L\u00f6schen Sie die Filter<\/button><\/p>\r\n<p>Die Redaktion von Hiiumaa.ee haftet nicht f\u00fcr die Richtigkeit der Angaben der Unternehmen im Leistungsverzeichnis. F\u00fcr die Richtigkeit der Daten ist das Unternehmen bzw. der Verein verantwortlich. Bitte senden Sie Ihre Kommentare zu \u00c4nderungen und\/oder ungenauen Daten an die Adresse hiiumaa@hiiumaa.ee.<\/p>\r\n","protected":false},"excerpt":{"rendered":"<p>Beliebt dienstleistungen: Art der Dienstleistung w\u00e4hlen Teenused Teenused TeenusedAllesAbendf\u00fchrer\u00a0(1)Abfall- und Schadstoffmanagement\u00a0(3)Abfallwirtschaft\u00a0(3)Audiotechnik\u00a0(3)Autovermietung\u00a0(1)Autowaren\u00a0(1)Autow\u00e4sche\u00a0(2)Autowerkstatt\u00a0(8)Autowerkstatt\u00a0(6)Bau- und Gartenwaren\u00a0(2)Bau- und Reparaturarbeiten\u00a0(13)Bau, Reparatur, Gartenarbeit\u00a0(16)Fahrradverleih\u00a0(2)Fertigungsindustrie\u00a0(3)Fotografen, Videografen\u00a0(4)Gartenarbeit\u00a0(3)Gastronomie\u00a0(2)Handel\u00a0(18)Hobbys und Sport\u00a0(2)Kraftfahrzeuge\u00a0(1)Kultur und Unterhaltung\u00a0(2)Land-, Forst- und Fischereiwirtschaft\u00a0(2)Partyr\u00e4ume\u00a0(1)Reifenwechsel\u00a0(2)Reinigungsservice\u00a0(7)Reinigungsservice\u00a0(9)Reparatur\u00a0(1)Schlepper\u00a0(2)Sch\u00f6nheitsservice\u00a0(8)Schornsteinfeger\u00a0(2)Seminarr\u00e4ume\u00a0(9)Tiermedizin\u00a0(1)Transport und Vermietung\u00a0(7)Veranstaltungsmanagement\u00a0(20)Verkaufen\u00a0(14)Werbe- und Druckservice\u00a0(2) Dienstleistungen&hellip;<\/p>\n","protected":false},"author":2,"featured_media":26434,"parent":0,"menu_order":0,"comment_status":"closed","ping_status":"closed","template":"","meta":{"_acf_changed":false,"_relevanssi_hide_post":"","_relevanssi_hide_content":"","_relevanssi_pin_for_all":"","_relevanssi_pin_keywords":"","_relevanssi_unpin_keywords":"","_relevanssi_related_keywords":"","_relevanssi_related_include_ids":"","_relevanssi_related_exclude_ids":"","_relevanssi_related_no_append":"","_relevanssi_related_not_related":"","_relevanssi_related_posts":"","_relevanssi_noindex_reason":"","inline_featured_image":false,"footnotes":""},"class_list":["post-32187","page","type-page","status-publish","has-post-thumbnail","hentry"],"acf":[],"_links":{"self":[{"href":"https:\/\/hiiumaa.ee\/de\/wp-json\/wp\/v2\/pages\/32187","targetHints":{"allow":["GET"]}}],"collection":[{"href":"https:\/\/hiiumaa.ee\/de\/wp-json\/wp\/v2\/pages"}],"about":[{"href":"https:\/\/hiiumaa.ee\/de\/wp-json\/wp\/v2\/types\/page"}],"author":[{"embeddable":true,"href":"https:\/\/hiiumaa.ee\/de\/wp-json\/wp\/v2\/users\/2"}],"replies":[{"embeddable":true,"href":"https:\/\/hiiumaa.ee\/de\/wp-json\/wp\/v2\/comments?post=32187"}],"version-history":[{"count":3,"href":"https:\/\/hiiumaa.ee\/de\/wp-json\/wp\/v2\/pages\/32187\/revisions"}],"predecessor-version":[{"id":36135,"href":"https:\/\/hiiumaa.ee\/de\/wp-json\/wp\/v2\/pages\/32187\/revisions\/36135"}],"wp:featuredmedia":[{"embeddable":true,"href":"https:\/\/hiiumaa.ee\/de\/wp-json\/wp\/v2\/media\/26434"}],"wp:attachment":[{"href":"https:\/\/hiiumaa.ee\/de\/wp-json\/wp\/v2\/media?parent=32187"}],"curies":[{"name":"wp","href":"https:\/\/api.w.org\/{rel}","templated":true}]}}