{"id":32175,"date":"2022-05-09T20:26:09","date_gmt":"2022-05-09T17:26:09","guid":{"rendered":"https:\/\/hiiumaa.ee\/soogikohad\/"},"modified":"2024-07-31T12:25:21","modified_gmt":"2024-07-31T09:25:21","slug":"gaststatte","status":"publish","type":"page","link":"https:\/\/hiiumaa.ee\/de\/gaststatte\/","title":{"rendered":"Gaststatte"},"content":{"rendered":"\r\n<h1><\/h1>\r\n<p> <\/p>\r\n\r\n\r\n\r\n<p>Art des Restaurants<\/p>\r\n<h4>Objekti t\u00fc\u00fcp<\/h4>\r\n<fieldset><legend>Objekti t\u00fc\u00fcp<\/legend> <label>Objekti t\u00fc\u00fcp<select name=\"tuup\">\r\n<option value=\"\">Alles<\/option>\r\n<option value=\"bars-pubs\">Bars &amp; Pubs\u00a0(5)<\/option>\r\n<option value=\"cafe-de\">Cafe\u00a0(12)<\/option>\r\n<option value=\"fastfood-kantinen\">Fastfood &amp; Kantinen\u00a0(2)<\/option>\r\n<option value=\"gastronomie-und-workshops\">Gastronomie und workshops\u00a0(1)<\/option>\r\n<option value=\"restaurant-de\">Restaurant\u00a0(12)<\/option>\r\n<\/select><\/label><\/fieldset>\r\n<p>Restaurants suchen<\/p>\r\n<h4>Otsing<\/h4>\r\n<fieldset><legend>Otsing<\/legend> <label> Otsing <input autocomplete=\"off\" name=\"otsing\" type=\"search\" value=\"\" placeholder=\"Nach Ort, Namen oder Stichwort suchen\u00a0\u2026\" \/> <\/label><button hidden=\"\" type=\"button\">Clear<\/button><\/fieldset>\r\n<h4>L\u00f6schen Sie die Filter<\/h4>\r\n<p><button name=\"tuhista_filtrid\" type=\"button\">L\u00f6schen Sie die Filter<\/button><\/p>\r\n","protected":false},"excerpt":{"rendered":"<p>Art des Restaurants Objekti t\u00fc\u00fcp Objekti t\u00fc\u00fcp Objekti t\u00fc\u00fcpAllesBars &amp; Pubs\u00a0(5)Cafe\u00a0(12)Fastfood &amp; Kantinen\u00a0(2)Gastronomie und workshops\u00a0(1)Restaurant\u00a0(12) Restaurants suchen Otsing Otsing Otsing Clear L\u00f6schen Sie die Filter L\u00f6schen Sie die Filter<\/p>\n","protected":false},"author":2,"featured_media":27083,"parent":0,"menu_order":0,"comment_status":"closed","ping_status":"closed","template":"","meta":{"_acf_changed":false,"_relevanssi_hide_post":"","_relevanssi_hide_content":"","_relevanssi_pin_for_all":"","_relevanssi_pin_keywords":"","_relevanssi_unpin_keywords":"","_relevanssi_related_keywords":"","_relevanssi_related_include_ids":"","_relevanssi_related_exclude_ids":"","_relevanssi_related_no_append":"","_relevanssi_related_not_related":"","_relevanssi_related_posts":"","_relevanssi_noindex_reason":"","inline_featured_image":false,"footnotes":""},"class_list":["post-32175","page","type-page","status-publish","has-post-thumbnail","hentry"],"acf":[],"_links":{"self":[{"href":"https:\/\/hiiumaa.ee\/de\/wp-json\/wp\/v2\/pages\/32175","targetHints":{"allow":["GET"]}}],"collection":[{"href":"https:\/\/hiiumaa.ee\/de\/wp-json\/wp\/v2\/pages"}],"about":[{"href":"https:\/\/hiiumaa.ee\/de\/wp-json\/wp\/v2\/types\/page"}],"author":[{"embeddable":true,"href":"https:\/\/hiiumaa.ee\/de\/wp-json\/wp\/v2\/users\/2"}],"replies":[{"embeddable":true,"href":"https:\/\/hiiumaa.ee\/de\/wp-json\/wp\/v2\/comments?post=32175"}],"version-history":[{"count":6,"href":"https:\/\/hiiumaa.ee\/de\/wp-json\/wp\/v2\/pages\/32175\/revisions"}],"predecessor-version":[{"id":75001,"href":"https:\/\/hiiumaa.ee\/de\/wp-json\/wp\/v2\/pages\/32175\/revisions\/75001"}],"wp:featuredmedia":[{"embeddable":true,"href":"https:\/\/hiiumaa.ee\/de\/wp-json\/wp\/v2\/media\/27083"}],"wp:attachment":[{"href":"https:\/\/hiiumaa.ee\/de\/wp-json\/wp\/v2\/media?parent=32175"}],"curies":[{"name":"wp","href":"https:\/\/api.w.org\/{rel}","templated":true}]}}