{"id":32161,"date":"2022-05-09T20:31:30","date_gmt":"2022-05-09T17:31:30","guid":{"rendered":"https:\/\/hiiumaa.ee\/vaatamisvaarsused\/"},"modified":"2023-05-08T15:32:58","modified_gmt":"2023-05-08T12:32:58","slug":"sehenswuerdigkeit","status":"publish","type":"page","link":"https:\/\/hiiumaa.ee\/de\/sehenswuerdigkeit\/","title":{"rendered":"Sehensw\u00fcrdigkeiten"},"content":{"rendered":"\r\n<h1><\/h1>\r\n<p> <\/p>\r\n\r\n\r\n\r\n<p>Art der Sehensw\u00fcrdigkeit<\/p>\r\n<h4>Objekti t\u00fc\u00fcp<\/h4>\r\n<fieldset><legend>Objekti t\u00fc\u00fcp<\/legend> <label>Objekti t\u00fc\u00fcp<select name=\"tuup\">\r\n<option value=\"\">Alles<\/option>\r\n<option value=\"wanderweg\">Wanderweg\u00a0(1)<\/option>\r\n<option value=\"einkaufen\">Einkaufen\u00a0(2)<\/option>\r\n<option value=\"geschichte-und-kultur\">Geschichte und Kultur\u00a0(44)<\/option>\r\n<option value=\"kunsthandwerk-und-souvenirs\">Kunsthandwerk und Souvenirs\u00a0(5)<\/option>\r\n<option value=\"museen-gallerien\">Museen &amp; Gallerien\u00a0(13)<\/option>\r\n<option value=\"natur\">Natur\u00a0(17)<\/option>\r\n<\/select><\/label><\/fieldset>\r\n<p>Sehensw\u00fcrdigkeit suchen<\/p>\r\n<h4>Otsing<\/h4>\r\n<fieldset><legend>Otsing<\/legend> <label> Otsing <input autocomplete=\"off\" name=\"otsing\" type=\"search\" value=\"\" placeholder=\"Nach Ort, Namen oder Stichwort suchen\u00a0\u2026\" \/> <\/label><button hidden=\"\" type=\"button\">Clear<\/button><\/fieldset>\r\n<h4>L\u00f6schen Sie die Filter<\/h4>\r\n<p><button name=\"tuhista_filtrid\" type=\"button\">L\u00f6schen Sie die Filter<\/button><\/p>\r\n","protected":false},"excerpt":{"rendered":"<p>Art der Sehensw\u00fcrdigkeit Objekti t\u00fc\u00fcp Objekti t\u00fc\u00fcp Objekti t\u00fc\u00fcpAllesWanderweg\u00a0(1)Einkaufen\u00a0(2)Geschichte und Kultur\u00a0(44)Kunsthandwerk und Souvenirs\u00a0(5)Museen &amp; Gallerien\u00a0(13)Natur\u00a0(17) Sehensw\u00fcrdigkeit suchen Otsing Otsing Otsing Clear L\u00f6schen Sie die Filter L\u00f6schen Sie die Filter<\/p>\n","protected":false},"author":2,"featured_media":22942,"parent":0,"menu_order":0,"comment_status":"closed","ping_status":"closed","template":"","meta":{"_acf_changed":false,"_relevanssi_hide_post":"","_relevanssi_hide_content":"","_relevanssi_pin_for_all":"","_relevanssi_pin_keywords":"","_relevanssi_unpin_keywords":"","_relevanssi_related_keywords":"","_relevanssi_related_include_ids":"","_relevanssi_related_exclude_ids":"","_relevanssi_related_no_append":"","_relevanssi_related_not_related":"","_relevanssi_related_posts":"","_relevanssi_noindex_reason":"","inline_featured_image":false,"footnotes":""},"class_list":["post-32161","page","type-page","status-publish","has-post-thumbnail","hentry"],"acf":[],"_links":{"self":[{"href":"https:\/\/hiiumaa.ee\/de\/wp-json\/wp\/v2\/pages\/32161","targetHints":{"allow":["GET"]}}],"collection":[{"href":"https:\/\/hiiumaa.ee\/de\/wp-json\/wp\/v2\/pages"}],"about":[{"href":"https:\/\/hiiumaa.ee\/de\/wp-json\/wp\/v2\/types\/page"}],"author":[{"embeddable":true,"href":"https:\/\/hiiumaa.ee\/de\/wp-json\/wp\/v2\/users\/2"}],"replies":[{"embeddable":true,"href":"https:\/\/hiiumaa.ee\/de\/wp-json\/wp\/v2\/comments?post=32161"}],"version-history":[{"count":4,"href":"https:\/\/hiiumaa.ee\/de\/wp-json\/wp\/v2\/pages\/32161\/revisions"}],"predecessor-version":[{"id":36035,"href":"https:\/\/hiiumaa.ee\/de\/wp-json\/wp\/v2\/pages\/32161\/revisions\/36035"}],"wp:featuredmedia":[{"embeddable":true,"href":"https:\/\/hiiumaa.ee\/de\/wp-json\/wp\/v2\/media\/22942"}],"wp:attachment":[{"href":"https:\/\/hiiumaa.ee\/de\/wp-json\/wp\/v2\/media?parent=32161"}],"curies":[{"name":"wp","href":"https:\/\/api.w.org\/{rel}","templated":true}]}}