{"id":32158,"date":"2022-05-16T16:09:58","date_gmt":"2022-05-16T13:09:58","guid":{"rendered":"https:\/\/hiiumaa.ee\/aktiivne-puhkus\/"},"modified":"2023-05-08T15:13:34","modified_gmt":"2023-05-08T12:13:34","slug":"aktivurlaub","status":"publish","type":"page","link":"https:\/\/hiiumaa.ee\/de\/aktivurlaub\/","title":{"rendered":"Aktivurlaub"},"content":{"rendered":"\r\n<h1><\/h1>\r\n<p> <\/p>\r\n\r\n\r\n\r\n<p>Art der aktivurlaub<\/p>\r\n<h4>Objekti t\u00fc\u00fcp<\/h4>\r\n<fieldset><legend>Objekti t\u00fc\u00fcp<\/legend> <label>Objekti t\u00fc\u00fcp<select name=\"tuup\">\r\n<option value=\"\">Alles<\/option>\r\n<option value=\"aktivitaten-abenteuer\">Aktivit\u00e4ten &amp; Abenteuer\u00a0(24)<\/option>\r\n<option value=\"kunst-und-handwerksateliers\">Kunst- und Handwerksateliers\u00a0(2)<\/option>\r\n<option value=\"natur\">Natur\u00a0(16)<\/option>\r\n<option value=\"saunen-erleben\">Saunen erleben\u00a0(5)<\/option>\r\n<option value=\"wanderweg\">Wanderweg\u00a0(10)<\/option>\r\n<\/select><\/label><\/fieldset>\r\n<p>Aktivurlaub suchen<\/p>\r\n<h4>Otsing<\/h4>\r\n<fieldset><legend>Otsing<\/legend> <label> Otsing <input autocomplete=\"off\" name=\"otsing\" type=\"search\" value=\"\" placeholder=\"Nach Ort, Namen oder Stichwort suchen\u00a0\u2026\" \/> <\/label><button hidden=\"\" type=\"button\">Clear<\/button><\/fieldset>\r\n<h4>L\u00f6schen Sie die Filter<\/h4>\r\n<p><button name=\"tuhista_filtrid\" type=\"button\">L\u00f6schen Sie die Filter<\/button><\/p>\r\n","protected":false},"excerpt":{"rendered":"<p>Art der aktivurlaub Objekti t\u00fc\u00fcp Objekti t\u00fc\u00fcp Objekti t\u00fc\u00fcpAllesAktivit\u00e4ten &amp; Abenteuer\u00a0(24)Kunst- und Handwerksateliers\u00a0(2)Natur\u00a0(16)Saunen erleben\u00a0(5)Wanderweg\u00a0(10) Aktivurlaub suchen Otsing Otsing Otsing Clear L\u00f6schen Sie die Filter L\u00f6schen Sie die Filter<\/p>\n","protected":false},"author":2,"featured_media":27176,"parent":0,"menu_order":0,"comment_status":"closed","ping_status":"closed","template":"","meta":{"_acf_changed":false,"_relevanssi_hide_post":"","_relevanssi_hide_content":"","_relevanssi_pin_for_all":"","_relevanssi_pin_keywords":"","_relevanssi_unpin_keywords":"","_relevanssi_related_keywords":"","_relevanssi_related_include_ids":"","_relevanssi_related_exclude_ids":"","_relevanssi_related_no_append":"","_relevanssi_related_not_related":"","_relevanssi_related_posts":"","_relevanssi_noindex_reason":"","inline_featured_image":false,"footnotes":""},"class_list":["post-32158","page","type-page","status-publish","has-post-thumbnail","hentry"],"acf":[],"_links":{"self":[{"href":"https:\/\/hiiumaa.ee\/de\/wp-json\/wp\/v2\/pages\/32158","targetHints":{"allow":["GET"]}}],"collection":[{"href":"https:\/\/hiiumaa.ee\/de\/wp-json\/wp\/v2\/pages"}],"about":[{"href":"https:\/\/hiiumaa.ee\/de\/wp-json\/wp\/v2\/types\/page"}],"author":[{"embeddable":true,"href":"https:\/\/hiiumaa.ee\/de\/wp-json\/wp\/v2\/users\/2"}],"replies":[{"embeddable":true,"href":"https:\/\/hiiumaa.ee\/de\/wp-json\/wp\/v2\/comments?post=32158"}],"version-history":[{"count":4,"href":"https:\/\/hiiumaa.ee\/de\/wp-json\/wp\/v2\/pages\/32158\/revisions"}],"predecessor-version":[{"id":36011,"href":"https:\/\/hiiumaa.ee\/de\/wp-json\/wp\/v2\/pages\/32158\/revisions\/36011"}],"wp:featuredmedia":[{"embeddable":true,"href":"https:\/\/hiiumaa.ee\/de\/wp-json\/wp\/v2\/media\/27176"}],"wp:attachment":[{"href":"https:\/\/hiiumaa.ee\/de\/wp-json\/wp\/v2\/media?parent=32158"}],"curies":[{"name":"wp","href":"https:\/\/api.w.org\/{rel}","templated":true}]}}